{"id":4066,"date":"2023-10-27T15:05:46","date_gmt":"2023-10-27T13:05:46","guid":{"rendered":"https:\/\/ownpowr.com\/?post_type=product&#038;p=4066"},"modified":"2025-02-27T12:52:29","modified_gmt":"2025-02-27T10:52:29","slug":"deye-micro-inverter-sun600","status":"publish","type":"product","link":"https:\/\/ownpowr.com\/fi\/product\/deye-micro-inverter-sun600-vain-laatikoittain-4-kpl\/","title":{"rendered":"Deye-mikroinvertteri-SUN600"},"content":{"rendered":"<div class=\"left column\">\n<h1>DEYE SUN600\/800\/1000G3-US-220\/EU-230 |600-1000W| Yksivaiheinen | 2 MPPT | Mikro-Invertteri | Nopea sammutus | Nopea sammutus<\/h1>\n<p>Korkeampi tuotto \/ Turvallinen \/ \u00c4lyk\u00e4s \/ K\u00e4ytt\u00e4j\u00e4yst\u00e4v\u00e4llinen<\/p>\n<div class=\"text\">\n<p>SUN 600\/800\/1000G3 on uuden sukupolven verkkoon kytketty mikroinvertteri, jossa on \u00e4lykk\u00e4\u00e4t verkko- ja valvontaj\u00e4rjestelm\u00e4t maksimaalisen tehokkuuden varmistamiseksi. SUN 600\/800\/1000G3 on optimoitu niin, ett\u00e4 se sopii tehokkaasti nykyp\u00e4iv\u00e4n suuritehoisille aurinkos\u00e4hk\u00f6moduuleille, joiden teho on jopa 500 W, ja se on varustettu kaksois-MPPT:ll\u00e4. Se tukee my\u00f6s nopeaa sammutussovellusta, mik\u00e4 takaa investointisi turvallisuuden.<\/p>\n<\/div>\n<\/div>\n<div class=\"prodet-2\">\n<div class=\"ui container\">\n<div class=\"box grid-box\">\n<div class=\"right column\">\n<h2 class=\"titleBig\">Et\u00e4pys\u00e4ytystoiminto<\/h2>\n<h4>\u00c4lyk\u00e4s valvontaj\u00e4rjestelm\u00e4<\/h4>\n<p>\u00c4lykk\u00e4\u00e4n valvonta-alustan ansiosta Deye-sarjan invertterituotteet tukevat et\u00e4n\u00e4 tapahtuvaa sammutusta v\u00e4litt\u00f6m\u00e4sti onnettomuuden sattuessa.Parametrien asettaminen ja FW-p\u00e4ivitys et\u00e4n\u00e4, mik\u00e4 helpottaa aurinkos\u00e4hk\u00f6voimalan O&amp;M-toimintoja.<\/p>\n<\/div>\n<\/div>\n<\/div>\n<\/div>\n<div class=\"prodet-3\">\n<div class=\"ui container\">\n<div class=\"box grid-box\">\n<div class=\"left column\">\n<div class=\"slick-list draggable\">\n<div class=\"slick-track\">\n<div class=\"slick-slide slick-cloned\" data-slick-index=\"-2\" aria-hidden=\"true\">\n<ul>\n<li>Moduulitason valvonta, turvallisempaa ja \u00e4lykk\u00e4\u00e4mp\u00e4\u00e4<\/li>\n<li>Max. DC-tulovirta 13A, mukautuu 500W PV-moduuliin<\/li>\n<li>Nopea sammutustoiminto<\/li>\n<li>IP67 suojausaste\uff0c10 vuoden takuu<\/li>\n<li>PLC-, Zigbee- tai WIFI-viestint\u00e4<\/li>\n<li>2 MPP-seurantalaitetta, moduulitason valvonta<\/li>\n<\/ul>\n<\/div>\n<div class=\"slick-slide slick-cloned\" data-slick-index=\"-1\" aria-hidden=\"true\">\n<div id=\"av_articleherstbezeichnung\">\n<h1 class=\"av_fontnormal\">DEYE SUN600<\/h1>\n<\/div>\n<div id=\"av_articletext\" class=\"clearfix\"><span class=\"artbesch\">Pieni invertteri, jossa on korkea suorituskyky<br \/>\n\u00c4lyk\u00e4s mikroinvertteri kotiverkkoon sy\u00f6tt\u00e4mist\u00e4 varten. T\u00e4m\u00e4 invertteri on helppo asentaa ja konfiguroida. Siihen voidaan asentaa l\u00e4hes kaikkien valmistajien aurinkopaneelit. Ihanteellinen pieniin aurinkoj\u00e4rjestelmiin esim. parvekkeilla, puutarhataloissa, autotalleissa tai alueilla, joilla on varjostusta.<\/span><b>Toimitus t\u00e4ll\u00e4 hetkell\u00e4 ilman Betteri-kytkint\u00e4 ja korkkia! Tilaa suoraan<\/b><\/p>\n<ul type=\"disc\">\n<li>Liit\u00e4nn\u00e4t: WiFi<\/li>\n<li>kompakti rakenne<\/li>\n<li>Asennus ulkona, suoraan aurinkomoduulin p\u00e4\u00e4lle<\/li>\n<li>J\u00e4\u00e4hdytys konvektiolla<\/li>\n<li>Maksimitehopisteen seuranta (MPPT)<\/li>\n<li>nopea k\u00e4ynnistystoiminto jopa 12 sekuntia<\/li>\n<li>turvallinen nopean sammutustoiminnon ansiosta<\/li>\n<li>Maasulun valvonta<\/li>\n<li>Verkon valvonta<\/li>\n<li>vikavirran valvonta<\/li>\n<li>Suojausluokka IP 67<\/li>\n<\/ul>\n<p>&nbsp;<\/p>\n<p><b>\u00c4lyk\u00e4s seuranta:<\/b><br \/>\nSeuraa onnistumisia milloin tahansa! Integroidun WLAN-liit\u00e4nn\u00e4n avulla voit integroida t\u00e4m\u00e4n taajuusmuuttajan verkkoon.<br \/>\nP\u00e4\u00e4sy SOLARMAN-sovelluksen kautta on mahdollista \u00e4lypuhelimella tai tabletilla. Lis\u00e4ksi selainpohjainen k\u00e4ytt\u00f6 on mahdollista p\u00e4\u00e4telaitteellasi.<\/p>\n<p><b>MPPT-seuranta:<\/b><br \/>\nMaksimaalinen sato kaikissa s\u00e4\u00e4olosuhteissa. Olipa s\u00e4\u00e4 huono tai osittain varjossa, moderni tekniikka ja invertterin uusin merkkijonotekniikka takaavat optimaalisen sadon.<\/p>\n<p><b>Helposti laajennettavissa:<\/b><br \/>\nJ\u00e4rjestelm\u00e4\u00e4, jossa on t\u00e4m\u00e4 mikroinvertteri, voidaan milloin tahansa laajentaa uusilla mikroinverttereill\u00e4. Lis\u00e4invertteri kytket\u00e4\u00e4n yksinkertaisesti olemassa olevaan mikroinvertteriin Betteri-pistokkeella.<\/p>\n<p><b>Sertifioitu VDE:n mukaisesti:<\/b><br \/>\nMikroinvertteri on sertifioitu VDE-AR-N-4105:2018 mukaisesti, ja sit\u00e4 voidaan k\u00e4ytt\u00e4\u00e4 Saksassa. Se sis\u00e4lt\u00e4\u00e4 NA-suojan, kytkeytyy v\u00e4litt\u00f6m\u00e4sti pois p\u00e4\u00e4lt\u00e4, kun se irrotetaan s\u00e4hk\u00f6verkosta.<\/p>\n<p><b>WLAN:<\/b><br \/>\nMikroinvertteriin on integroitu WLAN-moduuli. T\u00e4m\u00e4 tarkoittaa, ett\u00e4 yhteyden muodostamiseen ei tarvita ylim\u00e4\u00e4r\u00e4ist\u00e4 laitteistoa. SOLARMAN-sovelluksen avulla voit seurata tuottojasi suorassa l\u00e4hetyksess\u00e4 ja visualisoida ja analysoida niit\u00e4 graafisesti. WLAN-salasana Deye-invertterille on \"12345678\", ja se on sy\u00f6tett\u00e4v\u00e4 kerran Solarman-sovellukseen integroinnin yhteydess\u00e4. Energiamittaukseen ei tarvita muita laitteita!<\/p>\n<p><b>Asennus:<\/b><br \/>\nTaajuusmuuttajalla on IP 67 -luokitus, ja se on eritt\u00e4in kest\u00e4v\u00e4 ja kest\u00e4v\u00e4. Vaihtosuuntaaja asennetaan yksinkertaisesti ulkotiloihin aurinkomoduulin kanssa.<\/p>\n<p><b>AC-liit\u00e4nt\u00e4:<\/b><br \/>\nTaloverkkoon liitt\u00e4mist\u00e4 varten laitteen puolella on Betteri-pistoke, joka on vapaasti asennettavissa.<\/p>\n<p><b>DC-tulo - aurinkopuoli:<\/b><br \/>\nOttoteho: 210 Watt - 400 Watt<br \/>\nMax. Tuloj\u00e4nnite: 60 V DC<br \/>\nMax. Tulovirta: 16 A<br \/>\nMPP-ohjaus: Kyll\u00e4<br \/>\nDC-liit\u00e4nn\u00e4t: Kyll\u00e4<br \/>\nYhteys: MC4<\/p>\n<p><b>AC-l\u00e4ht\u00f6 - Verkkol\u00e4ht\u00f6:<\/b><br \/>\nNimellisteho: 600 wattia (230 V\/50 Hz)<br \/>\nNimellinen l\u00e4ht\u00f6j\u00e4nnite: 230 V<br \/>\nL\u00e4ht\u00f6virta: max. 2.9 A<br \/>\nYhteys: Betteri<\/p>\n<p><b>Laite:<\/b><br \/>\nMitat (KxSxK): 229 x 212 x 40 mm<br \/>\nPaino: 3,5 kg<br \/>\nY\u00f6kulutus: &lt; 50 mW<\/p>\n<p><b>Toimituksen laajuus:<\/b><br \/>\n1x SUN600<br \/>\n1x WLAN-antenni<br \/>\n1x k\u00e4ytt\u00f6ohje (englanti)<\/p>\n<p><b>T\u00e4rke\u00e4\u00e4:<\/b><br \/>\nVoimajohtojen \/ taloliit\u00e4nt\u00e4johtojen konfiguroinnissa ja mukauttamisessa suosittelemme, ett\u00e4 otat aina yhteytt\u00e4 ammattitaitoiseen henkil\u00f6kuntaan. Yritys reichelt elektronik GmbH &amp; Co. KG ei ota mit\u00e4\u00e4n vastuuta. Informoidu ennen ostoa ja kytkent\u00e4\u00e4.<\/p>\n<div id=\"clipvideo\"><strong>Lis\u00e4tietoja:<\/strong><\/div>\n<div><a href=\"https:\/\/storeyourownpower.com\/wp-content\/uploads\/2022\/12\/Datasheet-English-microinverter.pdf\" target=\"_blank\" rel=\"noopener\">Tietolehti englanninkielinen mikroinvertteri<\/a><\/div>\n<div><a href=\"https:\/\/storeyourownpower.com\/wp-content\/uploads\/2022\/12\/User-Manual-Deye-microinverter.pdf\" target=\"_blank\" rel=\"noopener\">K\u00e4ytt\u00f6ohje Deye mikroinvertteri<\/a><\/div>\n<\/div>\n<\/div>\n<\/div>\n<\/div>\n<\/div>\n<\/div>\n<\/div>\n<\/div>","protected":false},"excerpt":{"rendered":"<p>DEYE SUN600\/800\/1000G3-US-220\/EU-230 |600-1000W| Yksivaiheinen | 2 MPPT | Mikro-Invertteri | Nopea sammutus Korkeampi tuotto \/ Turvallinen \/ \u00c4lyk\u00e4s \/ K\u00e4ytt\u00e4j\u00e4yst\u00e4v\u00e4llinen SUN 600\/800\/1000G3 on uuden sukupolven verkkoon kytketty mikroinvertteri, jossa on [...]<\/p>","protected":false},"featured_media":4069,"template":"","meta":{"_seopress_robots_primary_cat":"none","_seopress_titles_title":"DEYE SUN600\/800\/1000G3-US-220\/EU-230 |600-1000W| Single Phase | 2 MPPT | Micro-Inverter | Rapid Shutdown","_seopress_titles_desc":"Get the DEYE SUN600\/800\/1000G3 microinverter for maximum efficiency and safe solar energy production. Supports rapid shutdown and smart monitoring.","_seopress_robots_index":"","_kad_blocks_custom_css":"","_kad_blocks_head_custom_js":"","_kad_blocks_body_custom_js":"","_kad_blocks_footer_custom_js":""},"product_cat":[18],"product_tag":[],"class_list":{"0":"post-4066","1":"product","2":"type-product","3":"status-publish","4":"has-post-thumbnail","6":"product_cat-hybrid-inverters","8":"first","9":"instock","10":"sale","11":"taxable","12":"shipping-taxable","13":"purchasable","14":"product-type-simple"},"taxonomy_info":{"product_cat":[{"value":18,"label":"Hybrid inverters"}]},"featured_image_src_large":["https:\/\/ownpowr.com\/wp-content\/uploads\/2023\/10\/deye-microinveretr.webp",420,420,false],"author_info":[],"comment_info":"","_links":{"self":[{"href":"https:\/\/ownpowr.com\/fi\/wp-json\/wp\/v2\/product\/4066","targetHints":{"allow":["GET"]}}],"collection":[{"href":"https:\/\/ownpowr.com\/fi\/wp-json\/wp\/v2\/product"}],"about":[{"href":"https:\/\/ownpowr.com\/fi\/wp-json\/wp\/v2\/types\/product"}],"wp:featuredmedia":[{"embeddable":true,"href":"https:\/\/ownpowr.com\/fi\/wp-json\/wp\/v2\/media\/4069"}],"wp:attachment":[{"href":"https:\/\/ownpowr.com\/fi\/wp-json\/wp\/v2\/media?parent=4066"}],"wp:term":[{"taxonomy":"product_cat","embeddable":true,"href":"https:\/\/ownpowr.com\/fi\/wp-json\/wp\/v2\/product_cat?post=4066"},{"taxonomy":"product_tag","embeddable":true,"href":"https:\/\/ownpowr.com\/fi\/wp-json\/wp\/v2\/product_tag?post=4066"}],"curies":[{"name":"wp","href":"https:\/\/api.w.org\/{rel}","templated":true}]}}