{"id":422,"date":"2023-10-04T16:42:56","date_gmt":"2023-10-04T14:42:56","guid":{"rendered":"https:\/\/ownpowr.com\/product\/pylontech-force-h1-14-21\/"},"modified":"2025-03-27T12:56:25","modified_gmt":"2025-03-27T10:56:25","slug":"pylontech-force-h1-14-21","status":"publish","type":"product","link":"https:\/\/ownpowr.com\/fi\/product\/pylontech-force-h1-14-21\/","title":{"rendered":"Pylontech voima H1 14.21 V2"},"content":{"rendered":"<p>Esittelyss\u00e4 Pylontech Force H1 14,21 kWh:n suurj\u00e4nniteakkumoduuli:<\/p>\n<p><strong>T\u00e4rkeimm\u00e4t ominaisuudet:<\/strong><\/p>\n<ul>\n<li><strong>Akun kokoonpano:<\/strong> 4 x Force H1 3,55 kWh -moduuli + 1 x BMU Force H1 Base -yksikk\u00f6 (BMU)<\/li>\n<li><strong>K\u00e4ytett\u00e4viss\u00e4 oleva kokonaiskapasiteetti:<\/strong> 14,21 kWh<\/li>\n<li><strong>Vertikaalinen teollinen integraatio:<\/strong> Tarjoaa yli 6000 sykli\u00e4 90%-purkaussyvyydell\u00e4 (DoD), mik\u00e4 takaa pitk\u00e4aikaisen suorituskyvyn.<\/li>\n<li><strong>Modulaarinen rakenne:<\/strong> Loppuasiakkaat voivat valita haluamansa kapasiteetin, joten se skaalautuu joustavasti.<\/li>\n<li><strong>Yhteensopivuus:<\/strong> Yhteensopiva useimpien saatavilla olevien hybridivaihtosuuntaajien kanssa, mik\u00e4 takaa saumattoman integroinnin olemassa oleviin j\u00e4rjestelmiin.<\/li>\n<li><strong>Pika-asennus:<\/strong> Minimoi asennusaikaa ja -kustannuksia ja tehostaa asennusprosessia.<\/li>\n<li><strong>Monipuolinen muotoilu:<\/strong> Soveltuu sek\u00e4 sis\u00e4- ett\u00e4 ulkoasennuksiin ja tarjoaa joustavuutta sijoittelussa.<\/li>\n<\/ul>\n<p><strong>Tuotteen kuvaus: Tuotteen kuvaus: Tuotteen kuvaus: Tuotteen kuvaus: Tuotteen kuvaus: Tuotteen kuvaus:<\/strong><\/p>\n<p>Pylontech Force H1 on uusin HESS-akkumoduuli (High Energy Storage System), joka on suunniteltu vastaamaan loppuk\u00e4ytt\u00e4jien kehittyviin tarpeisiin. Se sis\u00e4lt\u00e4\u00e4 useita keskeisi\u00e4 ominaisuuksia, jotka erottavat sen muista:<\/p>\n<ul>\n<li><strong>Pitk\u00e4 k\u00e4ytt\u00f6ik\u00e4:<\/strong> \"Long life\" -ominaisuus takaa j\u00e4rjestelm\u00e4n kest\u00e4vyyden, joten se on luotettava valinta pitk\u00e4aikaisiin energiavarastointitarpeisiin.<\/li>\n<li><strong>Korkea energia- ja tehotiheys:<\/strong> Force H1:ss\u00e4 on alan suurin energia- ja tehotiheys, joka maksimoi energian varastointikapasiteetin kompaktissa rakenteessa.<\/li>\n<li><strong>Asennuksen helppous:<\/strong> J\u00e4rjestelm\u00e4 on suunniteltu helposti asennettavaksi ja laajennettavaksi, mik\u00e4 yksinkertaistaa loppuk\u00e4ytt\u00e4jien k\u00e4ytt\u00f6\u00f6nottoprosessia.<\/li>\n<li><strong>Skaalautuvuus:<\/strong> K\u00e4ytt\u00e4j\u00e4t voivat aloittaa vain 2 Force H1 -akkumoduulilla ja laajentaa sit\u00e4 lis\u00e4\u00e4m\u00e4ll\u00e4 my\u00f6hemmin lis\u00e4\u00e4 moduuleja, mik\u00e4 tarjoaa skaalautuvuutta muuttuvien energiavaatimusten t\u00e4ytt\u00e4miseksi.<\/li>\n<li><strong>Valmistajan takuu:<\/strong> Tuotteella on 10 vuoden valmistajan takuu, joka takaa mielenrauhan ja tuotteen luotettavuuden. Takuun aktivoiminen edellytt\u00e4\u00e4 rekister\u00f6inti\u00e4, ja yksityiskohdat l\u00f6ytyv\u00e4t valmistajan verkkosivustolta.<\/li>\n<\/ul>\n<p>Pylontech Force H1 on ihanteellinen valinta asuin- ja kaupallisiin energiavarastoratkaisuihin. Sen monipuolinen rakenne, korkea suorituskyky ja skaalautuvuus tekev\u00e4t siit\u00e4 arvokkaan lis\u00e4n mihin tahansa energianhallintaj\u00e4rjestelm\u00e4\u00e4n. Force H1 tarjoaa luotettavan ja tehokkaan energiavarastointiratkaisun riippumatta siit\u00e4, k\u00e4ytet\u00e4\u00e4nk\u00f6 sit\u00e4 varavoimanl\u00e4hteen\u00e4 katkosten aikana vai energiankulutuksen optimoimiseksi.<\/p>\n<p><a href=\"https:\/\/storeyourownpower.com\/wp-content\/uploads\/2022\/10\/Datasheet-English-2.pdf\" target=\"_blank\" rel=\"noopener\">Tietolehti englanti<\/a><br \/>\n<a href=\"https:\/\/storeyourownpower.com\/wp-content\/uploads\/2022\/10\/Compatibility-list-English.pdf\" target=\"_blank\" rel=\"noopener\">Yhteensopivuusluettelo Englanti<\/a><br \/>\n<a href=\"https:\/\/storeyourownpower.com\/wp-content\/uploads\/2022\/10\/Operation-manual-English.pdf\" target=\"_blank\" rel=\"noopener\">K\u00e4ytt\u00f6opas englanniksi<\/a><br \/>\n<a href=\"https:\/\/storeyourownpower.com\/wp-content\/uploads\/2022\/10\/Consumer-Warranty.pdf\" target=\"_blank\" rel=\"noopener\">Kuluttajatakuu<\/a><\/p>","protected":false},"excerpt":{"rendered":"<p>Esittelyss\u00e4 Pylontech Force H1 14,21 kWh:n suurj\u00e4nniteakkumoduuli: T\u00e4rkeimm\u00e4t ominaisuudet: Akkujen kokoonpano: Akkujen kokoonpano: Akkujen kokoonpano: 4 x Force H1 3,55 kWh moduulit + 1 x BMU Force H1 Base Yhteens\u00e4 [...]<\/p>","protected":false},"featured_media":423,"template":"","meta":{"_seopress_robots_primary_cat":"none","_seopress_titles_title":"Pylontech Force H1 14.21kWh Battery Module - High Voltage for Energy Storage","_seopress_titles_desc":"Discover the latest HESS battery system from Pylontech with long life, high energy density, and easy installation. Scale up with modular design and enjoy a 10-year warranty.","_seopress_robots_index":"","_kad_blocks_custom_css":"","_kad_blocks_head_custom_js":"","_kad_blocks_body_custom_js":"","_kad_blocks_footer_custom_js":""},"product_cat":[17],"product_tag":[],"class_list":{"0":"post-422","1":"product","2":"type-product","3":"status-publish","4":"has-post-thumbnail","6":"product_cat-home-batteries","8":"first","9":"instock","10":"sale","11":"taxable","12":"shipping-taxable","13":"purchasable","14":"product-type-simple"},"taxonomy_info":{"product_cat":[{"value":17,"label":"Home batteries"}]},"featured_image_src_large":["https:\/\/ownpowr.com\/wp-content\/uploads\/2022\/11\/Pylontech-Force-H1-10499-img.jpg",553,379,false],"author_info":[],"comment_info":"","_links":{"self":[{"href":"https:\/\/ownpowr.com\/fi\/wp-json\/wp\/v2\/product\/422","targetHints":{"allow":["GET"]}}],"collection":[{"href":"https:\/\/ownpowr.com\/fi\/wp-json\/wp\/v2\/product"}],"about":[{"href":"https:\/\/ownpowr.com\/fi\/wp-json\/wp\/v2\/types\/product"}],"wp:featuredmedia":[{"embeddable":true,"href":"https:\/\/ownpowr.com\/fi\/wp-json\/wp\/v2\/media\/423"}],"wp:attachment":[{"href":"https:\/\/ownpowr.com\/fi\/wp-json\/wp\/v2\/media?parent=422"}],"wp:term":[{"taxonomy":"product_cat","embeddable":true,"href":"https:\/\/ownpowr.com\/fi\/wp-json\/wp\/v2\/product_cat?post=422"},{"taxonomy":"product_tag","embeddable":true,"href":"https:\/\/ownpowr.com\/fi\/wp-json\/wp\/v2\/product_tag?post=422"}],"curies":[{"name":"wp","href":"https:\/\/api.w.org\/{rel}","templated":true}]}}