{"id":429,"date":"2023-10-04T16:42:58","date_gmt":"2023-10-04T14:42:58","guid":{"rendered":"https:\/\/ownpowr.com\/product\/pylontech-force-h1-3-55kwh-battery\/"},"modified":"2025-03-27T12:51:37","modified_gmt":"2025-03-27T10:51:37","slug":"pylontech-force-h1-3-55kwh-battery","status":"publish","type":"product","link":"https:\/\/ownpowr.com\/fi\/product\/pylontech-force-h1-3-55kwh-akku\/","title":{"rendered":"Pylontech force H1 3,55 kWh akku V2"},"content":{"rendered":"<h3>Pylontech Force H1 3.55kWh akkumoduuli - korkea j\u00e4nnite Pylontech Force H1 3.55kWh akkumoduuli - korkea j\u00e4nnite<\/h3>\n<p>Force H1 on uusin Pylontech:n toimittama HESS-akkuj\u00e4rjestelm\u00e4. \"Pitk\u00e4 k\u00e4ytt\u00f6ik\u00e4\", alan korkein energia- ja tehotiheys, muodikas muotoilu, asennuksen ja laajennuksen helppous heijastavat loppuk\u00e4ytt\u00e4jien todellisia vaatimuksia ja Pylontech:n vahvinta teknist\u00e4 kapasiteettia.<\/p>\n<p>Pylontech Force H1 3,55 kWh:n akkumoduuli 1 Force H1 -pinon kokoamiseen 2-7 Force H1 -akkumoduulista sarjaan, jotta saavutetaan 7,1-24,86 kWh:n k\u00e4ytt\u00f6kapasiteetti. Mahdollisuus skaalautua lis\u00e4\u00e4m\u00e4ll\u00e4 Force H1 -moduuleja my\u00f6hemmin.<\/p>\n<p>\u2714 Vertikaalinen teollinen integraatio tarjoaa yli 6000 sykli\u00e4 90% DoD:n kanssa.<\/p>\n<p>\u2714 Modulaarinen rakenne antaa loppuasiakkaille mahdollisuuden valita kapasiteetin<\/p>\n<p>\u2714 Yhteensopiva useimpien saatavilla olevien hybridivaihtosuuntaajien kanssa<\/p>\n<p>\u2714 Pikaliit\u00e4nt\u00e4 minimoi asennusaikaa ja -kustannuksia<\/p>\n<p>\u2714 Mukava muotoilu - sopii sek\u00e4 sis\u00e4- ett\u00e4 ulkoasennukseen<\/p>\n<p>*10 vuoden valmistajan takuu onnistuneen rekister\u00f6innin j\u00e4lkeen osoitteessa <a href=\"http:\/\/en.pylontech.com.cn\/service\/support\">http:\/\/en.pylontech.com.cn\/service\/support<\/a> ja t\u00e4h\u00e4n tuotteeseen linkitetyss\u00e4 \"Rajoitettu takuu\" -asiakirjassa mainittujen ehtojen mukaisesti.<\/p>\n<p><a href=\"https:\/\/storeyourownpower.com\/wp-content\/uploads\/2022\/10\/Datasheet-English-2.pdf\" target=\"_blank\" rel=\"noopener\">Tietolehti englanti<\/a><br \/>\n<a href=\"https:\/\/storeyourownpower.com\/wp-content\/uploads\/2022\/10\/Compatibility-list-English.pdf\" target=\"_blank\" rel=\"noopener\">Yhteensopivuusluettelo Englanti<\/a><br \/>\n<a href=\"https:\/\/storeyourownpower.com\/wp-content\/uploads\/2022\/10\/Operation-manual-English.pdf\" target=\"_blank\" rel=\"noopener\">K\u00e4ytt\u00f6opas englanniksi<\/a><br \/>\n<a href=\"https:\/\/storeyourownpower.com\/wp-content\/uploads\/2022\/10\/Consumer-Warranty.pdf\" target=\"_blank\" rel=\"noopener\">Kuluttajatakuu<\/a><\/p>","protected":false},"excerpt":{"rendered":"<p>Pylontech Force H1 3,55 kWh akkumoduuli - korkea j\u00e4nnite Force H1 on uusin Pylontech:n toimittama HESS-akkuj\u00e4rjestelm\u00e4. \"Pitk\u00e4ik\u00e4inen\" luonne, korkein energia ja teho [...].<\/p>","protected":false},"featured_media":430,"template":"","meta":{"_seopress_robots_primary_cat":"none","_seopress_titles_title":"Pylontech Force H1 3.55kWh Battery Module - High Voltage","_seopress_titles_desc":"The latest HESS battery system with industry-leading features. Easily expandable, high energy density, and compatible with most hybrid inverters. 10-year warranty.","_seopress_robots_index":"","_kad_blocks_custom_css":"","_kad_blocks_head_custom_js":"","_kad_blocks_body_custom_js":"","_kad_blocks_footer_custom_js":""},"product_cat":[17],"product_tag":[],"class_list":{"0":"post-429","1":"product","2":"type-product","3":"status-publish","4":"has-post-thumbnail","6":"product_cat-home-batteries","8":"first","9":"instock","10":"sale","11":"taxable","12":"shipping-taxable","13":"purchasable","14":"product-type-simple"},"taxonomy_info":{"product_cat":[{"value":17,"label":"Home batteries"}]},"featured_image_src_large":["https:\/\/ownpowr.com\/wp-content\/uploads\/2022\/11\/Pylontech-Force-H1-3.55kWh-Battery-Module-10484-img.png",553,347,false],"author_info":[],"comment_info":"","_links":{"self":[{"href":"https:\/\/ownpowr.com\/fi\/wp-json\/wp\/v2\/product\/429","targetHints":{"allow":["GET"]}}],"collection":[{"href":"https:\/\/ownpowr.com\/fi\/wp-json\/wp\/v2\/product"}],"about":[{"href":"https:\/\/ownpowr.com\/fi\/wp-json\/wp\/v2\/types\/product"}],"wp:featuredmedia":[{"embeddable":true,"href":"https:\/\/ownpowr.com\/fi\/wp-json\/wp\/v2\/media\/430"}],"wp:attachment":[{"href":"https:\/\/ownpowr.com\/fi\/wp-json\/wp\/v2\/media?parent=429"}],"wp:term":[{"taxonomy":"product_cat","embeddable":true,"href":"https:\/\/ownpowr.com\/fi\/wp-json\/wp\/v2\/product_cat?post=429"},{"taxonomy":"product_tag","embeddable":true,"href":"https:\/\/ownpowr.com\/fi\/wp-json\/wp\/v2\/product_tag?post=429"}],"curies":[{"name":"wp","href":"https:\/\/api.w.org\/{rel}","templated":true}]}}