{"id":441,"date":"2022-11-11T10:09:58","date_gmt":"2022-11-11T08:09:58","guid":{"rendered":"https:\/\/ownpowr.com\/product\/solax-triple-power-battery-t30\/"},"modified":"2025-07-21T08:10:39","modified_gmt":"2025-07-21T06:10:39","slug":"solax-triple-power-battery-t30","status":"publish","type":"product","link":"https:\/\/ownpowr.com\/fi\/product\/solax-kolminkertainen-tehoakku-t30\/","title":{"rendered":"SolaX Power Triple Power 3.0 3kWh SolarStorage - aurinkovarasto"},"content":{"rendered":"<p>Solax kolminkertainen tehoakku T30 3,0 kWh V2 on vain akku ilman akunhallintaj\u00e4rjestelm\u00e4\u00e4.<\/p>\n<p>Tietoja:<\/p>\n<p>Nimelliskapasiteetti (kWh): 3.1<br \/>\nHy\u00f6tys\u00e4hk\u00f6 (kWh): 2.79<br \/>\nMax. Teho (kW): 3.1<br \/>\nJ\u00e4nnite (V): 102.4<br \/>\nMax. Latausvirta (A): 30<br \/>\nMax. Purkuvirta (A): 30<\/p>\n<p><a href=\"https:\/\/storeyourownpower.com\/wp-content\/uploads\/2022\/08\/Datasheet-English.pdf\" target=\"_blank\" rel=\"noopener\">Tietolehti englanti<\/a><br \/>\n<a href=\"https:\/\/storeyourownpower.com\/wp-content\/uploads\/2022\/08\/Datasheet-German.pdf\" target=\"_blank\" rel=\"noopener\">Tietolehti saksaa<\/a><br \/>\n<a href=\"https:\/\/storeyourownpower.com\/wp-content\/uploads\/2022\/08\/Mounting-instructions-English.pdf\" target=\"_blank\" rel=\"noopener\">Asennusohjeet englanti<\/a><br \/>\n<a href=\"https:\/\/storeyourownpower.com\/wp-content\/uploads\/2022\/08\/Mounting-instructions-German.pdf\" target=\"_blank\" rel=\"noopener\">Asennusohjeet saksaksi<\/a><br \/>\n<a href=\"https:\/\/storeyourownpower.com\/wp-content\/uploads\/2022\/08\/Operations-manual-English.pdf\" target=\"_blank\" rel=\"noopener\">K\u00e4ytt\u00f6opas englanniksi<\/a><br \/>\n<a href=\"https:\/\/storeyourownpower.com\/wp-content\/uploads\/2022\/08\/Operations-manual-German.pdf\" target=\"_blank\" rel=\"noopener\">K\u00e4ytt\u00f6ohje saksaksi<\/a><br \/>\n<a href=\"https:\/\/storeyourownpower.com\/wp-content\/uploads\/2022\/08\/Warranty-terms-English.pdf\" target=\"_blank\" rel=\"noopener\">Takuuehdot Englanti<\/a><\/p>","protected":false},"excerpt":{"rendered":"<p>Solax kolminkertainen tehoakku T30 3,0 kWh V2 on vain akku ilman akunhallintaj\u00e4rjestelm\u00e4\u00e4. Tietoja: Nimelliskapasiteetti (kWh): 3,1 Hy\u00f6tyteho (kWh): 2,79 Max. Teho (kW): [...]<\/p>","protected":false},"featured_media":442,"template":"","meta":{"_seopress_robots_primary_cat":"none","_seopress_titles_title":"","_seopress_titles_desc":"","_seopress_robots_index":"","_kad_blocks_custom_css":"","_kad_blocks_head_custom_js":"","_kad_blocks_body_custom_js":"","_kad_blocks_footer_custom_js":""},"product_cat":[17],"product_tag":[],"class_list":{"0":"post-441","1":"product","2":"type-product","3":"status-publish","4":"has-post-thumbnail","6":"product_cat-home-batteries","8":"first","9":"outofstock","10":"sale","11":"taxable","12":"shipping-taxable","13":"purchasable","14":"product-type-simple"},"taxonomy_info":{"product_cat":[{"value":17,"label":"Home batteries"}]},"featured_image_src_large":["https:\/\/ownpowr.com\/wp-content\/uploads\/2022\/11\/huts.jpeg",600,540,false],"author_info":[],"comment_info":"","_links":{"self":[{"href":"https:\/\/ownpowr.com\/fi\/wp-json\/wp\/v2\/product\/441","targetHints":{"allow":["GET"]}}],"collection":[{"href":"https:\/\/ownpowr.com\/fi\/wp-json\/wp\/v2\/product"}],"about":[{"href":"https:\/\/ownpowr.com\/fi\/wp-json\/wp\/v2\/types\/product"}],"wp:featuredmedia":[{"embeddable":true,"href":"https:\/\/ownpowr.com\/fi\/wp-json\/wp\/v2\/media\/442"}],"wp:attachment":[{"href":"https:\/\/ownpowr.com\/fi\/wp-json\/wp\/v2\/media?parent=441"}],"wp:term":[{"taxonomy":"product_cat","embeddable":true,"href":"https:\/\/ownpowr.com\/fi\/wp-json\/wp\/v2\/product_cat?post=441"},{"taxonomy":"product_tag","embeddable":true,"href":"https:\/\/ownpowr.com\/fi\/wp-json\/wp\/v2\/product_tag?post=441"}],"curies":[{"name":"wp","href":"https:\/\/api.w.org\/{rel}","templated":true}]}}