{"id":4519,"date":"2023-11-01T11:34:21","date_gmt":"2023-11-01T09:34:21","guid":{"rendered":"https:\/\/ownpowr.com\/?post_type=product&#038;p=4519"},"modified":"2026-04-16T13:25:20","modified_gmt":"2026-04-16T11:25:20","slug":"deye-gb-lm4-0-battery-module","status":"publish","type":"product","link":"https:\/\/ownpowr.com\/fi\/product\/deye-gb-lm4-0-akkumoduuli\/","title":{"rendered":"Deye GB-LM4.0 akkumoduuli"},"content":{"rendered":"<p>Deye GB-LM4.0 -korkeaj\u00e4nniteakkumoduuli on pinottavissa (ks. datalehti) GB-SL- ja GB-L-sarjoihin.<\/p>\n<p>GB-LM4.0 Akkumoduuli klusterin korkeaj\u00e4nniteakkuun GB-L 4kWh (HV) LiFePO4 | 40ah aurinkoakku<br \/>\n<strong>Turvallisuus ja turvatoimet<\/strong><br \/>\nSis\u00e4\u00e4nrakennettu r\u00e4j\u00e4hdyspoistolaite kaasun poistamiseksi ja sis\u00e4\u00e4nrakennettu palontorjuntalaite palonl\u00e4hteen sammuttamiseksi 3 sekunniksi.<br \/>\n<strong>Korkeaj\u00e4nnitepino<\/strong><br \/>\nModuulit kytket\u00e4\u00e4n sarjaan ilman kaapeliliit\u00e4nt\u00e4\u00e4, ja suurj\u00e4nnitealusta parantaa j\u00e4rjestelm\u00e4n tehokkuutta.<br \/>\n<strong>L\u00e4mm\u00f6nhallinta<\/strong><br \/>\nKeskeisten osien, kennojen, virtaliittimien jne. l\u00e4mp\u00f6tilan havaitseminen.<br \/>\n<strong>Toiminta laajalla l\u00e4mp\u00f6tila-alueella<\/strong><br \/>\nL\u00e4mmitystoiminto on valinnainen, jotta se vastaa matalan l\u00e4mp\u00f6tilan ja nosense-sovellustilanteita.<br \/>\n<strong>Ymp\u00e4rist\u00f6yst\u00e4v\u00e4llisyys<\/strong><br \/>\nIP-suojausluokka 65, korroosiosuojausluokka \u2265C2, ymp\u00e4rist\u00f6nsuojeluakku<br \/>\n<strong>\u00c4lyk\u00e4s ja visuaalinen<\/strong><br \/>\nTukee et\u00e4p\u00e4ivityst\u00e4, reaaliaikaisia akun varoitustietoja ja LCD-tieton\u00e4ytt\u00f6\u00e4.<\/p>\n<p>Yleisi\u00e4 tietoja:<\/p>\n<p>Paristotyyppi: Akun tyyppi: LiFePO4 (LFP)<br \/>\nNimellisj\u00e4nnite: 102.4Vdc<br \/>\nNimelliskapasiteetti: 40Ah<br \/>\nNimellinen energia: 4.09kWh<br \/>\nMax. Lataus-\/purkausvirta: 40A<br \/>\nHuippulataus-\/purkausvirta: 50A<br \/>\nLatausl\u00e4mp\u00f6tila: 0~55\u00b0C<br \/>\nPurkausl\u00e4mp\u00f6tila: -20\u00b0C~55\u00b0C<br \/>\nS\u00e4ilytysl\u00e4mp\u00f6tila: ~ 35\u00b0C<br \/>\nTunkeutumissuojaus: IP65<br \/>\nMitat (L\/T\/H): 540*385*220mm<br \/>\nPaino noin: 39kg<\/p>\n<p><a href=\"https:\/\/ownpowr.com\/wp-content\/uploads\/2023\/11\/datasheet-gb-sl-eu.pdf\" target=\"_blank\" rel=\"noopener\">Tietolehti GB-SL-EU<\/a><\/p>\n<p>&nbsp;<\/p>","protected":false},"excerpt":{"rendered":"<p>Deye GB-LM4.0 -korkeaj\u00e4nniteakkumoduuli on pinottavissa (ks. datalehti) GB-SL- ja GB-L-sarjoihin. GB-LM4.0 Akkumoduuli klusterin korkeaj\u00e4nniteakkuun GB-L 4kWh (HV) LiFePO4 [...]<\/p>","protected":false},"featured_media":4528,"template":"","meta":{"_seopress_robots_primary_cat":"none","_seopress_titles_title":"Deye GB-LM4.0 High Voltage, Stackable LiFePO4 Battery Module","_seopress_titles_desc":"Discover the stackable high-voltage GB-LM4.0 battery module by Deye featuring LiFePO4(LFP) type, 102.4Vdc voltage, 40Ah capacity, and 4.09kWh energy.","_seopress_robots_index":"","_kad_blocks_custom_css":"","_kad_blocks_head_custom_js":"","_kad_blocks_body_custom_js":"","_kad_blocks_footer_custom_js":""},"product_cat":[17],"product_tag":[],"class_list":{"0":"post-4519","1":"product","2":"type-product","3":"status-publish","4":"has-post-thumbnail","6":"product_cat-home-batteries","8":"first","9":"instock","10":"sale","11":"taxable","12":"shipping-taxable","13":"purchasable","14":"product-type-simple"},"taxonomy_info":{"product_cat":[{"value":17,"label":"Home batteries"}]},"featured_image_src_large":["https:\/\/ownpowr.com\/wp-content\/uploads\/2023\/11\/gb-lm4.0.jpg",550,322,false],"author_info":[],"comment_info":"","_links":{"self":[{"href":"https:\/\/ownpowr.com\/fi\/wp-json\/wp\/v2\/product\/4519","targetHints":{"allow":["GET"]}}],"collection":[{"href":"https:\/\/ownpowr.com\/fi\/wp-json\/wp\/v2\/product"}],"about":[{"href":"https:\/\/ownpowr.com\/fi\/wp-json\/wp\/v2\/types\/product"}],"wp:featuredmedia":[{"embeddable":true,"href":"https:\/\/ownpowr.com\/fi\/wp-json\/wp\/v2\/media\/4528"}],"wp:attachment":[{"href":"https:\/\/ownpowr.com\/fi\/wp-json\/wp\/v2\/media?parent=4519"}],"wp:term":[{"taxonomy":"product_cat","embeddable":true,"href":"https:\/\/ownpowr.com\/fi\/wp-json\/wp\/v2\/product_cat?post=4519"},{"taxonomy":"product_tag","embeddable":true,"href":"https:\/\/ownpowr.com\/fi\/wp-json\/wp\/v2\/product_tag?post=4519"}],"curies":[{"name":"wp","href":"https:\/\/api.w.org\/{rel}","templated":true}]}}