{"id":4584,"date":"2023-11-01T15:23:32","date_gmt":"2023-11-01T13:23:32","guid":{"rendered":"https:\/\/ownpowr.com\/?post_type=product&#038;p=4584"},"modified":"2025-02-27T11:22:21","modified_gmt":"2025-02-27T09:22:21","slug":"deye-gb-l-12-24kwh","status":"publish","type":"product","link":"https:\/\/ownpowr.com\/fi\/product\/deye-gb-l-12-24kwh\/","title":{"rendered":"Deye GB-L-12.24kWh"},"content":{"rendered":"<p>Deye GB-L-12,24 kWh on bms:ll\u00e4 varustettu koti-akku suurj\u00e4nnitteisest\u00e4 GB-L deye-sarjasta.<\/p>\n<p>Setti sis\u00e4lt\u00e4\u00e4:<br \/>\n3x GB-LM4.0<br \/>\n1x GB-LBS<br \/>\n1x GB-LBase<\/p>\n<p>GB-LM12.0 Akkumoduuli klusterin korkeaj\u00e4nniteakkuun GB-L 4kWh (HV) LiFePO4 | 40ah aurinkoakku<br \/>\n<strong>Turvallisuus ja turvatoimet<\/strong><br \/>\nSis\u00e4\u00e4nrakennettu r\u00e4j\u00e4hdyspoistolaite kaasun poistamiseksi ja sis\u00e4\u00e4nrakennettu palontorjuntalaite palonl\u00e4hteen sammuttamiseksi 3 sekunniksi.<br \/>\n<strong>Korkeaj\u00e4nnitepino<\/strong><br \/>\nModuulit kytket\u00e4\u00e4n sarjaan ilman kaapeliliit\u00e4nt\u00e4\u00e4, ja suurj\u00e4nnitealusta parantaa j\u00e4rjestelm\u00e4n tehokkuutta.<br \/>\n<strong>L\u00e4mm\u00f6nhallinta<\/strong><br \/>\nKeskeisten osien, kennojen, virtaliittimien jne. l\u00e4mp\u00f6tilan havaitseminen.<br \/>\n<strong>Toiminta laajalla l\u00e4mp\u00f6tila-alueella<\/strong><br \/>\nL\u00e4mmitystoiminto on valinnainen, jotta se vastaa matalan l\u00e4mp\u00f6tilan ja nosense-sovellustilanteita.<br \/>\n<strong>Ymp\u00e4rist\u00f6yst\u00e4v\u00e4llisyys<\/strong><br \/>\nIP-suojausluokka 65, korroosiosuojausluokka \u2265C2, ymp\u00e4rist\u00f6nsuojeluakku<br \/>\n<strong>\u00c4lyk\u00e4s ja visuaalinen<\/strong><br \/>\nTukee et\u00e4p\u00e4ivityst\u00e4, reaaliaikaisia akun varoitustietoja ja LCD-tieton\u00e4ytt\u00f6\u00e4.<\/p>\n<p>&nbsp;<\/p>\n<p><a href=\"https:\/\/ownpowr.com\/wp-content\/uploads\/2023\/11\/gb-l-v1.3.pdf\" target=\"_blank\" rel=\"noopener\">GB-L-V1.3<\/a><\/p>","protected":false},"excerpt":{"rendered":"<p>Deye GB-L-12,24 kWh on kotik\u00e4ytt\u00f6\u00f6n tarkoitettu akku, jossa on bms ja joka kuuluu GB-L deye -sarjan suurj\u00e4nnitesarjaan. Sarja sis\u00e4lt\u00e4\u00e4: 3x GB-LM4.0 1x GB-LBS 1x GB-LBase GB-LM12.0 Akkumoduuli [...]<\/p>","protected":false},"featured_media":4587,"template":"","meta":{"_seopress_robots_primary_cat":"none","_seopress_titles_title":"Deye GB-L-12.24 kWh: High-Efficiency Home Battery System","_seopress_titles_desc":"Experience high-efficiency with the Deye GB-L-12.24 kWh home battery. Featuring built-in safety measures, thermal management, and eco-friendly design. Supports remote upgrades.","_seopress_robots_index":"","_kad_blocks_custom_css":"","_kad_blocks_head_custom_js":"","_kad_blocks_body_custom_js":"","_kad_blocks_footer_custom_js":""},"product_cat":[17],"product_tag":[],"class_list":{"0":"post-4584","1":"product","2":"type-product","3":"status-publish","4":"has-post-thumbnail","6":"product_cat-home-batteries","8":"first","9":"instock","10":"sale","11":"taxable","12":"shipping-taxable","13":"purchasable","14":"product-type-simple"},"taxonomy_info":{"product_cat":[{"value":17,"label":"Home batteries"}]},"featured_image_src_large":["https:\/\/ownpowr.com\/wp-content\/uploads\/2023\/11\/gb-l-12.24.jpg",1000,1000,false],"author_info":[],"comment_info":"","_links":{"self":[{"href":"https:\/\/ownpowr.com\/fi\/wp-json\/wp\/v2\/product\/4584","targetHints":{"allow":["GET"]}}],"collection":[{"href":"https:\/\/ownpowr.com\/fi\/wp-json\/wp\/v2\/product"}],"about":[{"href":"https:\/\/ownpowr.com\/fi\/wp-json\/wp\/v2\/types\/product"}],"wp:featuredmedia":[{"embeddable":true,"href":"https:\/\/ownpowr.com\/fi\/wp-json\/wp\/v2\/media\/4587"}],"wp:attachment":[{"href":"https:\/\/ownpowr.com\/fi\/wp-json\/wp\/v2\/media?parent=4584"}],"wp:term":[{"taxonomy":"product_cat","embeddable":true,"href":"https:\/\/ownpowr.com\/fi\/wp-json\/wp\/v2\/product_cat?post=4584"},{"taxonomy":"product_tag","embeddable":true,"href":"https:\/\/ownpowr.com\/fi\/wp-json\/wp\/v2\/product_tag?post=4584"}],"curies":[{"name":"wp","href":"https:\/\/api.w.org\/{rel}","templated":true}]}}