{"id":4738,"date":"2023-12-15T10:29:33","date_gmt":"2023-12-15T08:29:33","guid":{"rendered":"https:\/\/ownpowr.com\/?post_type=product&#038;p=4738"},"modified":"2024-10-16T15:47:54","modified_gmt":"2024-10-16T13:47:54","slug":"deye-gb-sl-12k-hybrid-inverter-and-8-18kwh-gb-lm4-0-battery-module","status":"publish","type":"product","link":"https:\/\/ownpowr.com\/fi\/product\/deye-gb-sl-12k-hybridi-invertteri-ja-8-18kwh-gb-lm4-0-akkumoduuli\/","title":{"rendered":"Deye GB-SL 12K hybridi-invertteri + 8,18 kWh GB-LM4.0 akkumoduuli"},"content":{"rendered":"<p>Deye GB-SL 12K -hybridivaihtosuuntaaja ja 8,18 kWh:n GB-LM4.0-akkumoduuli ovat kaikki yhdess\u00e4.<\/p>\n<p>Setti sis\u00e4lt\u00e4\u00e4:<br \/>\n1 x GB-S12K<br \/>\n2 x GB-LM4.0<br \/>\n1 x GB-LB<br \/>\n1 x GB-LBase<\/p>\n<p>GB-SL(HV)<br \/>\nKAIKKI YHDESS\u00c4<br \/>\nIntegroitu muotoilu, kaunis ulkon\u00e4k\u00f6 ja kohtausintegraatio<br \/>\nMaksimil\u00e4ht\u00f6 :100% ep\u00e4tasapainotettu l\u00e4ht\u00f6, kumpikin vaihe; maksimil\u00e4ht\u00f6 enint\u00e4\u00e4n 50% nimellistehoon asti.<br \/>\nSuurin liit\u00e4nt\u00e4 :Max. 10 kpl rinnakkain verkkoon ja verkon ulkopuolella tapahtuvaa toimintaa varten.<br \/>\nLis\u00e4\u00e4 tukea: Tuki dieselgeneraattorin energian varastointiin<br \/>\nKorkeaj\u00e4nnitepino: Moduulit kytket\u00e4\u00e4n sarjaan ilman kaapeliliit\u00e4nt\u00e4\u00e4, ja korkeaj\u00e4nnitealusta parantaa j\u00e4rjestelm\u00e4n tehokkuutta.<br \/>\nL\u00e4mm\u00f6nhallinta: L\u00e4mp\u00f6tilan havaitseminen keskeisiss\u00e4 osissa, kennossa, virtaliit\u00e4nn\u00e4ss\u00e4 jne.<br \/>\nLaaja l\u00e4mp\u00f6tilak\u00e4ytt\u00f6: L\u00e4mmitystoiminto on valinnainen, jotta voidaan vastata sovelluskohtauksiin, joissa l\u00e4mp\u00f6tila on alhainen ja joissa ei ole aistimusta.<\/p>\n<p><a href=\"https:\/\/ownpowr.com\/wp-content\/uploads\/2023\/11\/datasheet-gb-sl-eu.pdf\" target=\"_blank\" rel=\"noopener\">Tietolehti GB-SL-EU<\/a><\/p>","protected":false},"excerpt":{"rendered":"<p>Deye GB-SL 12K -hybridivaihtosuuntaaja ja 8,18 kWh:n GB-LM4.0-akkumoduuli ovat kaikki yhdess\u00e4. Sarja sis\u00e4lt\u00e4\u00e4: 1 x GB-S12K 2 x GB-LM4.0 1 x GB-LB 1 [...]<\/p>","protected":false},"featured_media":4742,"template":"","meta":{"_seopress_robots_primary_cat":"none","_seopress_titles_title":"Deye GB-SL 12K hybrid inverter and 8.18kWh GB-LM4.0 Battery","_seopress_titles_desc":"Maximize output with the Deye GB-SL 12K hybrid inverter & 8.18 kWh GB-LM4.0 battery module. Supports energy storage from a diesel generator. Improved efficiency!","_seopress_robots_index":"","_kad_blocks_custom_css":"","_kad_blocks_head_custom_js":"","_kad_blocks_body_custom_js":"","_kad_blocks_footer_custom_js":""},"product_cat":[17,19],"product_tag":[],"class_list":{"0":"post-4738","1":"product","2":"type-product","3":"status-publish","4":"has-post-thumbnail","6":"product_cat-home-batteries","7":"product_cat-sets-with-inverters","9":"first","10":"instock","11":"sale","12":"taxable","13":"shipping-taxable","14":"purchasable","15":"product-type-simple"},"taxonomy_info":{"product_cat":[{"value":17,"label":"Home batteries"},{"value":19,"label":"Sets with inverters"}]},"featured_image_src_large":["https:\/\/ownpowr.com\/wp-content\/uploads\/2023\/11\/image-4-1.png",300,300,false],"author_info":[],"comment_info":"","_links":{"self":[{"href":"https:\/\/ownpowr.com\/fi\/wp-json\/wp\/v2\/product\/4738","targetHints":{"allow":["GET"]}}],"collection":[{"href":"https:\/\/ownpowr.com\/fi\/wp-json\/wp\/v2\/product"}],"about":[{"href":"https:\/\/ownpowr.com\/fi\/wp-json\/wp\/v2\/types\/product"}],"wp:featuredmedia":[{"embeddable":true,"href":"https:\/\/ownpowr.com\/fi\/wp-json\/wp\/v2\/media\/4742"}],"wp:attachment":[{"href":"https:\/\/ownpowr.com\/fi\/wp-json\/wp\/v2\/media?parent=4738"}],"wp:term":[{"taxonomy":"product_cat","embeddable":true,"href":"https:\/\/ownpowr.com\/fi\/wp-json\/wp\/v2\/product_cat?post=4738"},{"taxonomy":"product_tag","embeddable":true,"href":"https:\/\/ownpowr.com\/fi\/wp-json\/wp\/v2\/product_tag?post=4738"}],"curies":[{"name":"wp","href":"https:\/\/api.w.org\/{rel}","templated":true}]}}