{"id":48392,"date":"2024-03-29T11:50:45","date_gmt":"2024-03-29T09:50:45","guid":{"rendered":"https:\/\/ownpowr.com\/?post_type=product&#038;p=48392"},"modified":"2025-01-31T10:48:27","modified_gmt":"2025-01-31T08:48:27","slug":"blauhoff-home-8k-11-4-kwh-3-fase-systeem-slim-line-ip65","status":"publish","type":"product","link":"https:\/\/ownpowr.com\/fi\/product\/blauhoff-home-8k-11-4-kwh-3-fase-systeem-slim-line-ip65\/","title":{"rendered":"Blauhoff Home 8K\/11,4 kWh 3-vaihej\u00e4rjestelm\u00e4 Slim Line IP65"},"content":{"rendered":"<p>Blauhoff Home 8K\/11kWh 3-vaihej\u00e4rjestelm\u00e4 Slim Line IP65 17 cm ohut Outdoor\/Indoor !<\/p>\n<p>Tunnetun tuotemerkin Blauhoff Home 8K\/11kWh 3-vaihej\u00e4rjestelm\u00e4 tarjoaa luotettavan ja tehokkaan ratkaisun keskisuuren kulutuksen kotitalouksien energiavarastointiin. T\u00e4m\u00e4n tehokkaan j\u00e4rjestelm\u00e4n avulla voit optimoida kotisi energiatehokkuuden, v\u00e4hent\u00e4\u00e4 riippuvuuttasi s\u00e4hk\u00f6verkosta ja hy\u00f6ty\u00e4 varavoimanl\u00e4hteist\u00e4 s\u00e4hk\u00f6katkojen varalta. Lis\u00e4ksi t\u00e4h\u00e4n j\u00e4rjestelm\u00e4\u00e4n sis\u00e4ltyy ilmainen kokoonpano, mik\u00e4 takaa vaivattoman asennuksen.<\/p>\n<p>Taajuusmuuttajan pituus on 780 mm ja paino 33,6 kg. Invertterin ja akun v\u00e4lisen 300 mm:n lis\u00e4kaapelin avulla voit m\u00e4\u00e4ritt\u00e4\u00e4 j\u00e4rjestelm\u00e4llesi optimaalisen sijoituspaikan, mik\u00e4 takaa tehokkaan energiansiirron ja minimaaliset energiah\u00e4vi\u00f6t.<\/p>\n<p>Blauhoff-akkuj\u00e4rjestelm\u00e4 on kest\u00e4v\u00e4 ja eritt\u00e4in kompakti ja litte\u00e4, ja sen mitat ovat 670 mm x 900 mm x 170 mm ja paino 90 kg. Akun kapasiteetti on 11 kWh, ja sen avulla voit varastoida aurinkopaneelien tai muiden energial\u00e4hteiden tuottamaa ylim\u00e4\u00e4r\u00e4ist\u00e4 energiaa. Kun energiantuotantoa ei ole, voit k\u00e4ytt\u00e4\u00e4 varastoitua energiaa energiankulutuksen kattamiseen, jolloin riippuvuutesi s\u00e4hk\u00f6verkosta v\u00e4henee ja energiakustannukset pienenev\u00e4t entisest\u00e4\u00e4n. T\u00e4m\u00e4 kaikki tapahtuu automaattisesti yhdess\u00e4 nykyisen dynaamisen energiasopimuksen kanssa. Voit sitten hy\u00f6dynt\u00e4\u00e4 halpaa s\u00e4hk\u00f6\u00e4 talvella y\u00f6ll\u00e4 ja k\u00e4ytt\u00e4\u00e4 sit\u00e4 koko p\u00e4iv\u00e4n ja kes\u00e4ll\u00e4 k\u00e4ytt\u00e4\u00e4 ilmaista latausta iltap\u00e4iv\u00e4ll\u00e4 ja k\u00e4ytt\u00e4\u00e4 sit\u00e4 illalla ja ladata autoa sill\u00e4 aamulla tai y\u00f6ll\u00e4.<\/p>\n<p>Home 8K\/11kWh 3-vaihej\u00e4rjestelm\u00e4\u00e4 suositellaan kotitalouksille, joiden keskim\u00e4\u00e4r\u00e4inen vuosikulutus on noin 4000 kWh. Kun j\u00e4rjestelm\u00e4n teho on 8 kW, voit kattaa merkitt\u00e4v\u00e4n osan energiantarpeestasi k\u00e4ytt\u00e4m\u00e4ll\u00e4 tuotettua aurinkoenergiaa ja akkuun varastoitua energiaa. Lis\u00e4ksi t\u00e4m\u00e4 j\u00e4rjestelm\u00e4 tarjoaa varavoimaa, jotta t\u00e4rke\u00e4t laitteet voivat jatkaa toimintaansa s\u00e4hk\u00f6katkosten aikana ja p\u00e4ivitt\u00e4iset rutiinit voivat jatkua keskeytyksett\u00e4.<\/p>\n<p>Blauhoff Home 8K\/11kWh 3-vaihej\u00e4rjestelm\u00e4 Slim Line on suunniteltu joustavuutta ajatellen. Siin\u00e4 on generaattori\/tuulimyllyportti, joka antaa sinulle mahdollisuuden lis\u00e4t\u00e4 lis\u00e4virtal\u00e4hteit\u00e4 ja lis\u00e4t\u00e4 energiaomavaraisuuttasi entisest\u00e4\u00e4n. J\u00e4rjestelm\u00e4 on yhteensopiva useimpien kotitalouksien s\u00e4hk\u00f6verkkojen kanssa, sill\u00e4 sen minimiliit\u00e4nt\u00e4 on 3x25A ja se soveltuu 3-vaihekokoonpanoihin.<\/p>\n<p>Ilmaisen kokoonpanon ansiosta voit luottaa ammattitaitoiseen asennukseen, joka varmistaa, ett\u00e4 j\u00e4rjestelm\u00e4si toimii optimaalisesti heti ensimm\u00e4isest\u00e4 hetkest\u00e4 l\u00e4htien ja voit nauttia huolettomasta kokemuksesta.<\/p>\n<p>Siirry tehokkaampaan ja kest\u00e4v\u00e4mp\u00e4\u00e4n energiahuoltoon Blauhoff Home 8K\/11kWh 3-vaihej\u00e4rjestelm\u00e4ll\u00e4. Tehokkaan energiavarastoinnin, varavoiman ja energial\u00e4hteiden joustavuuden ansiosta voit luottaa luotettavaan s\u00e4hk\u00f6ntoimitukseen, toteuttaa kustannuss\u00e4\u00e4st\u00f6j\u00e4 ja pienent\u00e4\u00e4 hiilijalanj\u00e4lke\u00e4si. Valitse Blauhoff ja valmistaudu kotisi tulevaisuuden energiatarpeisiin.<\/p>\n<p>&nbsp;<\/p>\n<p><a href=\"https:\/\/blauhoff.nl\/wp-content\/uploads\/2024\/02\/Datasheet-Blauhoff-RESS-HV-Slim-Line.pdf\" target=\"_blank\" rel=\"noopener\">Tietolehti Blauhoff RESS HV Slim Line HV Slim Line<\/a><\/p>\n<p>&nbsp;<\/p>\n<p>&nbsp;<\/p>","protected":false},"excerpt":{"rendered":"<p>Blauhoff Home 8K\/11kWh 3-vaihej\u00e4rjestelm\u00e4 Slim Line IP65 17 cm ohut Outdoor\/Indoor ! Eritt\u00e4in ohut Blauhoff Home 8K\/11kWh 3-vaihej\u00e4rjestelm\u00e4, tunnetulta tuotemerkilt\u00e4 Blauhoff, tarjoaa [...]<\/p>","protected":false},"featured_media":48397,"template":"","meta":{"_seopress_robots_primary_cat":"none","_seopress_titles_title":"Optimize Your Energy with Blauhoff Home 8K\/11kWh Slim Line","_seopress_titles_desc":"Enhance energy efficiency; reduce grid dependence with the sleek Blauhoff Home 8K\/11kWh 3 Phase System. Enjoy free assembly, flexible installation, and emergency power supply.","_seopress_robots_index":"","_kad_blocks_custom_css":"","_kad_blocks_head_custom_js":"","_kad_blocks_body_custom_js":"","_kad_blocks_footer_custom_js":""},"product_cat":[17,19],"product_tag":[],"class_list":{"0":"post-48392","1":"product","2":"type-product","3":"status-publish","4":"has-post-thumbnail","6":"product_cat-home-batteries","7":"product_cat-sets-with-inverters","9":"first","10":"instock","11":"taxable","12":"shipping-taxable","13":"purchasable","14":"product-type-simple"},"taxonomy_info":{"product_cat":[{"value":17,"label":"Home batteries"},{"value":19,"label":"Sets with inverters"}]},"featured_image_src_large":["https:\/\/ownpowr.com\/wp-content\/uploads\/2024\/03\/3-phase-8k-battery-11kwh-480x480-1.png",480,480,false],"author_info":[],"comment_info":"","_links":{"self":[{"href":"https:\/\/ownpowr.com\/fi\/wp-json\/wp\/v2\/product\/48392","targetHints":{"allow":["GET"]}}],"collection":[{"href":"https:\/\/ownpowr.com\/fi\/wp-json\/wp\/v2\/product"}],"about":[{"href":"https:\/\/ownpowr.com\/fi\/wp-json\/wp\/v2\/types\/product"}],"wp:featuredmedia":[{"embeddable":true,"href":"https:\/\/ownpowr.com\/fi\/wp-json\/wp\/v2\/media\/48397"}],"wp:attachment":[{"href":"https:\/\/ownpowr.com\/fi\/wp-json\/wp\/v2\/media?parent=48392"}],"wp:term":[{"taxonomy":"product_cat","embeddable":true,"href":"https:\/\/ownpowr.com\/fi\/wp-json\/wp\/v2\/product_cat?post=48392"},{"taxonomy":"product_tag","embeddable":true,"href":"https:\/\/ownpowr.com\/fi\/wp-json\/wp\/v2\/product_tag?post=48392"}],"curies":[{"name":"wp","href":"https:\/\/api.w.org\/{rel}","templated":true}]}}