{"id":49941,"date":"2024-04-05T08:59:30","date_gmt":"2024-04-05T06:59:30","guid":{"rendered":"https:\/\/ownpowr.com\/?post_type=product&#038;p=49941"},"modified":"2025-03-28T13:11:33","modified_gmt":"2025-03-28T11:11:33","slug":"blauhoff-megapack-container-ess-3-85mwh","status":"publish","type":"product","link":"https:\/\/ownpowr.com\/fi\/product\/blauhoff-megapack-kontti-ess-3-85mwh\/","title":{"rendered":"Blauhoff MegaPack Container ESS 3.85MWh 3.85MWh"},"content":{"rendered":"<p>Blauhoff Megapack Container ESS 3.85 on avaimet k\u00e4teen -periaatteella toimiva akkuj\u00e4rjestelm\u00e4 kontissa (hinta ilman arvonlis\u00e4veroa ja ilman asennusta).<\/p>\n<p><strong>Pienemm\u00e4t kustannukset<\/strong><\/p>\n<p>Helppo asentaa ja v\u00e4h\u00e4n huoltoa<\/p>\n<p>Suuremmat kennot , monta kWh siksi 50% vahvempi kuin tavalliset ratkaisut ja kompaktimpi.<\/p>\n<p><strong>Tehokkuuden parantaminen<\/strong><\/p>\n<p>1500V:n alustan perusteella DC-puolen hy\u00f6tysuhde on 93%.<\/p>\n<p>C4H-standardin mukaisen korroosionestos\u00e4ili\u00f6n k\u00e4ytt\u00f6ik\u00e4 on v\u00e4hint\u00e4\u00e4n 15 vuotta.<\/p>\n<p><strong>Turvallinen<\/strong><\/p>\n<p>Monipuolinen tasapainotus takaa turvallisen ja pitk\u00e4n akun k\u00e4ytt\u00f6i\u00e4n.<\/p>\n<p>Integroidut kaasu- ja vesisammutusj\u00e4rjestelm\u00e4t takaavat turvallisuuden \u00e4\u00e4rimm\u00e4isiss\u00e4 olosuhteissa.<\/p>\n<p><strong>Smart<\/strong><\/p>\n<p>Icloud AI reaaliaikainen seuranta<\/p>\n<p><strong>Hyv\u00e4ksynn\u00e4t<\/strong><\/p>\n<p>CE-LVD:EN IEC62477-1, CE-EMC:EN IEC61000-6-2 , EN IEC 61000-6-4, UKCA: EN IEC 62477-1<\/p>\n<p>IEC62619-2022 (toimintaturvallisuus IEC UL 60730-1 liite H, mukaan lukien kenno) IEC62619-2022 (toimintaturvallisuus IEC UL 60730-1 liite H, mukaan lukien kenno)<\/p>\n<p>IEC 63056:2020<\/p>\n<p>NFPA855, Fcc-ID, UL1973:2022, UL9540A Yksikk\u00f6<\/p>\n<p>VDE4100<\/p>\n<p>&nbsp;<\/p>","protected":false},"excerpt":{"rendered":"<p>Blauhoff Megapack Container ESS 3.85 on avaimet k\u00e4teen -periaatteella toimiva akkuj\u00e4rjestelm\u00e4 kontissa (hinta ilman arvonlis\u00e4veroa ja ilman asennusta). Alhaisemmat kustannukset Helppo asentaa ja v\u00e4h\u00e4n huoltoa Suuremmat kennot , [...]<\/p>","protected":false},"featured_media":214720,"template":"","meta":{"_seopress_robots_primary_cat":"none","_seopress_titles_title":"Blauhoff Megapack ESS 3.85MWh: High-Efficiency, Low-Cost, Battery System","_seopress_titles_desc":"Discover Blauhoff Megapack ESS 3.85 MWh container system - 50% stronger, efficient, safe, and smart with AI monitoring. Easy to install, low maintenance.","_seopress_robots_index":"","_kad_blocks_custom_css":"","_kad_blocks_head_custom_js":"","_kad_blocks_body_custom_js":"","_kad_blocks_footer_custom_js":""},"product_cat":[17],"product_tag":[],"class_list":{"0":"post-49941","1":"product","2":"type-product","3":"status-publish","4":"has-post-thumbnail","6":"product_cat-home-batteries","8":"first","9":"instock","10":"sale","11":"taxable","12":"shipping-taxable","13":"purchasable","14":"product-type-simple"},"taxonomy_info":{"product_cat":[{"value":17,"label":"Home batteries"}]},"featured_image_src_large":["https:\/\/ownpowr.com\/wp-content\/uploads\/2024\/04\/blauhoff-megawatt-420x420-1.jpg",420,420,false],"author_info":[],"comment_info":"","_links":{"self":[{"href":"https:\/\/ownpowr.com\/fi\/wp-json\/wp\/v2\/product\/49941","targetHints":{"allow":["GET"]}}],"collection":[{"href":"https:\/\/ownpowr.com\/fi\/wp-json\/wp\/v2\/product"}],"about":[{"href":"https:\/\/ownpowr.com\/fi\/wp-json\/wp\/v2\/types\/product"}],"wp:featuredmedia":[{"embeddable":true,"href":"https:\/\/ownpowr.com\/fi\/wp-json\/wp\/v2\/media\/214720"}],"wp:attachment":[{"href":"https:\/\/ownpowr.com\/fi\/wp-json\/wp\/v2\/media?parent=49941"}],"wp:term":[{"taxonomy":"product_cat","embeddable":true,"href":"https:\/\/ownpowr.com\/fi\/wp-json\/wp\/v2\/product_cat?post=49941"},{"taxonomy":"product_tag","embeddable":true,"href":"https:\/\/ownpowr.com\/fi\/wp-json\/wp\/v2\/product_tag?post=49941"}],"curies":[{"name":"wp","href":"https:\/\/api.w.org\/{rel}","templated":true}]}}