{"id":506,"date":"2023-10-04T16:37:56","date_gmt":"2023-10-04T14:37:56","guid":{"rendered":"https:\/\/ownpowr.com\/product\/growatt-1ph-hybrid-inverter-sph6000\/"},"modified":"2025-03-27T13:31:36","modified_gmt":"2025-03-27T11:31:36","slug":"growatt-1ph-hybrid-inverter-sph6000","status":"publish","type":"product","link":"https:\/\/ownpowr.com\/fi\/product\/growatt-1ph-hybridi-invertteri-sph6000\/","title":{"rendered":"Growatt 1PH hybridi-invertteri SPH6000 ei Saksassa."},"content":{"rendered":"<p>Growatt SPH6000 hybridi-invertteri sopii enint\u00e4\u00e4n 4000Wp:n aurinkos\u00e4hk\u00f6j\u00e4rjestelmiin. Hybridi-invertteri on tarkoitettu s\u00e4hk\u00f6n varastointiin akkuihin. Akut voidaan tilata erikseen, eik\u00e4 niit\u00e4 toimiteta vakiona. T\u00e4m\u00e4n k\u00e4tev\u00e4n j\u00e4rjestelm\u00e4n avulla aurinkos\u00e4hk\u00f6j\u00e4rjestelm\u00e4 ei ole riippuvainen s\u00e4hk\u00f6verkosta, vaan se voi huolehtia itsest\u00e4\u00e4n J\u00e4rjestelm\u00e4 toimii ilman akkua, ja se on mahdollista liitt\u00e4\u00e4 s\u00e4hk\u00f6verkkoon.<\/p>\n<p>Akkuvaihtosuuntaaja sis\u00e4lt\u00e4\u00e4 2 MPPT:t\u00e4, joten siihen voidaan kytke\u00e4 yhteens\u00e4 2 s\u00e4iett\u00e4.<\/p>\n<p><strong>Hiljainen invertteri<\/strong><br \/>\nGrowatt SPH6000 -invertteri ei sis\u00e4ll\u00e4 tuuletinta eik\u00e4 muuntajaa, joten se on eritt\u00e4in hiljainen. T\u00e4m\u00e4 tekee hybridi-invertterist\u00e4 t\u00e4ydellisen kotiasennuksiin Invertteri k\u00e4ytt\u00e4\u00e4 luonnollista j\u00e4\u00e4hdytyst\u00e4, mik\u00e4 antaa sille erityisen pitk\u00e4n k\u00e4ytt\u00f6i\u00e4n.<\/p>\n<p><strong>Tuotto<\/strong><br \/>\nSPH6000:n maksimihy\u00f6tysuhde on 97,5% T\u00e4m\u00e4n ansiosta invertteri saavuttaa maksimaalisen energiantuoton. Invertteri on yksi myydyimmist\u00e4 inverttereist\u00e4 maailmanlaajuisesti.<\/p>\n<p><strong>Growatt verkkopalvelu<\/strong><br \/>\nInvertteri sis\u00e4lt\u00e4\u00e4 vakaat valvontakeinot, kuten LAN, WiFi tai RF\/UTP-yhdistelm\u00e4 ( Shinelink).Growatt tarjoaa \u00e4lykk\u00e4\u00e4n online-palvelun teknisten ongelmien ja p\u00e4ivitysten suorittamiseksi et\u00e4n\u00e4. T\u00e4m\u00e4 parantaa invertterin k\u00e4ytt\u00f6mukavuutta ja tehokkuutta. N\u00e4m\u00e4 ominaisuudet ja palvelut tekev\u00e4t invertterist\u00e4 paremman valinnan aurinkos\u00e4hk\u00f6j\u00e4rjestelm\u00e4\u00e4n.<\/p>\n<p><a href=\"https:\/\/storeyourownpower.com\/wp-content\/uploads\/2022\/11\/Datasheet-Growatt-SPH6000.pdf\" target=\"_blank\" rel=\"noopener\">Tietolehti Growatt SPH6000<\/a><\/p>","protected":false},"excerpt":{"rendered":"<p>Growatt SPH6000 hybridi-invertteri on yhteensopiva jopa 4000Wp:n aurinkos\u00e4hk\u00f6j\u00e4rjestelmien kanssa. Hybridi-invertteri on tarkoitettu s\u00e4hk\u00f6n varastointiin akkuihin. Akut voidaan tilata erikseen ja [...]<\/p>","protected":false},"featured_media":507,"template":"","meta":{"_seopress_robots_primary_cat":"none","_seopress_titles_title":"Growatt SPH6000 Hybrid Inverter: Efficient and Silent with Battery Compatibility","_seopress_titles_desc":"Maximize your energy yield with this silent, efficient inverter. Connect to the grid or store power in batteries for a self-sufficient system. Enjoy reliable monitoring and remote updates with Growatt's online service.","_seopress_robots_index":"","_kad_blocks_custom_css":"","_kad_blocks_head_custom_js":"","_kad_blocks_body_custom_js":"","_kad_blocks_footer_custom_js":""},"product_cat":[18],"product_tag":[],"class_list":{"0":"post-506","1":"product","2":"type-product","3":"status-publish","4":"has-post-thumbnail","6":"product_cat-hybrid-inverters","8":"first","9":"instock","10":"sale","11":"taxable","12":"shipping-taxable","13":"purchasable","14":"product-type-simple"},"taxonomy_info":{"product_cat":[{"value":18,"label":"Hybrid inverters"}]},"featured_image_src_large":["https:\/\/ownpowr.com\/wp-content\/uploads\/2022\/11\/Growatt_SPH_3000_6000_d63d-1024x1024.webp",1024,1024,true],"author_info":[],"comment_info":"","_links":{"self":[{"href":"https:\/\/ownpowr.com\/fi\/wp-json\/wp\/v2\/product\/506","targetHints":{"allow":["GET"]}}],"collection":[{"href":"https:\/\/ownpowr.com\/fi\/wp-json\/wp\/v2\/product"}],"about":[{"href":"https:\/\/ownpowr.com\/fi\/wp-json\/wp\/v2\/types\/product"}],"wp:featuredmedia":[{"embeddable":true,"href":"https:\/\/ownpowr.com\/fi\/wp-json\/wp\/v2\/media\/507"}],"wp:attachment":[{"href":"https:\/\/ownpowr.com\/fi\/wp-json\/wp\/v2\/media?parent=506"}],"wp:term":[{"taxonomy":"product_cat","embeddable":true,"href":"https:\/\/ownpowr.com\/fi\/wp-json\/wp\/v2\/product_cat?post=506"},{"taxonomy":"product_tag","embeddable":true,"href":"https:\/\/ownpowr.com\/fi\/wp-json\/wp\/v2\/product_tag?post=506"}],"curies":[{"name":"wp","href":"https:\/\/api.w.org\/{rel}","templated":true}]}}