{"id":545,"date":"2023-10-04T16:37:39","date_gmt":"2023-10-04T14:37:39","guid":{"rendered":"https:\/\/ownpowr.com\/product\/encharge-3t-35-kwh\/"},"modified":"2025-03-20T13:35:02","modified_gmt":"2025-03-20T11:35:02","slug":"encharge-3t-35-kwh","status":"publish","type":"product","link":"https:\/\/ownpowr.com\/fi\/product\/encharge-3t-35-kwh\/","title":{"rendered":"Enphase Encharge 3T vain kansi"},"content":{"rendered":"<p>Enphase Encharge 3T, jolla on 15 vuoden takuu<\/p>\n<p>T\u00e4rke\u00e4 huomautus: Asentajan sertifiointi vaaditaan! K\u00e4y Enphase Universityss\u00e4 saadaksesi sertifioinnin.<\/p>\n<p>Enphase IQ Battery 3T\/10T Ominaisuudet:<\/p>\n<ul>\n<li>T\u00e4ysin integroitu AC-akkuj\u00e4rjestelm\u00e4, jossa on sis\u00e4\u00e4nrakennetut IQ 8X-BAT -mikroinvertterit.<\/li>\n<li>Saumaton liit\u00e4nt\u00e4 tavallisen kotitalousasennuksen vaihtovirtaan.<\/li>\n<li>J\u00e4rjestelm\u00e4n optimaaliset s\u00e4\u00e4d\u00f6t r\u00e4\u00e4t\u00e4l\u00f6id\u00e4\u00e4n k\u00e4ytt\u00e4j\u00e4n tarpeiden mukaan.<\/li>\n<li>K\u00e4tev\u00e4 ohjaus ja valvonta mobiilisovelluksen avulla.<\/li>\n<li>Passiivinen j\u00e4\u00e4hdytysrakenne (ei liikkuvia osia tai tuulettimia).<\/li>\n<li>Pitk\u00e4kestoinen suorituskyky ja 10 vuoden takuu.<\/li>\n<\/ul>\n<p>Huomaa, ett\u00e4 akkujen asennuksessa on oltava asentajan sertifiointi. Voit ottaa yhteytt\u00e4 Enphase-tilip\u00e4\u00e4llikk\u00f6si saadaksesi sertifiointitietoja.<\/p>\n<p>Tarvittava laite: Enphase IQ Gateway-S Mitattu.<\/p>\n<p>Enphase IQ 3T:n kokonaisvarastointikapasiteetti on 3,5 kWh, ja siin\u00e4 on nelj\u00e4 integroitua mikroinvertteri\u00e4, joiden yhteenlaskettu teho on 1,28 kW.<\/p>\n<p>Asentajat voivat suunnitella tehokkaasti j\u00e4rjestelmi\u00e4, jotka t\u00e4ytt\u00e4v\u00e4t sek\u00e4 uusien asiakkaiden ett\u00e4 niiden asiakkaiden energiantarpeet, joilla on jo aurinkopaneeliasennuksia.<\/p>\n<p>Encharge 3T -akkuvarastoj\u00e4rjestelm\u00e4 sis\u00e4lt\u00e4\u00e4 integroidut Enphase IQ -sarjan mikroinvertterit ja akunhallintayksik\u00f6n (BMU).<\/p>\n<p>Pakkauksen sis\u00e4lt\u00f6:<\/p>\n<ul>\n<li>1x Encharge 3T -perusyksikk\u00f6 (ENP-B03-T01-INT00-1-2)<\/li>\n<li>1x Encharge 3T -suojapakkaus lis\u00e4varusteineen (ENP-B03T-C-0430-O)<\/li>\n<\/ul>\n<p><strong>Lis\u00e4tietoja:<\/strong><\/p>\n<ul>\n<li><a href=\"https:\/\/storeyourownpower.com\/wp-content\/uploads\/2022\/12\/Datenblatt-German-Encharge-3T.pdf\" target=\"_blank\" rel=\"noopener\">Datenblatt Saksan Encharge 3T<\/a><\/li>\n<li><a href=\"https:\/\/storeyourownpower.com\/wp-content\/uploads\/2022\/12\/Datasheet-English-Encharge-3T.pdf\" target=\"_blank\" rel=\"noopener\">Tietolehti englanti Encharge 3T<\/a><\/li>\n<li><a href=\"https:\/\/storeyourownpower.com\/wp-content\/uploads\/2022\/12\/Warranty-terms-English-Encharge-3T.pdf\" target=\"_blank\" rel=\"noopener\">Takuuehdot englanti Encharge 3T<\/a><\/li>\n<li><a href=\"https:\/\/storeyourownpower.com\/wp-content\/uploads\/2022\/12\/Warranty-terms-German-Encharge-3T.pdf\" target=\"_blank\" rel=\"noopener\">Takuuehdot German Encharge 3T<\/a><\/li>\n<li><a href=\"https:\/\/storeyourownpower.com\/wp-content\/uploads\/2022\/12\/Mounting-instructions-English-Encharge-3T.pdf\" target=\"_blank\" rel=\"noopener\">Asennusohjeet Suomi Encharge 3T<\/a><\/li>\n<\/ul>","protected":false},"excerpt":{"rendered":"<p>15 vuoden takuu t\u00e4h\u00e4n hintaan !<\/p>","protected":false},"featured_media":546,"template":"","meta":{"_seopress_robots_primary_cat":"none","_seopress_titles_title":"Enphase Encharge 3T: Long-lasting battery storage system with integrated microinverters and warranty","_seopress_titles_desc":"Installer certification required! Optimal AC battery system with mobile app control, passive cooling, and 10-year warranty. Get certified at Enphase University.","_seopress_robots_index":"","_kad_blocks_custom_css":"","_kad_blocks_head_custom_js":"","_kad_blocks_body_custom_js":"","_kad_blocks_footer_custom_js":""},"product_cat":[17],"product_tag":[],"class_list":{"0":"post-545","1":"product","2":"type-product","3":"status-publish","4":"has-post-thumbnail","6":"product_cat-home-batteries","8":"first","9":"instock","10":"sale","11":"taxable","12":"shipping-taxable","13":"purchasable","14":"product-type-simple"},"taxonomy_info":{"product_cat":[{"value":17,"label":"Home batteries"}]},"featured_image_src_large":["https:\/\/ownpowr.com\/wp-content\/uploads\/2022\/12\/1-8-2-6-18265324d3fe1b03cc0df847668d9c62cbe673aa_det_bp_ee_encharge_3t-jpg_600x600@2x.jpeg",600,540,false],"author_info":[],"comment_info":"","_links":{"self":[{"href":"https:\/\/ownpowr.com\/fi\/wp-json\/wp\/v2\/product\/545","targetHints":{"allow":["GET"]}}],"collection":[{"href":"https:\/\/ownpowr.com\/fi\/wp-json\/wp\/v2\/product"}],"about":[{"href":"https:\/\/ownpowr.com\/fi\/wp-json\/wp\/v2\/types\/product"}],"wp:featuredmedia":[{"embeddable":true,"href":"https:\/\/ownpowr.com\/fi\/wp-json\/wp\/v2\/media\/546"}],"wp:attachment":[{"href":"https:\/\/ownpowr.com\/fi\/wp-json\/wp\/v2\/media?parent=545"}],"wp:term":[{"taxonomy":"product_cat","embeddable":true,"href":"https:\/\/ownpowr.com\/fi\/wp-json\/wp\/v2\/product_cat?post=545"},{"taxonomy":"product_tag","embeddable":true,"href":"https:\/\/ownpowr.com\/fi\/wp-json\/wp\/v2\/product_tag?post=545"}],"curies":[{"name":"wp","href":"https:\/\/api.w.org\/{rel}","templated":true}]}}