{"id":549,"date":"2022-12-01T12:58:41","date_gmt":"2022-12-01T10:58:41","guid":{"rendered":"https:\/\/ownpowr.com\/product\/sungrow-sh10-0rt-v112\/"},"modified":"2025-03-30T21:03:00","modified_gmt":"2025-03-30T19:03:00","slug":"sungrow-sh10-0rt-v112","status":"publish","type":"product","link":"https:\/\/ownpowr.com\/fi\/product\/sungrow-sh10-0rt-v112\/","title":{"rendered":"Sungrow Hybridimuunnin SH10.0RT 10 kW 10 kW"},"content":{"rendered":"<p>Sungrow SH10.0RT-V112<\/p>\n<p>Joustava k\u00e4ytt\u00f6:<\/p>\n<p>- 150-600V laaja akun j\u00e4nnitealue<\/p>\n<p>- Tukee rinnakkaiskytkent\u00e4\u00e4 master-slave-ohjauksella<\/p>\n<p>- Tarjoaa 100%-virtaa ep\u00e4tasapainotetuille kuormille varavoimak\u00e4ytt\u00f6tilassa.<\/p>\n<p>\u00c4lyk\u00e4s hallinta:<\/p>\n<p>- Korkea omavaraisuusaste optimoidun sis\u00e4\u00e4nrakennetun EMS-j\u00e4rjestelm\u00e4n ansiosta.<\/p>\n<p>- Maksuton verkkoseuranta parantaa energianhallintaa loppuk\u00e4ytt\u00e4j\u00e4n, asentajan ja j\u00e4lleenmyyj\u00e4n kannalta<\/p>\n<p>- Laiteohjelmiston et\u00e4p\u00e4ivitys ja mukautettavat asetukset<\/p>\n<p>Energiaomavaraisuus:<\/p>\n<p>- Saumaton siirtyminen varak\u00e4ytt\u00f6tilaan suojaa s\u00e4hk\u00f6katkoksia vastaan.<\/p>\n<p>- Nopea lataus \/ purku vastaamaan suuremman kulutuksen kysynt\u00e4\u00e4.<\/p>\n<p>Helppo asennus:<\/p>\n<p>- Ainutlaatuiset push-in-liittimet aikaa s\u00e4\u00e4st\u00e4v\u00e4\u00e4n asennukseen<\/p>\n<p>- Kosketusvapaa k\u00e4ytt\u00f6\u00f6notto \u00e4lypuhelimella<\/p>\n<p>- Kevyt ja kompakti<\/p>\n<p><a href=\"https:\/\/storeyourownpower.com\/wp-content\/uploads\/2022\/12\/Datasheet-English-2.pdf\" target=\"_blank\" rel=\"noopener\">Tietolehti englanti<\/a><br \/>\n<a href=\"https:\/\/storeyourownpower.com\/wp-content\/uploads\/2022\/12\/Datasheet-German-2.pdf\" target=\"_blank\" rel=\"noopener\">Tietolehti saksaksi<\/a><br \/>\n<a href=\"https:\/\/storeyourownpower.com\/wp-content\/uploads\/2022\/11\/DE-FS-SHRT-und-SBR-Unterschiede-und-Kompatibilita\u0308t-Versionen.pdf\" target=\"_blank\" rel=\"noopener\">SHRT- ja SBR-versioiden erot ja yhteensopivuus<\/a><\/p>","protected":false},"excerpt":{"rendered":"<p>Sungrow SH10.0RT-V112 Joustava sovellus: - 150-600V laaja akun j\u00e4nnitealue - Tukee rinnakkaiskytkent\u00e4\u00e4 master-slave-ohjauksen kanssa - Tarjoaa 100%-tehoa ep\u00e4tasapainoisille kuormille varaj\u00e4rjestelm\u00e4tilassa \u00c4lyk\u00e4s hallinta: - [...]<\/p>","protected":false},"featured_media":550,"template":"","meta":{"_seopress_robots_primary_cat":"none","_seopress_titles_title":"Sungrow SH10.0RT-V112: Flexible Application, Smart Management, Energy Independence, Easy Installation","_seopress_titles_desc":"Discover the Sungrow SH10.0RT-V112 with wide battery voltage range, smart management features, seamless backup mode, and easy installation for energy independence.","_seopress_robots_index":"","_kad_blocks_custom_css":"","_kad_blocks_head_custom_js":"","_kad_blocks_body_custom_js":"","_kad_blocks_footer_custom_js":""},"product_cat":[18],"product_tag":[],"class_list":{"0":"post-549","1":"product","2":"type-product","3":"status-publish","4":"has-post-thumbnail","6":"product_cat-hybrid-inverters","8":"first","9":"outofstock","10":"sale","11":"taxable","12":"shipping-taxable","13":"purchasable","14":"product-type-simple"},"taxonomy_info":{"product_cat":[{"value":18,"label":"Hybrid inverters"}]},"featured_image_src_large":["https:\/\/ownpowr.com\/wp-content\/uploads\/2022\/12\/b-1-1-f-b11f61014011a7497a53e4a35156c0f10529e03c_det_ivh_sung_shx-xrt-jpg_600x600@2x.jpeg",600,540,false],"author_info":[],"comment_info":"","_links":{"self":[{"href":"https:\/\/ownpowr.com\/fi\/wp-json\/wp\/v2\/product\/549","targetHints":{"allow":["GET"]}}],"collection":[{"href":"https:\/\/ownpowr.com\/fi\/wp-json\/wp\/v2\/product"}],"about":[{"href":"https:\/\/ownpowr.com\/fi\/wp-json\/wp\/v2\/types\/product"}],"wp:featuredmedia":[{"embeddable":true,"href":"https:\/\/ownpowr.com\/fi\/wp-json\/wp\/v2\/media\/550"}],"wp:attachment":[{"href":"https:\/\/ownpowr.com\/fi\/wp-json\/wp\/v2\/media?parent=549"}],"wp:term":[{"taxonomy":"product_cat","embeddable":true,"href":"https:\/\/ownpowr.com\/fi\/wp-json\/wp\/v2\/product_cat?post=549"},{"taxonomy":"product_tag","embeddable":true,"href":"https:\/\/ownpowr.com\/fi\/wp-json\/wp\/v2\/product_tag?post=549"}],"curies":[{"name":"wp","href":"https:\/\/api.w.org\/{rel}","templated":true}]}}