{"id":620,"date":"2023-10-04T16:36:05","date_gmt":"2023-10-04T14:36:05","guid":{"rendered":"https:\/\/ownpowr.com\/product\/byd-premium-lvs-pdu-base\/"},"modified":"2025-10-15T14:01:34","modified_gmt":"2025-10-15T12:01:34","slug":"byd-premium-lvs-pdu-base","status":"publish","type":"product","link":"https:\/\/ownpowr.com\/fi\/product\/byd-premium-lvs-pdu-base\/","title":{"rendered":"BYD premium LVS PDU + pohja"},"content":{"rendered":"<p>BYD Premium LVS -akunohjausj\u00e4rjestelm\u00e4, jossa on jalusta BYD Premium LVS -akunohjausj\u00e4rjestelm\u00e4, jossa on jalusta<\/p>\n<p>BYD Premium LVS PDU (Power Distribution Unit) jalustalla on LVS-akkusarjaa varten suunniteltu ohjausyksikk\u00f6. Jokainen akkupino vaatii yhden PDU:n optimaalisen toiminnan varmistamiseksi.<\/p>\n<p>T\u00e4rkeimm\u00e4t ominaisuudet:<\/p>\n<ul>\n<li>Skaalautuva kapasiteetti 4 kWh:sta 256 kWh:iin<\/li>\n<li>Maksimaalinen joustavuus jopa 64 akkumoduulin tuen ansiosta<\/li>\n<li>Rinnakkaisliit\u00e4nt\u00e4valmius<\/li>\n<li>Yhteensopiva johtavien 1- ja 3-vaiheisten taajuusmuuttajien kanssa.<\/li>\n<li>Hy\u00f6dynt\u00e4\u00e4 kobolttivapaata litium-rautafosfaatti (LFP) -akkuteknologiaa, joka parantaa turvallisuutta, pident\u00e4\u00e4 k\u00e4ytt\u00f6ik\u00e4\u00e4 ja tarjoaa ylivoimaisen tehon.<\/li>\n<li>Pystyy suuritehoiseen h\u00e4t\u00e4varavoimak\u00e4ytt\u00f6\u00f6n ja verkon ulkopuolisiin toimintoihin.<\/li>\n<li>Patentoitu sis\u00e4inen pistokesuunnittelu eliminoi ylim\u00e4\u00e4r\u00e4isen johdotuksen tarpeen.<\/li>\n<li>Oman kulutuksen optimointi soveltuu asuin- ja kaupallisiin sovelluksiin.<\/li>\n<\/ul>\n<p>AKKUKOTELO PREMIUM LVS<\/p>\n<p>4 kWh:n moduuli Yksinkertaistettu kuljetus ja asennus modulaarisen rakenteen ansiosta.<\/p>\n<p>BYD Battery-Box Premium LVS on monipuolinen litium-rautafosfaattiakku (LFP), joka on suunniteltu k\u00e4ytett\u00e4v\u00e4ksi ulkoisen vaihtosuuntaajan kanssa. Kukin Battery-Box Premium LVS koostuu 1-6 rinnakkain pinotusta akkumoduulista, joiden k\u00e4ytt\u00f6kapasiteetti on 4-24,0 kWh yhdess\u00e4 tornissa. Saatavilla olevia kokoonpanoja ovat mm:<\/p>\n<ul>\n<li>Akku-Box LVS 4.0 (4 kWh)<\/li>\n<li>Akku-Box LVS 8.0 (8 kWh)<\/li>\n<li>Akku-Box LVS 12.0 (12 kWh)<\/li>\n<li>Akku-Box LVS 16.0 (16 kWh)<\/li>\n<li>Battery-Box LVS 20.0 (20 kWh - vain yksi torni)<\/li>\n<li>Battery-Box LVS 24.0 (24 kWh - vain yksi torni)<\/li>\n<\/ul>\n<p>Suurempia energiavarastointitarpeita varten voit kytke\u00e4 jopa 16 Battery-Box LVS 16.0 -yksikk\u00f6\u00e4 rinnakkain, jolloin enimm\u00e4iskapasiteetti on 256 kWh. Lis\u00e4ksi j\u00e4rjestelm\u00e4 on skaalautuva, sill\u00e4 siihen voidaan my\u00f6hemmin lis\u00e4t\u00e4 LVS-moduuleja tai 1-4 moduulia sis\u00e4lt\u00e4vi\u00e4 rinnakkaistornia.<\/p>\n<h2><strong style=\"font-size: 16px\">Lis\u00e4tietoja:<\/strong><\/h2>\n<ul>\n<li><a href=\"https:\/\/storeyourownpower.com\/wp-content\/uploads\/2023\/01\/Datasheet-English-LVS.pdf\" target=\"_blank\" rel=\"noopener\">Tietolehti englanti LVS<\/a><\/li>\n<li><a href=\"https:\/\/storeyourownpower.com\/wp-content\/uploads\/2023\/01\/Datenblatt-German-LVS.pdf\" target=\"_blank\" rel=\"noopener\">Datenblatt Saksan LVS<\/a><\/li>\n<li><a href=\"https:\/\/storeyourownpower.com\/wp-content\/uploads\/2023\/01\/Mounting-instructions-English-LVS.pdf\" target=\"_blank\" rel=\"noopener\">Asennusohjeet englanti LVS<\/a><\/li>\n<li><a href=\"https:\/\/storeyourownpower.com\/wp-content\/uploads\/2023\/01\/Mounting-instructions-German-LVS.pdf\" target=\"_blank\" rel=\"noopener\">Asennusohjeet Saksan LVS<\/a><\/li>\n<li><a href=\"https:\/\/storeyourownpower.com\/wp-content\/uploads\/2023\/01\/Warranty-terms-English.pdf\" target=\"_blank\" rel=\"noopener\">Takuuehdot Englanti<\/a><\/li>\n<li><a href=\"https:\/\/storeyourownpower.com\/wp-content\/uploads\/2023\/01\/Warranty-terms-German-LVS.pdf\" target=\"_blank\" rel=\"noopener\">Takuuehdot Saksan LVS<\/a><\/li>\n<\/ul>","protected":false},"excerpt":{"rendered":"<p>BYD Premium LVS-akkujen ohjausj\u00e4rjestelm\u00e4 jalustalla BYD Premium LVS PDU (Power Distribution Unit) jalustalla on LVS-akkusarjaa varten suunniteltu ohjausyksikk\u00f6. Jokainen pino [...]<\/p>","protected":false},"featured_media":621,"template":"","meta":{"_seopress_robots_primary_cat":"none","_seopress_titles_title":"BYD Premium LVS PDU + base | Maximum Flexibility for any Application","_seopress_titles_desc":"The BYD Battery-Box Premium LVS offers scalable power storage from 4 kWh to 256 kWh with safety, flexibility, and high-powered capabilities for residential and commercial applications.","_seopress_robots_index":"","_kad_blocks_custom_css":"","_kad_blocks_head_custom_js":"","_kad_blocks_body_custom_js":"","_kad_blocks_footer_custom_js":""},"product_cat":[17],"product_tag":[],"class_list":{"0":"post-620","1":"product","2":"type-product","3":"status-publish","4":"has-post-thumbnail","6":"product_cat-home-batteries","8":"first","9":"instock","10":"sale","11":"taxable","12":"shipping-taxable","13":"purchasable","14":"product-type-simple"},"taxonomy_info":{"product_cat":[{"value":17,"label":"Home batteries"}]},"featured_image_src_large":["https:\/\/ownpowr.com\/wp-content\/uploads\/2023\/01\/BYD-LVS-BMU.jpeg",600,540,false],"author_info":[],"comment_info":"","_links":{"self":[{"href":"https:\/\/ownpowr.com\/fi\/wp-json\/wp\/v2\/product\/620","targetHints":{"allow":["GET"]}}],"collection":[{"href":"https:\/\/ownpowr.com\/fi\/wp-json\/wp\/v2\/product"}],"about":[{"href":"https:\/\/ownpowr.com\/fi\/wp-json\/wp\/v2\/types\/product"}],"wp:featuredmedia":[{"embeddable":true,"href":"https:\/\/ownpowr.com\/fi\/wp-json\/wp\/v2\/media\/621"}],"wp:attachment":[{"href":"https:\/\/ownpowr.com\/fi\/wp-json\/wp\/v2\/media?parent=620"}],"wp:term":[{"taxonomy":"product_cat","embeddable":true,"href":"https:\/\/ownpowr.com\/fi\/wp-json\/wp\/v2\/product_cat?post=620"},{"taxonomy":"product_tag","embeddable":true,"href":"https:\/\/ownpowr.com\/fi\/wp-json\/wp\/v2\/product_tag?post=620"}],"curies":[{"name":"wp","href":"https:\/\/api.w.org\/{rel}","templated":true}]}}