{"id":631,"date":"2023-10-05T01:25:09","date_gmt":"2023-10-04T23:25:09","guid":{"rendered":"https:\/\/ownpowr.com\/product\/sofar-solar-hyd-10ktl-3ph\/"},"modified":"2025-03-27T12:59:51","modified_gmt":"2025-03-27T10:59:51","slug":"sofar-solar-hyd-10ktl-3ph","status":"publish","type":"product","link":"https:\/\/ownpowr.com\/fi\/product\/sofar-solar-hyd-10ktl-3ph\/","title":{"rendered":"SofarSolar HYD-10KTL-3PH"},"content":{"rendered":"<p>Uusin tulokkaamme invertterisegmentill\u00e4, kiinalainen valmistaja Sofar Solar, tuo markkinoille kattavan tuotevalikoiman.<\/p>\n<p>HYD KTL-3PH -sarjan hybridivaihtosuuntaajat loistavat laajalla j\u00e4nnitealueella tehokkaita moduulisukupolvia ja jopa 2 akkukytkent\u00e4\u00e4 varten. Integroitu AC + DC-ylij\u00e4nnitesuoja ja varjonhallinta kuuluvat my\u00f6s t\u00e4ss\u00e4 vakiovarusteisiin. Teholuokkien ollessa 5-20 kW l\u00f6yd\u00e4t aina oikean.<\/p>\n<p>Yhteensopivat paristot:<\/p>\n<p>- Pylontech Voima H1 14,2-24,86<\/p>\n<p>- Pylontech Voima H2 7,1-14,2<\/p>\n<p>- Axitec AXIstorage Li SV1 13,5-23,6<\/p>\n<p>- Axitec AXIstorage Li SV2 6,7-13,5 Axitec AXIstorage Li SV2 6,7-13,5<\/p>\n<p>Tuotteen edut:<\/p>\n<p>- Laaja MPPT-j\u00e4nnitealue 180 - 960 V:n v\u00e4lill\u00e4<\/p>\n<p>- Integroitu ylij\u00e4nnitesuoja AC \/ DC tyyppi II<\/p>\n<p>- Aktiivinen varjonhallinta<\/p>\n<p>Tuotteen ominaisuudet:<\/p>\n<p>- AC-teho: 5 kW<\/p>\n<p>- MPPT:n m\u00e4\u00e4r\u00e4: 2<\/p>\n<p>- Liit\u00e4nt\u00e4vaiheet: 3<\/p>\n<p>- Liit\u00e4nn\u00e4t: In (FRE), RS485, WiFi, Bluetooth, Ethernet, 4 x dig.In (FRE)<\/p>\n<p>- Liit\u00e4nt\u00e4pistoke: MC4<\/p>\n<p>- Suojausluokka: IP 65<\/p>\n<p>- J\u00e4\u00e4hdytys: passiivinen<\/p>\n<p>- Mitat: 571 x 515 x 264 mm (KxSxKxS).<\/p>\n<p>- Paino: 33,0 kg<\/p>\n<p>- Takuu: 5 vuotta<\/p>\n<p><a href=\"https:\/\/storeyourownpower.com\/wp-content\/uploads\/2023\/02\/Datasheet-German-Sofar.pdf\" target=\"_blank\" rel=\"noopener\">Tietolehti German Sofar<\/a><\/p>","protected":false},"excerpt":{"rendered":"<p>Uusin tulokkaamme invertterisegmentill\u00e4, kiinalainen valmistaja Sofar Solar, tuo markkinoille kattavan tuotevalikoiman. HYD KTL-3PH -sarjan hybridi-invertterit loistavat laajalla j\u00e4nnitteen [...]<\/p>","protected":false},"featured_media":628,"template":"","meta":{"_seopress_robots_primary_cat":"none","_seopress_titles_title":"Sofar Solar HYD 10KTL-3PH","_seopress_titles_desc":"Sofar Solar HYD KTL-3PH series offers a wide voltage range, 2 battery connections, overvoltage protection, shadow management, and more. Find the perfect power class from 5 to 20 kW.","_seopress_robots_index":"","_kad_blocks_custom_css":"","_kad_blocks_head_custom_js":"","_kad_blocks_body_custom_js":"","_kad_blocks_footer_custom_js":""},"product_cat":[18],"product_tag":[],"class_list":{"0":"post-631","1":"product","2":"type-product","3":"status-publish","4":"has-post-thumbnail","6":"product_cat-hybrid-inverters","8":"first","9":"instock","10":"sale","11":"taxable","12":"shipping-taxable","13":"purchasable","14":"product-type-simple"},"taxonomy_info":{"product_cat":[{"value":18,"label":"Hybrid inverters"}]},"featured_image_src_large":["https:\/\/ownpowr.com\/wp-content\/uploads\/2023\/02\/Sofar-inverter.jpeg",672,606,false],"author_info":[],"comment_info":"","_links":{"self":[{"href":"https:\/\/ownpowr.com\/fi\/wp-json\/wp\/v2\/product\/631","targetHints":{"allow":["GET"]}}],"collection":[{"href":"https:\/\/ownpowr.com\/fi\/wp-json\/wp\/v2\/product"}],"about":[{"href":"https:\/\/ownpowr.com\/fi\/wp-json\/wp\/v2\/types\/product"}],"wp:featuredmedia":[{"embeddable":true,"href":"https:\/\/ownpowr.com\/fi\/wp-json\/wp\/v2\/media\/628"}],"wp:attachment":[{"href":"https:\/\/ownpowr.com\/fi\/wp-json\/wp\/v2\/media?parent=631"}],"wp:term":[{"taxonomy":"product_cat","embeddable":true,"href":"https:\/\/ownpowr.com\/fi\/wp-json\/wp\/v2\/product_cat?post=631"},{"taxonomy":"product_tag","embeddable":true,"href":"https:\/\/ownpowr.com\/fi\/wp-json\/wp\/v2\/product_tag?post=631"}],"curies":[{"name":"wp","href":"https:\/\/api.w.org\/{rel}","templated":true}]}}