{"id":652,"date":"2023-10-05T01:03:14","date_gmt":"2023-10-04T23:03:14","guid":{"rendered":"https:\/\/ownpowr.com\/product\/alphaess-smile-b3\/"},"modified":"2025-03-27T13:36:41","modified_gmt":"2025-03-27T11:36:41","slug":"alphaess-smile-b3","status":"publish","type":"product","link":"https:\/\/ownpowr.com\/fi\/product\/alfaess-hymy-b3\/","title":{"rendered":"AlphaEss Smile B3"},"content":{"rendered":"<ul>\n<li class=\"l_b6bx1li fl slick-slide\" role=\"option\" data-slick-index=\"5\" aria-hidden=\"true\" aria-describedby=\"slick-slide05\">\n<div class=\"l_b6bx1lis\">\n<div class=\"ys_imgbox_cover\">\n<ul>\n<li id=\"\" class=\"l_b6bx1li fl slick-slide slick-cloned\" data-slick-index=\"6\" aria-hidden=\"true\">\n<div class=\"l_b6bx1lis\">\n<p>Esittelyss\u00e4 SMILE-B3-energiavarastoratkaisu<\/p>\n<p>Vapauta tehokkaan energiavarastoinnin voima SMILE-B3:lla, joka on vankka j\u00e4rjestelm\u00e4, joka on suunniteltu asennettavaksi saumattomasti olemassa olevaan laitteistoon. T\u00e4m\u00e4 3 kW:n ratkaisu tarjoaa kapasiteettivalikoiman 2,9 kWh:sta 17,2 kWh:iin, mik\u00e4 takaa joustavuuden energiatarpeidesi t\u00e4ytt\u00e4miseksi.<\/p>\n<p>T\u00e4rkeimm\u00e4t ominaisuudet:<\/p>\n<ul>\n<li>J\u00e4lkiasennusyhteensopivuus<\/li>\n<li>AC-kytkent\u00e4ominaisuudet<\/li>\n<li>Sis\u00e4\u00e4nrakennettu akku parantaa suorituskyky\u00e4<\/li>\n<li>Modulaarinen rakenne helpottaa laajentamista<\/li>\n<li>Vaivaton asennus<\/li>\n<li>24\/7-valvonta takaa mielenrauhan<\/li>\n<\/ul>\n<p>SMILE-B3-PLUS:n tekniset tiedot:<\/p>\n<ul>\n<li>Max. AC-l\u00e4ht\u00f6teho: 3 kW<\/li>\n<li>Kapasiteettialue: 2,9 - 17,2 kWh<\/li>\n<li>Max. Lataus-\/purkausvirta: 60 A<\/li>\n<li>Purkautumissyvyys (DoD): 96%<\/li>\n<li>Mitat (L x S x K): 610 x 219 x 650 mm.<\/li>\n<li>K\u00e4ytt\u00f6l\u00e4mp\u00f6tila-alue: -10\u00b0C - 50\u00b0C<\/li>\n<li>IP-suojaus: IP65 \/ IP21<\/li>\n<li>Takuu: 5 vuoden tuotetakuu, 10 vuoden suorituskykytakuu.<\/li>\n<\/ul>\n<p>SMILE-B3 on ihanteellinen ratkaisu aurinkoj\u00e4rjestelmiin, joihin ei ole integroitu nykyist\u00e4 akkua. Se voidaan yhdist\u00e4\u00e4 jopa kuuden 2,9 kWh:n akun kanssa, jolloin varastointikapasiteetti kasvaa vaikuttavaan 17,2 kWh:iin. P\u00e4ivit\u00e4 energiavarastosi SMILE-B3:lla ja koe tehokas ja luotettava virranhallinta.<\/p>\n<\/div>\n<\/li>\n<\/ul>\n<\/div>\n<\/div>\n<\/li>\n<\/ul>\n<p><a href=\"https:\/\/storeyourownpower.com\/wp-content\/uploads\/2023\/02\/Datasheet-Smile-B3.pdf\" target=\"_blank\" rel=\"noopener\">Tietolehti Smile B3<\/a><\/p>","protected":false},"excerpt":{"rendered":"<p>&nbsp;<\/p>\n<p>&nbsp;<\/p>","protected":false},"featured_media":653,"template":"","meta":{"_seopress_robots_primary_cat":"none","_seopress_titles_title":"Expand Your Solar Storage: SMILE-B3 3kW Retrofit AC-Coupling with Built-in Battery","_seopress_titles_desc":"Upgrade your existing solar system with SMILE-B3, a modular and easy-to-install solution that maximizes your storage capacity to 17.2kWh.","_seopress_robots_index":"","_kad_blocks_custom_css":"","_kad_blocks_head_custom_js":"","_kad_blocks_body_custom_js":"","_kad_blocks_footer_custom_js":""},"product_cat":[17],"product_tag":[],"class_list":{"0":"post-652","1":"product","2":"type-product","3":"status-publish","4":"has-post-thumbnail","6":"product_cat-home-batteries","8":"first","9":"instock","10":"sale","11":"taxable","12":"shipping-taxable","13":"purchasable","14":"product-type-simple"},"taxonomy_info":{"product_cat":[{"value":17,"label":"Home batteries"}]},"featured_image_src_large":["https:\/\/ownpowr.com\/wp-content\/uploads\/2023\/02\/320_320_Product_logo_storage_system_5d3ab2d32f5cd.png",320,286,false],"author_info":[],"comment_info":"","_links":{"self":[{"href":"https:\/\/ownpowr.com\/fi\/wp-json\/wp\/v2\/product\/652","targetHints":{"allow":["GET"]}}],"collection":[{"href":"https:\/\/ownpowr.com\/fi\/wp-json\/wp\/v2\/product"}],"about":[{"href":"https:\/\/ownpowr.com\/fi\/wp-json\/wp\/v2\/types\/product"}],"wp:featuredmedia":[{"embeddable":true,"href":"https:\/\/ownpowr.com\/fi\/wp-json\/wp\/v2\/media\/653"}],"wp:attachment":[{"href":"https:\/\/ownpowr.com\/fi\/wp-json\/wp\/v2\/media?parent=652"}],"wp:term":[{"taxonomy":"product_cat","embeddable":true,"href":"https:\/\/ownpowr.com\/fi\/wp-json\/wp\/v2\/product_cat?post=652"},{"taxonomy":"product_tag","embeddable":true,"href":"https:\/\/ownpowr.com\/fi\/wp-json\/wp\/v2\/product_tag?post=652"}],"curies":[{"name":"wp","href":"https:\/\/api.w.org\/{rel}","templated":true}]}}