{"id":8075,"date":"2024-04-04T12:26:30","date_gmt":"2024-04-04T10:26:30","guid":{"rendered":"https:\/\/ownpowr.com\/?post_type=product&#038;p=8075"},"modified":"2025-02-27T11:42:05","modified_gmt":"2025-02-27T09:42:05","slug":"deye-ai-w15-3-battery-module","status":"publish","type":"product","link":"https:\/\/ownpowr.com\/fi\/product\/deye-ai-w15-3-paristomoduuli\/","title":{"rendered":"Deye AI-W5.1-B 15,36kWh Energiavarasto LiFePO 4"},"content":{"rendered":"<p class=\"product_title entry-title\">Deye AI-W15.3(LV)<\/p>\n<p>Setti sis\u00e4lt\u00e4\u00e4:<\/p>\n<p>3 x AI-W5.1<\/p>\n<p>1x AI-W5.1-PDU.1<\/p>\n<p>1x AI-W5.1-alusta<\/p>\n<p>&nbsp;<\/p>\n<p class=\"price\">Deye esittelee turvallisemman, luotettavamman ja joustavamman litium-rautafosfaatti (LFP) -aurinkok\u00e4ytt\u00f6isen akkuratkaisun, joka tarjoaa turvallisen ja luotettavan energiavarastointiratkaisun, joka on optimoitu asuin- ja kaupallisiin sovelluksiin, joissa tarvitaan virtaa ahtaissa tiloissa tai kuormitusrajoitusten kanssa.<\/p>\n<p class=\"price\">Deye:n litium-rautafosfaatti-aurinkok\u00e4ytt\u00f6inen akkupaketti tarjoaa turvallisen ja luotettavan energiavarastointiratkaisun asuin- ja kaupallisiin sovelluksiin, joissa tarvitaan virtaa ahtaissa tiloissa tai kuormitusrajoitusten alaisena. Kompakti ja kevyt akku soveltuu hyvin suuritehoisille laitteille, jotka toimivat rajoitetuissa tiloissa, ja se tarjoaa pitk\u00e4kestoista suorituskyky\u00e4 pidennetyn syklin ansiosta.<\/p>\n<p class=\"price\">Akun koboltiton LFP-kemia tarjoaa suuren tehotiheyden turvallisuudesta tinkim\u00e4tt\u00e4. \u00c4lyk\u00e4s akunhallintaj\u00e4rjestelm\u00e4 (BMS) valvoo kriittisi\u00e4 kennotietoja, kuten j\u00e4nnitett\u00e4, virtaa ja l\u00e4mp\u00f6tilaa, ja tasapainottaa latausta ja purkausta akun k\u00e4ytt\u00f6i\u00e4n maksimoimiseksi.<\/p>\n<p class=\"price\">Kapasiteettia ja tehoa voidaan skaalata useiden akkujen rinnakkaiskytkenn\u00f6ill\u00e4 tarpeen mukaan. Suuremmat akkupankkikokoonpanot tarjoavat suuremman energiakapasiteetin ja pidemm\u00e4t k\u00e4ytt\u00f6ajat. Luotettavaksi rakennettu akku tukee suurta purkauskapasiteettia ja yll\u00e4pit\u00e4\u00e4 toimintaa -20 \u00b0C:sta 55 \u00b0C:seen IP55-luokituksen ja luonnollisen j\u00e4\u00e4hdytyksen ansiosta.<\/p>\n<p class=\"price\">Modulaariset ja joustavat akut laajentavat kapasiteettia helposti jopa 184 kWh:iin yhdist\u00e4m\u00e4ll\u00e4 36 yksik\u00f6n klustereita.<\/p>\n<p class=\"price\">T\u00e4m\u00e4 aurinkoenergialla toimiva akkupaketti on ymp\u00e4rist\u00f6yst\u00e4v\u00e4llinen muotoilu, jossa k\u00e4ytet\u00e4\u00e4n myrkytt\u00f6mi\u00e4, saastuttamattomia materiaaleja.Asennusta helpottaa pinottava, lattialle asennettava muotoilu ilman ylim\u00e4\u00e4r\u00e4isi\u00e4 johtoja tai kiinnikkeit\u00e4. Asennus ja k\u00e4ytt\u00f6\u00f6notto on nopeaa ja vaivatonta.<\/p>\n<p class=\"price\">Mukavuutta tarjoaa automaattinen moduuliverkko, joka mahdollistaa et\u00e4valvonnan, huollon ja laiteohjelmiston p\u00e4ivityksen.<\/p>\n<p><a href=\"https:\/\/ownpowr.com\/wp-content\/uploads\/2023\/12\/ai-w5.1-v1.7.pdf\" target=\"_blank\" rel=\"noopener\">Deye AI-W5.1 Tietolehti<\/a><\/p>","protected":false},"excerpt":{"rendered":"<p>Deye AI-W15.3(LV) Sarja sis\u00e4lt\u00e4\u00e4: 3 x AI-W5.1 1x AI-W5.1-PDU.1 1x AI-W5.1-Base Deye esittelee turvallisemman, luotettavamman ja joustavamman litium-rautafosfaatti (LFP) aurinkoenergialla toimivan akkuratkaisun, joka [...]<\/p>","protected":false},"featured_media":10107,"template":"","meta":{"_seopress_robots_primary_cat":"none","_seopress_titles_title":"Deye AI-W15.3 LV: Reliable Compact LFP Solar Powered Battery Pack","_seopress_titles_desc":"Discover Deye AI-W15.3 Lithium Iron Phosphate (LFP) solar powered battery pack. Reliable, scalable, efficient, ideal for residential and commercial applications.","_seopress_robots_index":"","_kad_blocks_custom_css":"","_kad_blocks_head_custom_js":"","_kad_blocks_body_custom_js":"","_kad_blocks_footer_custom_js":""},"product_cat":[17],"product_tag":[],"class_list":{"0":"post-8075","1":"product","2":"type-product","3":"status-publish","4":"has-post-thumbnail","6":"product_cat-home-batteries","8":"first","9":"instock","10":"taxable","11":"shipping-taxable","12":"purchasable","13":"product-type-simple"},"taxonomy_info":{"product_cat":[{"value":17,"label":"Home batteries"}]},"featured_image_src_large":["https:\/\/ownpowr.com\/wp-content\/uploads\/2023\/12\/image-2.png",1000,1000,false],"author_info":[],"comment_info":"","_links":{"self":[{"href":"https:\/\/ownpowr.com\/fi\/wp-json\/wp\/v2\/product\/8075","targetHints":{"allow":["GET"]}}],"collection":[{"href":"https:\/\/ownpowr.com\/fi\/wp-json\/wp\/v2\/product"}],"about":[{"href":"https:\/\/ownpowr.com\/fi\/wp-json\/wp\/v2\/types\/product"}],"wp:featuredmedia":[{"embeddable":true,"href":"https:\/\/ownpowr.com\/fi\/wp-json\/wp\/v2\/media\/10107"}],"wp:attachment":[{"href":"https:\/\/ownpowr.com\/fi\/wp-json\/wp\/v2\/media?parent=8075"}],"wp:term":[{"taxonomy":"product_cat","embeddable":true,"href":"https:\/\/ownpowr.com\/fi\/wp-json\/wp\/v2\/product_cat?post=8075"},{"taxonomy":"product_tag","embeddable":true,"href":"https:\/\/ownpowr.com\/fi\/wp-json\/wp\/v2\/product_tag?post=8075"}],"curies":[{"name":"wp","href":"https:\/\/api.w.org\/{rel}","templated":true}]}}