{"id":82534,"date":"2024-05-31T12:02:10","date_gmt":"2024-05-31T10:02:10","guid":{"rendered":"https:\/\/ownpowr.com\/?post_type=product&#038;p=82534"},"modified":"2025-08-25T14:32:05","modified_gmt":"2025-08-25T12:32:05","slug":"blauhoff-maxus-60k-96kwh-energy-storage-cabinet-liquid-cooling-with-ev-charger","status":"publish","type":"product","link":"https:\/\/ownpowr.com\/fi\/product\/blauhoff-maxus-60k-96kwh-energiavarastokaappi-nestejaahdytyksella-ja-ev-laturilla-varustettuna\/","title":{"rendered":"Blauhoff Maxus 60K\/96KWh energiavarastokaappi nestej\u00e4\u00e4hdytys EV-laturilla varustettuna"},"content":{"rendered":"<p>&nbsp;<\/p>\n<p>Asennuksen suorittaa paikallinen asentaja teknisen henkil\u00f6kuntamme avustuksella.<\/p>\n<p>Blauhoff Maxus 96Kwh energiavarastokaappi nestej\u00e4\u00e4hdytteinen 10 vuoden takuu 8000 sykli\u00e4 EV-laturilla varustettuna<\/p>\n<p>Tuki mahdollinen<\/p>\n<p>Prismaattiset kennot takaavat parhaan laadun ja pisimm\u00e4n k\u00e4ytt\u00f6i\u00e4n, 8000 sykli\u00e4 ja 10 vuoden takuu kennoille ilman lis\u00e4kustannuksia ja 5 vuotta koko kennolle.<\/p>\n<p>Useimmilla muilla palveluntarjoajilla on 3-5 vuotta kokonaisille ja soluille, ja sitten sinun on maksettava ylim\u00e4\u00e4r\u00e4ist\u00e4, t\u00e4m\u00e4 koskee my\u00f6s k\u00e4ytt\u00e4m\u00e4\u00e4mme Dijkmanin EMS-j\u00e4rjestelm\u00e4\u00e4, ei kuukausikustannuksia ja se voi toimia ep\u00e4tasapainomarkkinoilla.<\/p>\n<p>T\u00e4ysin integroitu ESS helpottaa kuljetusta ja huoltoa.<\/p>\n<p>Integroitu akku EV-laturilla ja modulaarinen muotoilu tekee siit\u00e4 nopean k\u00e4ytt\u00f6\u00f6noton ja k\u00e4yt\u00f6n max 3 tunnin ty\u00f6n.<\/p>\n<p>Blauhoff BLH-96kWh-Maxus, nestej\u00e4\u00e4hdytyksell\u00e4 varustettu kaupallinen ja teollinen ESS, on integroitu energiavarastomuuntimella, akulla, BMS-j\u00e4rjestelm\u00e4ll\u00e4, EMS-j\u00e4rjestelm\u00e4ll\u00e4, l\u00e4mm\u00f6nhallinnalla, tehonjakelulla, palontorjunnalla, Ev-laturilla jne.<\/p>\n<p>All-in-one-rakenne on helppo asentaa ja yll\u00e4pit\u00e4\u00e4, ja se on liitett\u00e4viss\u00e4 kaikkiin muihin Maxus-tuotteisiin, ja se k\u00e4y automaattisesti kauppaa dynaamisella tehohinnoittelulla eri EMS-j\u00e4rjestelmien kautta.<\/p>\n<p>J\u00e4rjestelm\u00e4n turvallisuussuunnittelu takaa paremman akun suorituskyvyn ja pidemm\u00e4n k\u00e4ytt\u00f6i\u00e4n.<br \/>\nel\u00e4m\u00e4\u00e4. Useita kaappisarjoja voidaan kytke\u00e4 suoraan rinnakkain jopa 30 yksikk\u00f6\u00e4 energian varastoimiseksi.<br \/>\nj\u00e4rjestelm\u00e4n laajentaminen. Se on eritt\u00e4in helposti skaalautuva ja kannettava.<\/p>\n<p>Nestej\u00e4\u00e4hdytys :<br \/>\nAkkukennojen l\u00e4mp\u00f6tilan vaihtelu<br \/>\non koko j\u00e4rjestelm\u00e4ss\u00e4 \u00b11,5 \u00b0C:n tarkkuudella johtuen siit\u00e4, ett\u00e4<br \/>\n\u00e4lyk\u00e4s nestej\u00e4\u00e4hdytysj\u00e4rjestelm\u00e4. Se voi<br \/>\npident\u00e4\u00e4 j\u00e4rjestelm\u00e4n k\u00e4ytt\u00f6ik\u00e4\u00e4 jopa<br \/>\n30%, lis\u00e4\u00e4 j\u00e4rjestelm\u00e4n pitk\u00e4n aikav\u00e4lin tehokkuutta<br \/>\nenint\u00e4\u00e4n 88,5%.<\/p>\n<p>Mahdolliset lis\u00e4varusteet<\/p>\n<p>Varavoima STS- 2 EV-laturia 22 kw - hybridi-invertteri paneelien liit\u00e4nt\u00e4\u00e4 varten ipv AC-kytkettyin\u00e4<\/p>\n<p>Turvallinen<br \/>\nJ\u00e4rjestelm\u00e4ss\u00e4 on nelj\u00e4 hallintotasoa<br \/>\nrakenne, joka voi tarjota tarkan<br \/>\noikosulkusuojaus, ylivirtasuojaus<br \/>\nsuojaus, ylij\u00e4nnitesuojaus,<br \/>\nalij\u00e4nnitesuojaus, ylil\u00e4mp\u00f6tilasuojaus<br \/>\nsuojelu jne.<\/p>\n<p>Pakolliset turvallisuus- ja eurooppalaiset sertifikaatit, invertteri ja akut :<\/p>\n<p>EN 50549-1 koskee Maxus-taajuusmuuttajaa ja koskee pienj\u00e4nniteverkkoon liitettyj\u00e4 s\u00e4hk\u00f6ntuotantoyksik\u00f6it\u00e4 ja EN 50549-2 koskee keskij\u00e4nniteverkkoon liitettyj\u00e4 s\u00e4hk\u00f6ntuotantoyksik\u00f6it\u00e4.<\/p>\n<p><strong>NEN-EN-IEC 62619:2022 - Alkali- tai muita kuin happoelektrolyyttej\u00e4 sis\u00e4lt\u00e4v\u00e4t sekundaariset parit ja akut - Teollisuudessa k\u00e4ytett\u00e4vien sekundaaristen litiumparien ja -akkujen turvallisuusvaatimukset<\/strong><\/p>\n<p><strong>NEN-EN-IEC 61000-6-2\u3001EN IEC 61000-6-4<\/strong><\/p>\n<p><strong>UL 9540A:2019 painos 4 - Standardi testausmenetelm\u00e4lle akkujen energiavarastoj\u00e4rjestelmien palon levi\u00e4misen arvioimiseksi.<\/strong><\/p>\n<p><strong>UN38.3<\/strong><\/p>\n<p>VDE4100<\/p>","protected":false},"excerpt":{"rendered":"<p>&nbsp; Asennuksen suorittaa paikallinen asentaja teknisen henkil\u00f6kuntamme avustuksella. Blauhoff Maxus 96Kwh energiavarastokaappi nestej\u00e4\u00e4hdytteinen 10Y takuu 8000 sykli\u00e4 EV-laturilla Tuki mahdollinen [...]<\/p>","protected":false},"featured_media":82535,"template":"","meta":{"_seopress_robots_primary_cat":"none","_seopress_titles_title":"","_seopress_titles_desc":"","_seopress_robots_index":"","_kad_blocks_custom_css":"","_kad_blocks_head_custom_js":"","_kad_blocks_body_custom_js":"","_kad_blocks_footer_custom_js":""},"product_cat":[17,18,19],"product_tag":[],"class_list":{"0":"post-82534","1":"product","2":"type-product","3":"status-publish","4":"has-post-thumbnail","6":"product_cat-home-batteries","7":"product_cat-hybrid-inverters","8":"product_cat-sets-with-inverters","10":"first","11":"instock","12":"taxable","13":"shipping-taxable","14":"purchasable","15":"product-type-simple"},"taxonomy_info":{"product_cat":[{"value":17,"label":"Home batteries"},{"value":18,"label":"Hybrid inverters"},{"value":19,"label":"Sets with inverters"}]},"featured_image_src_large":["https:\/\/ownpowr.com\/wp-content\/uploads\/2024\/05\/photo-2024-02-21-15-07-10.jpg",800,800,false],"author_info":[],"comment_info":"","_links":{"self":[{"href":"https:\/\/ownpowr.com\/fi\/wp-json\/wp\/v2\/product\/82534","targetHints":{"allow":["GET"]}}],"collection":[{"href":"https:\/\/ownpowr.com\/fi\/wp-json\/wp\/v2\/product"}],"about":[{"href":"https:\/\/ownpowr.com\/fi\/wp-json\/wp\/v2\/types\/product"}],"wp:featuredmedia":[{"embeddable":true,"href":"https:\/\/ownpowr.com\/fi\/wp-json\/wp\/v2\/media\/82535"}],"wp:attachment":[{"href":"https:\/\/ownpowr.com\/fi\/wp-json\/wp\/v2\/media?parent=82534"}],"wp:term":[{"taxonomy":"product_cat","embeddable":true,"href":"https:\/\/ownpowr.com\/fi\/wp-json\/wp\/v2\/product_cat?post=82534"},{"taxonomy":"product_tag","embeddable":true,"href":"https:\/\/ownpowr.com\/fi\/wp-json\/wp\/v2\/product_tag?post=82534"}],"curies":[{"name":"wp","href":"https:\/\/api.w.org\/{rel}","templated":true}]}}