{"id":831,"date":"2023-10-04T16:35:29","date_gmt":"2023-10-04T14:35:29","guid":{"rendered":"https:\/\/ownpowr.com\/product\/blauhoff-bess-all-in-one-10k-10kwh\/"},"modified":"2025-03-27T12:50:48","modified_gmt":"2025-03-27T10:50:48","slug":"k-star-all-in-one-10k-10kwh","status":"publish","type":"product","link":"https:\/\/ownpowr.com\/fi\/product\/blauhoff-bess-all-in-one-10k-10kwh\/","title":{"rendered":"K-stars All-In-One kolmivaiheinen varastointiratkaisu 10K\/10kWh"},"content":{"rendered":"<div class=\"proInfos proInfos2 clearfix\">\n<div class=\"left\">\n<p>K-stars All-In-One kolmivaiheinen varastointiratkaisu (3-vaiheinen)<\/p>\n<p>T\u00e4rkeimm\u00e4t edut<\/p>\n<ul>\n<li>K\u00e4ytt\u00e4\u00e4 CATL:n huipputehokasta LFP-akkua, joka tunnetaan laadustaan ja joka on yksi huipputason kennotoimittajista.<\/li>\n<li>Pystyy k\u00e4sittelem\u00e4\u00e4n huomattavan 20KW:n aurinkos\u00e4hk\u00f6tehon, 10KW:n latauksen ja 10KW:n vaihtovirtal\u00e4hd\u00f6n.<\/li>\n<li>Siin\u00e4 on modulaarinen rakenne, joka mahdollistaa energiavarastoj\u00e4rjestelm\u00e4n laajentamisen useilla 5,12KWH-yksik\u00f6ill\u00e4.<\/li>\n<li>Tarjoaa vankan 10KW:n 3-vaiheisen varavoimalaitoksen, jonka on\/off-verkon kytkent\u00e4aika on alle 20 ms.<\/li>\n<li>Sis\u00e4lt\u00e4\u00e4 energianhallintaj\u00e4rjestelm\u00e4n (EMS), mik\u00e4 tekee siit\u00e4 monipuolisen eri sovelluksiin.<\/li>\n<li>Tukee enint\u00e4\u00e4n 4 yksikk\u00f6\u00e4 rinnakkain varavoimak\u00e4ytt\u00f6\u00e4 varten verkkovapaassa tilassa.<\/li>\n<li>Virtaviivainen all-in-one-muotoilu tarjoaa mukavuutta ja tehokkuutta.<\/li>\n<li>Korkea hy\u00f6tysuhde, jopa 97,6%.<\/li>\n<li>IP65-suojaus takaa kest\u00e4vyyden ja kest\u00e4vyyden.<\/li>\n<li>Valinnainen merkkijonojen valvontatoiminto.<\/li>\n<li>Yksinkertaistaa asennustoimenpiteit\u00e4.<\/li>\n<li>Varustettu digitaalisella ohjaimella.<\/li>\n<li>Ominaisuudet: DC\/AC ylij\u00e4nnitesuojaus.<\/li>\n<li>Sis\u00e4lt\u00e4\u00e4 reaktiivisen tehon s\u00e4\u00e4timen.<\/li>\n<\/ul>\n<p>BluE-S- E10KT<\/p>\n<p>2 x 5.1k Pack<\/p>\n<p>1x liit\u00e4nt\u00e4sarja Blue- 2x 5.1 pakkaus<\/p>\n<p>Takuutiedot<\/p>\n<ul>\n<li>Mukana 10 vuoden takuu.<\/li>\n<li>Suunniteltu vaikuttavalle 10 000 syklille.<\/li>\n<\/ul>\n<p>Erityinen asennustarjous<\/p>\n<ul>\n<li>Saatavana asennettavaksi Alankomaissa vain 750 euron erikoishintaan!<\/li>\n<\/ul>\n<p><a href=\"https:\/\/ownpowr.com\/wp-content\/uploads\/2023\/10\/datasheet-k-star-blue.pdf\" target=\"_blank\" rel=\"noopener\">Tietolehti K-Star BluE<\/a><\/p>\n<\/div>\n<\/div>\n<div class=\"hotBuy hotBuy2 clearfix\">\n<div class=\"left\">\n<div class=\"a\">\n<p>&nbsp;<\/p>\n<\/div>\n<\/div>\n<\/div>","protected":false},"excerpt":{"rendered":"<p>Blauhoff<\/p>\n<p>10 vuoden takuu<\/p>\n<p>10000 sykli\u00e4<\/p>\n<p>80% PUOLUSTUSMINISTERI\u00d6<\/p>","protected":false},"featured_media":832,"template":"","meta":{"_seopress_robots_primary_cat":"none","_seopress_titles_title":"K-star All-In-One Three Phase Storage Solution | High Performance LFP Battery","_seopress_titles_desc":"Get the K-star All-In-One Three Phase Storage Solution with CATL high performance LFP battery. 20KW PV input, modular design, easy installation, and more.","_seopress_robots_index":"","_kad_blocks_custom_css":"","_kad_blocks_head_custom_js":"","_kad_blocks_body_custom_js":"","_kad_blocks_footer_custom_js":""},"product_cat":[17,19],"product_tag":[],"class_list":{"0":"post-831","1":"product","2":"type-product","3":"status-publish","4":"has-post-thumbnail","6":"product_cat-home-batteries","7":"product_cat-sets-with-inverters","9":"first","10":"instock","11":"sale","12":"taxable","13":"shipping-taxable","14":"purchasable","15":"product-type-simple"},"taxonomy_info":{"product_cat":[{"value":17,"label":"Home batteries"},{"value":19,"label":"Sets with inverters"}]},"featured_image_src_large":["https:\/\/ownpowr.com\/wp-content\/uploads\/2023\/04\/Ontwerp-zonder-titel-1024x1024.png",1024,1024,true],"author_info":[],"comment_info":"","_links":{"self":[{"href":"https:\/\/ownpowr.com\/fi\/wp-json\/wp\/v2\/product\/831","targetHints":{"allow":["GET"]}}],"collection":[{"href":"https:\/\/ownpowr.com\/fi\/wp-json\/wp\/v2\/product"}],"about":[{"href":"https:\/\/ownpowr.com\/fi\/wp-json\/wp\/v2\/types\/product"}],"wp:featuredmedia":[{"embeddable":true,"href":"https:\/\/ownpowr.com\/fi\/wp-json\/wp\/v2\/media\/832"}],"wp:attachment":[{"href":"https:\/\/ownpowr.com\/fi\/wp-json\/wp\/v2\/media?parent=831"}],"wp:term":[{"taxonomy":"product_cat","embeddable":true,"href":"https:\/\/ownpowr.com\/fi\/wp-json\/wp\/v2\/product_cat?post=831"},{"taxonomy":"product_tag","embeddable":true,"href":"https:\/\/ownpowr.com\/fi\/wp-json\/wp\/v2\/product_tag?post=831"}],"curies":[{"name":"wp","href":"https:\/\/api.w.org\/{rel}","templated":true}]}}