{"id":910,"date":"2023-10-04T16:42:22","date_gmt":"2023-10-04T14:42:22","guid":{"rendered":"https:\/\/ownpowr.com\/product\/koyoe-10kw-three-phase-include-wire-wifi-smart-meter\/"},"modified":"2025-03-27T13:38:41","modified_gmt":"2025-03-27T11:38:41","slug":"koyoe-10kw-three-phase-include-wire-wifi-smart-meter","status":"publish","type":"product","link":"https:\/\/ownpowr.com\/fi\/product\/koyoe-10kw-kolmivaiheinen-sisaltavat-johto-wifi-alykas-mittari\/","title":{"rendered":"Koyoe 10kw invertteri kolmivaiheinen, sis\u00e4lt\u00e4\u00e4 johto, wifi, \u00e4lyk\u00e4s mittari"},"content":{"rendered":"<h1>Koyoe 10kw invertteri kolmivaiheinen, sis\u00e4lt\u00e4\u00e4 johto, wifi, \u00e4lyk\u00e4s mittari<\/h1>\n<p>Tuotemerkki: Koyoe<\/p>\n<p>Tuotekoodi \/ SKU: KY-EST10KH<\/p>\n<p>&nbsp;<\/p>\n<h2>Kuvaus<\/h2>\n<p><strong>Modulaarinen rakenne<\/strong><\/p>\n<p>Modulaarinen muotoilu, pinottu asennus yksinkertainen ulkon\u00e4k\u00f6 de merkki, integrointi modeemin kotiin;<\/p>\n<p><strong>Smar Switch<\/strong><\/p>\n<p>Verkon ulkopuolinen toiminta, joka tukee h\u00e4t\u00e4virtal\u00e4hdett\u00e4 ja saumatonta kytkent\u00e4\u00e4;<\/p>\n<p><strong>Laaja j\u00e4nnitetuloalue<\/strong><\/p>\n<p>Eritt\u00e4in laaja PV-j\u00e4nnitealue 120V-500V, akku ja eritt\u00e4in laaja j\u00e4nnitealue 85V-450V;<\/p>\n<p><strong>Turvallinen ja luotettava<\/strong><\/p>\n<p>\u00c4lyk\u00e4s ilmaj\u00e4\u00e4hdytys, alhainen l\u00e4mp\u00f6tilan nousu. Pitk\u00e4 k\u00e4ytt\u00f6ik\u00e4, useita suojaustoimintoja;<\/p>\n<p><strong>\u00c4lyk\u00e4s ja yksinkertainen<\/strong><\/p>\n<p>Tukee GPRS\/WIFI\/RS485\/USBLCD-suunnittelua, joka tukee et\u00e4valvontaa;<\/p>\n<p><strong>Korkea tehotehokkuus<\/strong><\/p>\n<p>V\u00e4hemm\u00e4n l\u00e4ht\u00f6tehon v\u00e4henemist\u00e4 korkeassa l\u00e4mp\u00f6tilassa,<br \/>\nhy\u00f6tysuhde on parantunut, PV:n maksimitehon ollessa jopa<br \/>\n1,3X nimellisteho<\/p>\n<p>&nbsp;<\/p>\n<p>Lataukset<\/p>\n<p><a href=\"https:\/\/storeyourownpower.com\/wp-content\/uploads\/2023\/05\/Templates_cn_file_Ess-Warranty.pdf\">_Templates_cn_file_Ess takuu<\/a><\/p>\n<p><a href=\"https:\/\/storeyourownpower.com\/wp-content\/uploads\/2023\/05\/Templates_cn_file_energy_10kw.pdf\">_Templates_cn_file_energy_10kw<\/a><\/p>","protected":false},"excerpt":{"rendered":"<p>Koyoe 10kw invertteri kolmivaiheinen, sis\u00e4lt\u00e4\u00e4 johto, wifi, \u00e4lyk\u00e4s mittari Merkki: Koyoe Tuotekoodi \/ SKU: KY-EST10KH Kuvaus Modulaarinen muotoilu Modulaarinen muotoilu, pinottu asennus yksinkertainen ulkon\u00e4k\u00f6 de merkki, integrointi [...]<\/p>","protected":false},"featured_media":903,"template":"","meta":{"_seopress_robots_primary_cat":"none","_seopress_titles_title":"Koyoe 10kw Inverter Three Phase - Wire, WiFi, Smart Meter","_seopress_titles_desc":"Experience the ultimate modular design and seamless integration with Koyoe 10kw Inverter. With wide voltage input range and smart features like GPRS\/WIFI monitoring, this inverter guarantees safe and reliable power supply.","_seopress_robots_index":"","_kad_blocks_custom_css":"","_kad_blocks_head_custom_js":"","_kad_blocks_body_custom_js":"","_kad_blocks_footer_custom_js":""},"product_cat":[18],"product_tag":[],"class_list":{"0":"post-910","1":"product","2":"type-product","3":"status-publish","4":"has-post-thumbnail","6":"product_cat-hybrid-inverters","8":"first","9":"instock","10":"sale","11":"taxable","12":"shipping-taxable","13":"purchasable","14":"product-type-simple"},"taxonomy_info":{"product_cat":[{"value":18,"label":"Hybrid inverters"}]},"featured_image_src_large":["https:\/\/ownpowr.com\/wp-content\/uploads\/2023\/05\/Koyoe-10kW-3-Phase-Hybrid-Inverter1-1024x1024.png",1024,1024,true],"author_info":[],"comment_info":"","_links":{"self":[{"href":"https:\/\/ownpowr.com\/fi\/wp-json\/wp\/v2\/product\/910","targetHints":{"allow":["GET"]}}],"collection":[{"href":"https:\/\/ownpowr.com\/fi\/wp-json\/wp\/v2\/product"}],"about":[{"href":"https:\/\/ownpowr.com\/fi\/wp-json\/wp\/v2\/types\/product"}],"wp:featuredmedia":[{"embeddable":true,"href":"https:\/\/ownpowr.com\/fi\/wp-json\/wp\/v2\/media\/903"}],"wp:attachment":[{"href":"https:\/\/ownpowr.com\/fi\/wp-json\/wp\/v2\/media?parent=910"}],"wp:term":[{"taxonomy":"product_cat","embeddable":true,"href":"https:\/\/ownpowr.com\/fi\/wp-json\/wp\/v2\/product_cat?post=910"},{"taxonomy":"product_tag","embeddable":true,"href":"https:\/\/ownpowr.com\/fi\/wp-json\/wp\/v2\/product_tag?post=910"}],"curies":[{"name":"wp","href":"https:\/\/api.w.org\/{rel}","templated":true}]}}