{"id":932,"date":"2023-10-04T16:37:39","date_gmt":"2023-10-04T14:37:39","guid":{"rendered":"https:\/\/ownpowr.com\/product\/enphase-encharge-3t-battery-only-15-year-warantee\/"},"modified":"2025-04-02T14:31:50","modified_gmt":"2025-04-02T12:31:50","slug":"enphase-encharge-3t-battery","status":"publish","type":"product","link":"https:\/\/ownpowr.com\/fi\/product\/enphase-encharge-3t-akku\/","title":{"rendered":"Enphase Encharge 3T -akku"},"content":{"rendered":"<p>Enphase Encharge 3T, jolla on 15 vuoden takuu<\/p>\n<p>Huomaa: Asentajan sertifiointi vaaditaan! K\u00e4y Enphase Universityss\u00e4 suorittamassa sertifiointisi.<\/p>\n<p>Enphase IQ Battery 3T\/10T Enphase IQ 3T:n ja 10T:n edut:<\/p>\n<ul>\n<li>T\u00e4ysin integroitu AC-akkuj\u00e4rjestelm\u00e4, jossa on integroidut IQ 8X-BAT -mikroinvertterit.<\/li>\n<li>Yksinkertainen liit\u00e4nt\u00e4 tavallisen kotitalousasennuksen vaihtovirtaan.<\/li>\n<li>Mukautuu tarkasti k\u00e4ytt\u00e4j\u00e4n erityisolosuhteisiin.<\/li>\n<li>K\u00e4ytt\u00e4j\u00e4yst\u00e4v\u00e4llinen ohjaus ja valvonta mobiilisovelluksen avulla<\/li>\n<li>Passiivinen j\u00e4\u00e4hdytysj\u00e4rjestelm\u00e4 (ei liikkuvia osia tai tuulettimia)<\/li>\n<li>Poikkeuksellinen kest\u00e4vyys ja 10 vuoden takuu<\/li>\n<li>Asentajan sertifiointi on pakollinen akkujen asennuksessa. Ota yhteytt\u00e4 Enphase-tilip\u00e4\u00e4llikk\u00f6\u00f6si sertifiointitietojen saamiseksi.<\/li>\n<li>Varmista, ett\u00e4 sinulla on Art. 270072 - Enphase - IQ Gateway-S Metered -laite.<\/li>\n<li>Enphase IQ 3T tarjoaa 3,5 kWh:n kokonaisvarastointikapasiteetin, ja siin\u00e4 on nelj\u00e4 integroitua mikroinvertteri\u00e4, joiden yhteenlaskettu teho on 1,28 kW.<\/li>\n<li>Asentajat voivat helposti r\u00e4\u00e4t\u00e4l\u00f6id\u00e4 j\u00e4rjestelm\u00e4n koon vastaamaan sek\u00e4 uusien asiakkaiden ett\u00e4 niiden asiakkaiden tarpeita, joilla on jo olemassa olevia aurinkopaneeleita.<\/li>\n<\/ul>\n<p>Encharge 3T -akkuvarastoj\u00e4rjestelm\u00e4, jossa on integroidut Enphase IQ -sarjan mikroinvertterit ja akunhallintayksikk\u00f6 (BMU).<\/p>\n<p>T\u00e4m\u00e4 setti sis\u00e4lt\u00e4\u00e4:<\/p>\n<ul>\n<li>1x Encharge 3T -perusyksikk\u00f6 (ENP-B03-T01-INT00-1-2)<\/li>\n<\/ul>\n<p>Nauti mielenrauhasta, joka liittyy Enphase Encharge 3T:hen, jonka tukena on runsas 15 vuoden takuu. Huomioi asentajan sertifiointivaatimus oikeaa asennusta ja konfigurointia varten.<\/p>\n<p><strong>Lis\u00e4tietoja:<\/strong><\/p>\n<ul>\n<li><a href=\"https:\/\/storeyourownpower.com\/wp-content\/uploads\/2022\/12\/Datenblatt-German-Encharge-3T.pdf\" target=\"_blank\" rel=\"noopener\">Datenblatt Saksan Encharge 3T<\/a><\/li>\n<li><a href=\"https:\/\/storeyourownpower.com\/wp-content\/uploads\/2022\/12\/Datasheet-English-Encharge-3T.pdf\" target=\"_blank\" rel=\"noopener\">Tietolehti englanti Encharge 3T<\/a><\/li>\n<li><a href=\"https:\/\/storeyourownpower.com\/wp-content\/uploads\/2022\/12\/Warranty-terms-English-Encharge-3T.pdf\" target=\"_blank\" rel=\"noopener\">Takuuehdot englanti Encharge 3T<\/a><\/li>\n<li><a href=\"https:\/\/storeyourownpower.com\/wp-content\/uploads\/2022\/12\/Warranty-terms-German-Encharge-3T.pdf\" target=\"_blank\" rel=\"noopener\">Takuuehdot German Encharge 3T<\/a><\/li>\n<li><a href=\"https:\/\/storeyourownpower.com\/wp-content\/uploads\/2022\/12\/Mounting-instructions-English-Encharge-3T.pdf\" target=\"_blank\" rel=\"noopener\">Asennusohjeet Suomi Encharge 3T<\/a><\/li>\n<\/ul>","protected":false},"excerpt":{"rendered":"<p>15 vuoden takuu t\u00e4h\u00e4n hintaan !<\/p>","protected":false},"featured_media":39969,"template":"","meta":{"_seopress_robots_primary_cat":"none","_seopress_titles_title":"Enphase Encharge 3T: 15-Year Warranty, Installer Certification Required","_seopress_titles_desc":"Discover the advantages of Enphase IQ Battery 3T\/10T, a fully integrated AC battery system that optimally adjusts to your needs. Get certified at Enphase University.","_seopress_robots_index":"","_kad_blocks_custom_css":"","_kad_blocks_head_custom_js":"","_kad_blocks_body_custom_js":"","_kad_blocks_footer_custom_js":""},"product_cat":[17],"product_tag":[],"class_list":{"0":"post-932","1":"product","2":"type-product","3":"status-publish","4":"has-post-thumbnail","6":"product_cat-home-batteries","8":"first","9":"outofstock","10":"sale","11":"taxable","12":"shipping-taxable","13":"purchasable","14":"product-type-simple"},"taxonomy_info":{"product_cat":[{"value":17,"label":"Home batteries"}]},"featured_image_src_large":["https:\/\/ownpowr.com\/wp-content\/uploads\/2023\/10\/enphase-iq-batterij-3t-achterkant-900x900-2.jpeg",658,658,false],"author_info":[],"comment_info":"","_links":{"self":[{"href":"https:\/\/ownpowr.com\/fi\/wp-json\/wp\/v2\/product\/932","targetHints":{"allow":["GET"]}}],"collection":[{"href":"https:\/\/ownpowr.com\/fi\/wp-json\/wp\/v2\/product"}],"about":[{"href":"https:\/\/ownpowr.com\/fi\/wp-json\/wp\/v2\/types\/product"}],"wp:featuredmedia":[{"embeddable":true,"href":"https:\/\/ownpowr.com\/fi\/wp-json\/wp\/v2\/media\/39969"}],"wp:attachment":[{"href":"https:\/\/ownpowr.com\/fi\/wp-json\/wp\/v2\/media?parent=932"}],"wp:term":[{"taxonomy":"product_cat","embeddable":true,"href":"https:\/\/ownpowr.com\/fi\/wp-json\/wp\/v2\/product_cat?post=932"},{"taxonomy":"product_tag","embeddable":true,"href":"https:\/\/ownpowr.com\/fi\/wp-json\/wp\/v2\/product_tag?post=932"}],"curies":[{"name":"wp","href":"https:\/\/api.w.org\/{rel}","templated":true}]}}