{"id":1090,"date":"2023-10-04T16:42:23","date_gmt":"2023-10-04T14:42:23","guid":{"rendered":"https:\/\/ownpowr.com\/product\/lg-chem-resu-6-5-prime\/"},"modified":"2025-02-27T12:49:47","modified_gmt":"2025-02-27T10:49:47","slug":"lg-chem-resu-6-5-prime","status":"publish","type":"product","link":"https:\/\/ownpowr.com\/fr\/product\/lg-chem-resu-6-5-prime\/","title":{"rendered":"LG Chem Resu 6.5 PRIME"},"content":{"rendered":"<p>&nbsp;<\/p>\n<p>LG CHEM RESU 6.5 LI-IO 6.5 kWh Batterie de stockage<\/p>\n<p>LG Chem ESS Residential Energy Storage System Compatible avec Sunny Island 3.0M, Sunny Island 4.4M, Sunny Island 6.0 H, SolaX, Sungrow, Schneider, Ingeteam, GoodWe, Redback, Victron Energy.<\/p>\n<p>Le RESU repr\u00e9sente une solution \u00e9nerg\u00e9tique intelligente pour les m\u00e9nages, r\u00e9duisant efficacement vos d\u00e9penses d'\u00e9lectricit\u00e9 gr\u00e2ce \u00e0 la gestion des pics. Associ\u00e9 \u00e0 des syst\u00e8mes photovolta\u00efques, le RESU optimise l'utilisation de l'\u00e9lectricit\u00e9 autoproduite, ce qui contribue encore \u00e0 r\u00e9duire les co\u00fbts. En outre, le RESU constitue une source d'\u00e9nergie fiable en cas de coupure de courant inattendue.<\/p>\n<p>Sp\u00e9cifications techniques pour le stockage RESU 6.5 ESS :<\/p>\n<ul>\n<li>\u00c9conomies sur la facture d'\u00e9lectricit\u00e9 : Gestion efficace des pics de consommation<\/li>\n<li>Utilisation de l'\u00e9nergie propre des syst\u00e8mes photovolta\u00efques<\/li>\n<li>Alimentation \u00e9lectrique fiable<\/li>\n<li>Mat\u00e9riaux respectueux de l'environnement<\/li>\n<li>Faible entretien<\/li>\n<\/ul>\n<p>Principaux d\u00e9tails techniques :<\/p>\n<ul>\n<li>Mod\u00e8le : RESU 6.5<\/li>\n<li>Capacit\u00e9 \u00e9nerg\u00e9tique (kWh) : 6.5<\/li>\n<li>Tension (V) : 48<\/li>\n<li>Capacit\u00e9 (Ah) : 126<\/li>\n<li>Syst\u00e8me de gestion de la batterie (BMS) : int\u00e9gr\u00e9<\/li>\n<li>Poids (kg) : 52<\/li>\n<li>Dimensions (mm) : Largeur 452, Hauteur 654, Profondeur 120<\/li>\n<\/ul>","protected":false},"excerpt":{"rendered":"<p>&nbsp; LG CHEM RESU 6.5 LI-IO 6.5 kWh Batterie de stockage LG Chem ESS Residential Energy Storage System Compatible avec Sunny Island 3.0M, Sunny Island 4.4M, Sunny Island 6.0 H, SolaX, [...]<\/p>","protected":false},"featured_media":1091,"template":"","meta":{"_seopress_robots_primary_cat":"none","_seopress_titles_title":"LG CHEM RESU 6.5 LI-IO: Smart Energy Solution for Homes","_seopress_titles_desc":"Lower your electricity bill with peak management, enhance self-consumption of self-generated electricity, and enjoy a reliable power source with LG Chem RESU 6.5 ESS storage battery.","_seopress_robots_index":"","_kad_blocks_custom_css":"","_kad_blocks_head_custom_js":"","_kad_blocks_body_custom_js":"","_kad_blocks_footer_custom_js":""},"product_cat":[17],"product_tag":[],"class_list":{"0":"post-1090","1":"product","2":"type-product","3":"status-publish","4":"has-post-thumbnail","6":"product_cat-home-batteries","8":"first","9":"instock","10":"sale","11":"taxable","12":"shipping-taxable","13":"purchasable","14":"product-type-simple"},"taxonomy_info":{"product_cat":[{"value":17,"label":"Home batteries"}]},"featured_image_src_large":["https:\/\/ownpowr.com\/wp-content\/uploads\/2023\/07\/Resu6.5.jpeg",600,540,false],"author_info":[],"comment_info":"","_links":{"self":[{"href":"https:\/\/ownpowr.com\/fr\/wp-json\/wp\/v2\/product\/1090","targetHints":{"allow":["GET"]}}],"collection":[{"href":"https:\/\/ownpowr.com\/fr\/wp-json\/wp\/v2\/product"}],"about":[{"href":"https:\/\/ownpowr.com\/fr\/wp-json\/wp\/v2\/types\/product"}],"wp:featuredmedia":[{"embeddable":true,"href":"https:\/\/ownpowr.com\/fr\/wp-json\/wp\/v2\/media\/1091"}],"wp:attachment":[{"href":"https:\/\/ownpowr.com\/fr\/wp-json\/wp\/v2\/media?parent=1090"}],"wp:term":[{"taxonomy":"product_cat","embeddable":true,"href":"https:\/\/ownpowr.com\/fr\/wp-json\/wp\/v2\/product_cat?post=1090"},{"taxonomy":"product_tag","embeddable":true,"href":"https:\/\/ownpowr.com\/fr\/wp-json\/wp\/v2\/product_tag?post=1090"}],"curies":[{"name":"wp","href":"https:\/\/api.w.org\/{rel}","templated":true}]}}