{"id":11224,"date":"2024-04-04T12:26:31","date_gmt":"2024-04-04T10:26:31","guid":{"rendered":"https:\/\/ownpowr.com\/?post_type=product&#038;p=11224"},"modified":"2025-02-27T11:42:24","modified_gmt":"2025-02-27T09:42:24","slug":"deye-ai-w5-1-only-battery","status":"publish","type":"product","link":"https:\/\/ownpowr.com\/fr\/product\/deye-ai-w5-1-only-battery\/","title":{"rendered":"Deye AI-W5.1-B 5,1 kWh Stockage d'\u00e9nergie LV LiFePO4"},"content":{"rendered":"<p>Deye AI-W5.1(LV)<\/p>\n<div class=\"woocommerce-product-details__short-description\">Deye pr\u00e9sente une solution de batterie solaire au phosphate de fer lithium (LFP) plus s\u00fbre, plus fiable et plus flexible qui offre une solution de stockage d'\u00e9nergie s\u00fbre et fiable optimis\u00e9e pour les applications r\u00e9sidentielles et commerciales n\u00e9cessitant de l'\u00e9nergie dans des espaces restreints ou avec des restrictions de charge.<\/div>\n<div><\/div>\n<div>\n<p>Description<\/p>\n<p>La batterie solaire au lithium-phosphate de fer Deye constitue une solution de stockage d'\u00e9nergie s\u00fbre et fiable pour les applications r\u00e9sidentielles et commerciales n\u00e9cessitant de l'\u00e9nergie dans des espaces restreints ou avec des restrictions de charge. Compacte et l\u00e9g\u00e8re, elle est bien adapt\u00e9e aux \u00e9quipements de grande puissance fonctionnant dans des espaces restreints, et offre des performances durables gr\u00e2ce \u00e0 une dur\u00e9e de vie prolong\u00e9e.<\/p>\n<p>La chimie LFP sans cobalt de la batterie offre une densit\u00e9 de puissance \u00e9lev\u00e9e sans compromettre la s\u00e9curit\u00e9. Un syst\u00e8me intelligent de gestion de la batterie (BMS) surveille les points de donn\u00e9es critiques de la cellule tels que la tension, le courant et la temp\u00e9rature, en \u00e9quilibrant la charge et la d\u00e9charge pour maximiser la dur\u00e9e de vie de la batterie.<\/p>\n<p>La capacit\u00e9 et la puissance peuvent \u00eatre modul\u00e9es par la mise en parall\u00e8le de plusieurs batteries en fonction des besoins. Des configurations de batteries plus importantes offrent une plus grande capacit\u00e9 \u00e9nerg\u00e9tique et des dur\u00e9es de fonctionnement plus longues. Construite pour la fiabilit\u00e9, la batterie supporte des capacit\u00e9s de d\u00e9charge \u00e9lev\u00e9es et fonctionne de -20\u00b0C \u00e0 55\u00b0C avec un indice IP55 et un refroidissement naturel.<\/p>\n<p>Modulaires et flexibles, les batteries augmentent facilement leur capacit\u00e9 jusqu'\u00e0 184 kWh en combinant des grappes de 36 unit\u00e9s.<\/p>\n<p>Cette batterie aliment\u00e9e par l'\u00e9nergie solaire est con\u00e7ue dans le respect de l'environnement et utilise des mat\u00e9riaux non toxiques et non polluants.<\/p>\n<p>L'installation est simplifi\u00e9e gr\u00e2ce \u00e0 une conception empilable et mont\u00e9e au sol, sans c\u00e2blage ni fixations suppl\u00e9mentaires. L'installation et le d\u00e9ploiement sont rapides et sans effort.<\/p>\n<p>Le confort est assur\u00e9 par la mise en r\u00e9seau automatique des modules pour la surveillance \u00e0 distance, la maintenance et les mises \u00e0 jour des microprogrammes.<\/p>\n<p><a href=\"https:\/\/ownpowr.com\/wp-content\/uploads\/2023\/12\/deye-ai-w5.1-datasheet.pdf\" target=\"_blank\" rel=\"noopener\">Fiche technique Deye AI-W5.1<\/a><\/p>\n<\/div>","protected":false},"excerpt":{"rendered":"<p>Deye AI-W5.1(LV) Deye pr\u00e9sente une solution de batterie solaire au phosphate de fer lithi\u00e9 (LFP) plus s\u00fbre, plus fiable et plus flexible qui offre une solution de stockage d'\u00e9nergie s\u00fbre et fiable optimis\u00e9e pour [...]<\/p>","protected":false},"featured_media":138814,"template":"","meta":{"_seopress_robots_primary_cat":"none","_seopress_titles_title":"Reliable and Compact Deye AI-W5.1(LV) Battery Solution","_seopress_titles_desc":"Experience the Deye AI-W5.1(LV): A safe, reliable and flexible solar powered lithium iron phosphate battery pack. Perfect for small spaces and load restrictions.","_seopress_robots_index":"","_kad_blocks_custom_css":"","_kad_blocks_head_custom_js":"","_kad_blocks_body_custom_js":"","_kad_blocks_footer_custom_js":""},"product_cat":[17],"product_tag":[],"class_list":{"0":"post-11224","1":"product","2":"type-product","3":"status-publish","4":"has-post-thumbnail","6":"product_cat-home-batteries","8":"first","9":"instock","10":"sale","11":"taxable","12":"shipping-taxable","13":"purchasable","14":"product-type-simple"},"taxonomy_info":{"product_cat":[{"value":17,"label":"Home batteries"}]},"featured_image_src_large":["https:\/\/ownpowr.com\/wp-content\/uploads\/2024\/04\/ai-b-version.png",673,341,false],"author_info":[],"comment_info":"","_links":{"self":[{"href":"https:\/\/ownpowr.com\/fr\/wp-json\/wp\/v2\/product\/11224","targetHints":{"allow":["GET"]}}],"collection":[{"href":"https:\/\/ownpowr.com\/fr\/wp-json\/wp\/v2\/product"}],"about":[{"href":"https:\/\/ownpowr.com\/fr\/wp-json\/wp\/v2\/types\/product"}],"wp:featuredmedia":[{"embeddable":true,"href":"https:\/\/ownpowr.com\/fr\/wp-json\/wp\/v2\/media\/138814"}],"wp:attachment":[{"href":"https:\/\/ownpowr.com\/fr\/wp-json\/wp\/v2\/media?parent=11224"}],"wp:term":[{"taxonomy":"product_cat","embeddable":true,"href":"https:\/\/ownpowr.com\/fr\/wp-json\/wp\/v2\/product_cat?post=11224"},{"taxonomy":"product_tag","embeddable":true,"href":"https:\/\/ownpowr.com\/fr\/wp-json\/wp\/v2\/product_tag?post=11224"}],"curies":[{"name":"wp","href":"https:\/\/api.w.org\/{rel}","templated":true}]}}