{"id":119,"date":"2022-11-11T09:25:43","date_gmt":"2022-11-11T07:25:43","guid":{"rendered":"https:\/\/ownpowr.com\/product\/sungrow-sbr096-battery-blue\/"},"modified":"2025-03-27T13:29:55","modified_gmt":"2025-03-27T11:29:55","slug":"sungrow-sbr096-battery-blue","status":"publish","type":"product","link":"https:\/\/ownpowr.com\/fr\/product\/sungrow-sbr096-batterie-bleue\/","title":{"rendered":"Sungrow SBR 9,6kWh SBR096"},"content":{"rendered":"<p>Sungrow SBR 9,6kWh SBR096 V2 blue LFP battery + accessorie<\/p>\n<p>Cet ensemble de batteries domestiques de Sungrow comprend les \u00e9l\u00e9ments suivants :<br \/>\n3x Sungrow SBR premium battery module 3.2 kWh<br \/>\n1x Sungrow premium battery management system + accessoires<\/p>\n<p>- Type de batterie : Cellule prismatique LiFePO4<br \/>\n- Puissance nominale : 9,6 kWh<br \/>\n- \u00c9nergie (utilisable) : 9,6 kWh<br \/>\n- Tension nominale : 192 V<br \/>\n- Tension de fonctionnement : 150 - 219 V<br \/>\n- Puissance nominale en courant continu : 5,76 kW<br \/>\n- Puissance de charge\/d\u00e9charge maximale : 6,57 kW<br \/>\n- Courant de charge\/d\u00e9charge maximal (continu) : 30 A<br \/>\n- Courant de charge\/d\u00e9charge maximal (impulsion de 10 s) : 42 A<br \/>\n- Profondeur de d\u00e9charge : 100%<br \/>\n- Courant de court-circuit : 1700 A<br \/>\n- Affichage : Indicateur SOC, indicateur d'\u00e9tat<br \/>\n- Interface de communication : CAN<br \/>\n- Lieu d'installation : Int\u00e9rieur \/ ext\u00e9rieur<br \/>\n- M\u00e9thode de montage : Support de sol<br \/>\n- Plage de temp\u00e9rature de fonctionnement : Chargement : 0 \u00e0 50\u2103 \/ D\u00e9charge : -30 \u00e0 50\u2103<br \/>\n- Indice de protection : IP55<br \/>\n- Humidit\u00e9 relative admissible : 0% \u00e0 95% (sans condensation)<br \/>\n- Hauteur maximale d'utilisation : 2000 m<br \/>\n- M\u00e9thode de refroidissement : convection naturelle<br \/>\n- Certifications : CE, CEC, IEC 62619, IEC 62040, UN38.3, VDE 2510-50<br \/>\n- Adaptation pour l'expansion : Jusqu'\u00e0 4 unit\u00e9s en parall\u00e8le (une bo\u00eete de jonction suppl\u00e9mentaire est n\u00e9cessaire, mais n'est pas disponible actuellement).<\/p>\n<p><a href=\"https:\/\/storeyourownpower.com\/wp-content\/uploads\/2022\/08\/Datasheet-German-2.pdf\" target=\"_blank\" rel=\"noopener\">Fiche technique en allemand<\/a><br \/>\n<a href=\"https:\/\/storeyourownpower.com\/wp-content\/uploads\/2022\/08\/Datasheets-English.pdf\" target=\"_blank\" rel=\"noopener\">Fiches techniques Anglais<\/a><br \/>\n<a href=\"https:\/\/storeyourownpower.com\/wp-content\/uploads\/2022\/08\/Mounting-instructions-English-2.pdf\" target=\"_blank\" rel=\"noopener\">Instructions de montage Anglais<\/a><br \/>\n<a href=\"https:\/\/storeyourownpower.com\/wp-content\/uploads\/2022\/08\/Mounting-instructions-German-2.pdf\" target=\"_blank\" rel=\"noopener\">Instructions de montage en allemand<\/a><br \/>\n<a href=\"https:\/\/storeyourownpower.com\/wp-content\/uploads\/2022\/08\/Warranty-terms-English-2.pdf\" target=\"_blank\" rel=\"noopener\">Conditions de garantie Anglais<\/a><br \/>\n<a href=\"https:\/\/storeyourownpower.com\/wp-content\/uploads\/2022\/08\/Warranty-terms-German-1.pdf\" target=\"_blank\" rel=\"noopener\">Conditions de garantie Allemand<\/a><\/p>","protected":false},"excerpt":{"rendered":"<p>Sungrow SBR 9,6kWh SBR096 V2 blue LFP battery + accessorie Cet ensemble de batteries domestiques de Sungrow comprend les \u00e9l\u00e9ments suivants : 3x Sungrow SBR premium module de batterie 3.2 kWh 1x Sungrow premium [...]<\/p>","protected":false},"featured_media":120,"template":"","meta":{"_seopress_robots_primary_cat":"none","_seopress_titles_title":"","_seopress_titles_desc":"","_seopress_robots_index":"","_kad_blocks_custom_css":"","_kad_blocks_head_custom_js":"","_kad_blocks_body_custom_js":"","_kad_blocks_footer_custom_js":""},"product_cat":[17],"product_tag":[],"class_list":{"0":"post-119","1":"product","2":"type-product","3":"status-publish","4":"has-post-thumbnail","6":"product_cat-home-batteries","8":"first","9":"instock","10":"sale","11":"taxable","12":"shipping-taxable","13":"purchasable","14":"product-type-simple"},"taxonomy_info":{"product_cat":[{"value":17,"label":"Home batteries"}]},"featured_image_src_large":["https:\/\/ownpowr.com\/wp-content\/uploads\/2022\/11\/Screenshot-2022-06-22-at-16.19.50.jpg",982,810,false],"author_info":[],"comment_info":"","_links":{"self":[{"href":"https:\/\/ownpowr.com\/fr\/wp-json\/wp\/v2\/product\/119","targetHints":{"allow":["GET"]}}],"collection":[{"href":"https:\/\/ownpowr.com\/fr\/wp-json\/wp\/v2\/product"}],"about":[{"href":"https:\/\/ownpowr.com\/fr\/wp-json\/wp\/v2\/types\/product"}],"wp:featuredmedia":[{"embeddable":true,"href":"https:\/\/ownpowr.com\/fr\/wp-json\/wp\/v2\/media\/120"}],"wp:attachment":[{"href":"https:\/\/ownpowr.com\/fr\/wp-json\/wp\/v2\/media?parent=119"}],"wp:term":[{"taxonomy":"product_cat","embeddable":true,"href":"https:\/\/ownpowr.com\/fr\/wp-json\/wp\/v2\/product_cat?post=119"},{"taxonomy":"product_tag","embeddable":true,"href":"https:\/\/ownpowr.com\/fr\/wp-json\/wp\/v2\/product_tag?post=119"}],"curies":[{"name":"wp","href":"https:\/\/api.w.org\/{rel}","templated":true}]}}