{"id":133,"date":"2023-10-04T16:35:56","date_gmt":"2023-10-04T14:35:56","guid":{"rendered":"https:\/\/ownpowr.com\/product\/byd-b-box-premium-lvs-20-0\/"},"modified":"2025-10-15T14:03:08","modified_gmt":"2025-10-15T12:03:08","slug":"byd-b-box-premium-lvs-20-0","status":"publish","type":"product","link":"https:\/\/ownpowr.com\/fr\/product\/byd-b-box-premium-lvs-20-0\/","title":{"rendered":"BYD Battery-Box premium LVS 20.0 kWh Livraison mi-d\u00e9cembre\/fin d\u00e9cembre"},"content":{"rendered":"<p>BYD B-Box premium LVS 20.0<\/p>\n<p>ATTENTION :<br \/>\nMati\u00e8re dangereuse selon UN 3480 \/ Classe de risque de transport 9 \/ Groupe d'emballage II<\/p>\n<p>Informations<\/p>\n<p>- capacit\u00e9 utilisable : 20,00 kWh<br \/>\n- tension nominale : 51,2 V<br \/>\n- Courant de sortie max. Courant de sortie : 250A<br \/>\n- Courant de sortie de cr\u00eate : 360A, 5s<br \/>\n- Plage de tension de fonctionnement : 40-57.6 V<br \/>\n- temp\u00e9rature ambiante : -10 \u00b0C \u00e0 +50 \u00b0C<br \/>\n- interfaces : CAN\/RS485<br \/>\n- efficacit\u00e9 \u00e9nerg\u00e9tique sur l'aller-retour : &gt;= 95%<br \/>\n- certification : VDE2510-50 \/ IEC62619\/ CE \/ CEC \/ UN38.3<br \/>\n- Classe de protection IP : IP55<br \/>\n- Applications : ON Grid \/ ON Grid + Backup \/ OFF GridLe kit comprend<br \/>\n5x BYD B-BOX PREMIUM LVS module de batterie<br \/>\n1x BYD LV PDU + Base<br \/>\n1x BYD LV Unit\u00e9 de gestion de la batterie NOUVEAU)<\/p>\n<p><strong>Plus d'informations :<\/strong><\/p>\n<div class=\"product--description\">\n<ul>\n<li><a href=\"https:\/\/storeyourownpower.com\/wp-content\/uploads\/2023\/01\/Datasheet-English-LVS.pdf\" target=\"_blank\" rel=\"noopener\">Fiche technique Anglais LVS<\/a><\/li>\n<li><a href=\"https:\/\/storeyourownpower.com\/wp-content\/uploads\/2023\/01\/Datenblatt-German-LVS.pdf\" target=\"_blank\" rel=\"noopener\">Datenblatt allemand LVS<\/a><\/li>\n<li><a href=\"https:\/\/storeyourownpower.com\/wp-content\/uploads\/2023\/01\/Mounting-instructions-English-LVS.pdf\" target=\"_blank\" rel=\"noopener\">Instructions de montage Anglais LVS<\/a><\/li>\n<li><a href=\"https:\/\/storeyourownpower.com\/wp-content\/uploads\/2023\/01\/Mounting-instructions-German-LVS.pdf\" target=\"_blank\" rel=\"noopener\">Instructions de montage LVS allemand<\/a><\/li>\n<li><a href=\"https:\/\/storeyourownpower.com\/wp-content\/uploads\/2023\/01\/Warranty-terms-English.pdf\" target=\"_blank\" rel=\"noopener\">Conditions de garantie Anglais<\/a><\/li>\n<li><a href=\"https:\/\/storeyourownpower.com\/wp-content\/uploads\/2023\/01\/Warranty-terms-German-LVS.pdf\" target=\"_blank\" rel=\"noopener\">Conditions de garantie LVS allemand<\/a><\/li>\n<\/ul>\n<\/div>","protected":false},"excerpt":{"rendered":"<p>BYD B-Box premium LVS 20.0 ATTENTION : Mati\u00e8re dangereuse selon UN 3480 \/ Classe de risque de transport 9 \/ Groupe d'emballage II Information - capacit\u00e9 utilisable : 20.00 kWh - tension nominale : [...]<\/p>","protected":false},"featured_media":134,"template":"","meta":{"_seopress_robots_primary_cat":"none","_seopress_titles_title":"BYD B-Box premium LVS 20.0| 20.00 kWh Capacity | UN3480","_seopress_titles_desc":"Discover the BYD B-Box Premium LVS 20.0, a powerful and reliable energy storage solution that meets international safety standards. Suitable for on-grid, off-grid, and backup applications. Get detailed product specifications and warranty terms.","_seopress_robots_index":"","_kad_blocks_custom_css":"","_kad_blocks_head_custom_js":"","_kad_blocks_body_custom_js":"","_kad_blocks_footer_custom_js":""},"product_cat":[17],"product_tag":[],"class_list":{"0":"post-133","1":"product","2":"type-product","3":"status-publish","4":"has-post-thumbnail","6":"product_cat-home-batteries","8":"first","9":"onbackorder","10":"sale","11":"taxable","12":"shipping-taxable","13":"purchasable","14":"product-type-simple"},"taxonomy_info":{"product_cat":[{"value":17,"label":"Home batteries"}]},"featured_image_src_large":["https:\/\/ownpowr.com\/wp-content\/uploads\/2022\/11\/d-252F2-252F0-252Fa-252Fd20a2cfaad23d109f3a7d952df7502cd73ef3be0_det_sb_byd_b_box_lvs_20-0.jpeg",640,540,false],"author_info":[],"comment_info":"","_links":{"self":[{"href":"https:\/\/ownpowr.com\/fr\/wp-json\/wp\/v2\/product\/133","targetHints":{"allow":["GET"]}}],"collection":[{"href":"https:\/\/ownpowr.com\/fr\/wp-json\/wp\/v2\/product"}],"about":[{"href":"https:\/\/ownpowr.com\/fr\/wp-json\/wp\/v2\/types\/product"}],"wp:featuredmedia":[{"embeddable":true,"href":"https:\/\/ownpowr.com\/fr\/wp-json\/wp\/v2\/media\/134"}],"wp:attachment":[{"href":"https:\/\/ownpowr.com\/fr\/wp-json\/wp\/v2\/media?parent=133"}],"wp:term":[{"taxonomy":"product_cat","embeddable":true,"href":"https:\/\/ownpowr.com\/fr\/wp-json\/wp\/v2\/product_cat?post=133"},{"taxonomy":"product_tag","embeddable":true,"href":"https:\/\/ownpowr.com\/fr\/wp-json\/wp\/v2\/product_tag?post=133"}],"curies":[{"name":"wp","href":"https:\/\/api.w.org\/{rel}","templated":true}]}}