{"id":144,"date":"2023-10-04T16:36:02","date_gmt":"2023-10-04T14:36:02","guid":{"rendered":"https:\/\/ownpowr.com\/product\/byd-b-box-premium-lvs-8-0\/"},"modified":"2025-10-15T14:02:38","modified_gmt":"2025-10-15T12:02:38","slug":"byd-b-box-premium-lvs-8-0","status":"publish","type":"product","link":"https:\/\/ownpowr.com\/fr\/product\/byd-b-box-premium-lvs-8-0\/","title":{"rendered":"BYD Battery-Box premium LVS 8.0 kWh Livraison mi-d\u00e9cembre\/fin d\u00e9cembre"},"content":{"rendered":"<p><strong>BYD<\/strong> Battery-Box Premium LVS 8.0 se compose de ;<\/p>\n<p>a\u00a0<strong>BYD<\/strong>\u00a0BMU Unit\u00e9 de gestion de la batterie, a\u00a0<strong>BYD<\/strong>\u00a0PDU Power Distribution Unit et 2 modules LVS 4.0kWh Battery en parall\u00e8le. Possibilit\u00e9 d'augmenter la capacit\u00e9 en ajoutant jusqu'\u00e0 4 modules LVS suppl\u00e9mentaires en parall\u00e8le \u00e0 cette pile pour atteindre une capacit\u00e9 utilisable de 24 kWh.<\/p>\n<p>En outre, une capacit\u00e9 maximale de 256 kWh peut \u00eatre obtenue en connectant directement en parall\u00e8le jusqu'\u00e0 16 piles identiques de Battery-Box Premium LVS 16kWh.<\/p>\n<p>ATTENTION :<br \/>\nMati\u00e8re dangereuse selon UN 3480 \/ Classe de risque de transport 9 \/ Groupe d'emballage II<\/p>\n<p>&nbsp;<\/p>\n<p><strong>\u2714 Fonctionnalit\u00e9 de sauvegarde d'urgence \u00e0 haute puissance et de fonctionnement hors-r\u00e9seau<\/strong><\/p>\n<p><strong>\u2714 Efficacit\u00e9 maximale gr\u00e2ce \u00e0 une v\u00e9ritable connexion parall\u00e8le \u00e0 basse tension<\/strong><\/p>\n<p><strong>\u2714 Conception de la prise modulaire brevet\u00e9e - Pas de c\u00e2blage interne - Flexibilit\u00e9 et facilit\u00e9 d'utilisation maximales<\/strong><\/p>\n<p><strong>Batterie au phosphate de fer lithi\u00e9 sans cobalt (LFP) - S\u00e9curit\u00e9, dur\u00e9e de vie et puissance maximales<\/strong><\/p>\n<p><strong>\u2714 Compatible avec les principaux onduleurs \u00e0 batterie basse tension 1 ou 3 phases<\/strong><\/p>\n<p>&nbsp;<\/p>\n<p>- capacit\u00e9 utilisable : 8,00 kWh<br \/>\n- tension nominale : 51,2 V<br \/>\n- Courant de sortie max. Courant de sortie : 130A<br \/>\n- Courant de sortie de cr\u00eate : 180A, 5s<br \/>\n- Plage de tension de fonctionnement : 40-57.6 V<br \/>\n- temp\u00e9rature ambiante : -10 \u00b0C \u00e0 +50 \u00b0C<br \/>\n- interfaces : CAN\/RS485<br \/>\n- efficacit\u00e9 \u00e9nerg\u00e9tique aller-retour : &gt;= 95%<br \/>\n- certification : VDE2510-50 \/ IEC62619\/ CE \/ CEC \/ UN38.3<br \/>\n- Classe de protection IP : IP55<br \/>\n- Applications : R\u00e9seau ON \/ R\u00e9seau ON + Sauvegarde \/ R\u00e9seau OFF<br \/>\n- Toujours extensible \/ jusqu'\u00e0 16 LVS 16.0 en parall\u00e8le \/ 256 kWh utilisablesLe kit comprend :<br \/>\n2x 12910053-00 (module de batterie LVS BYD B-BOX PREMIUM)<br \/>\n1x 12940054-00 (BYD LV PDU + Base)<br \/>\n1x 13172499-00 (BYD LV Battery Management Unit NEW)<\/p>\n<div><\/div>\n<div class=\"product--description\">\n<p><strong>Plus d'informations :<\/strong><\/p>\n<ul>\n<li><a href=\"https:\/\/storeyourownpower.com\/wp-content\/uploads\/2023\/01\/Datasheet-English-LVS.pdf\" target=\"_blank\" rel=\"noopener\">Fiche technique Anglais LVS<\/a><\/li>\n<li><a href=\"https:\/\/storeyourownpower.com\/wp-content\/uploads\/2023\/01\/Datenblatt-German-LVS.pdf\" target=\"_blank\" rel=\"noopener\">Datenblatt allemand LVS<\/a><\/li>\n<li><a href=\"https:\/\/storeyourownpower.com\/wp-content\/uploads\/2023\/01\/Mounting-instructions-English-LVS.pdf\" target=\"_blank\" rel=\"noopener\">Instructions de montage Anglais LVS<\/a><\/li>\n<li><a href=\"https:\/\/storeyourownpower.com\/wp-content\/uploads\/2023\/01\/Mounting-instructions-German-LVS.pdf\" target=\"_blank\" rel=\"noopener\">Instructions de montage LVS allemand<\/a><\/li>\n<li><a href=\"https:\/\/storeyourownpower.com\/wp-content\/uploads\/2023\/01\/Warranty-terms-English.pdf\" target=\"_blank\" rel=\"noopener\">Conditions de garantie Anglais<\/a><\/li>\n<li><a href=\"https:\/\/storeyourownpower.com\/wp-content\/uploads\/2023\/01\/Warranty-terms-German-LVS.pdf\" target=\"_blank\" rel=\"noopener\">Conditions de garantie LVS allemand<\/a><\/li>\n<\/ul>\n<\/div>","protected":false},"excerpt":{"rendered":"<p>La Battery-Box Premium LVS 8.0 BYD se compose d'une unit\u00e9 de gestion de batterie BMU BYD, d'une unit\u00e9 de distribution d'\u00e9nergie PDU BYD et de 2 modules de batterie LVS 4.0kWh en parall\u00e8le. Possibilit\u00e9 d'\u00e9voluer en ajoutant jusqu'\u00e0 [...]<\/p>","protected":false},"featured_media":145,"template":"","meta":{"_seopress_robots_primary_cat":"none","_seopress_titles_title":"BYD Battery-Box Premium LVS 8.0: High-Powered Emergency-Backup and Off-Grid functionality, Maximum Safety, and Expandable Capacity","_seopress_titles_desc":"Discover the scalable BYD Battery-Box Premium LVS 8.0 with efficient Low-Voltage parallel connection and maximum safety. Compatible with leading battery inverters.","_seopress_robots_index":"","_kad_blocks_custom_css":"","_kad_blocks_head_custom_js":"","_kad_blocks_body_custom_js":"","_kad_blocks_footer_custom_js":""},"product_cat":[17],"product_tag":[],"class_list":{"0":"post-144","1":"product","2":"type-product","3":"status-publish","4":"has-post-thumbnail","6":"product_cat-home-batteries","8":"first","9":"onbackorder","10":"sale","11":"taxable","12":"shipping-taxable","13":"purchasable","14":"product-type-simple"},"taxonomy_info":{"product_cat":[{"value":17,"label":"Home batteries"}]},"featured_image_src_large":["https:\/\/ownpowr.com\/wp-content\/uploads\/2022\/11\/c-252F5-252F6-252Fe-252Fc56e658a81cc0b440f8fe33cc4f1ab6a9dd62f03_det_sb_byd_b_box_lvs_8-0.jpeg",640,540,false],"author_info":[],"comment_info":"","_links":{"self":[{"href":"https:\/\/ownpowr.com\/fr\/wp-json\/wp\/v2\/product\/144","targetHints":{"allow":["GET"]}}],"collection":[{"href":"https:\/\/ownpowr.com\/fr\/wp-json\/wp\/v2\/product"}],"about":[{"href":"https:\/\/ownpowr.com\/fr\/wp-json\/wp\/v2\/types\/product"}],"wp:featuredmedia":[{"embeddable":true,"href":"https:\/\/ownpowr.com\/fr\/wp-json\/wp\/v2\/media\/145"}],"wp:attachment":[{"href":"https:\/\/ownpowr.com\/fr\/wp-json\/wp\/v2\/media?parent=144"}],"wp:term":[{"taxonomy":"product_cat","embeddable":true,"href":"https:\/\/ownpowr.com\/fr\/wp-json\/wp\/v2\/product_cat?post=144"},{"taxonomy":"product_tag","embeddable":true,"href":"https:\/\/ownpowr.com\/fr\/wp-json\/wp\/v2\/product_tag?post=144"}],"curies":[{"name":"wp","href":"https:\/\/api.w.org\/{rel}","templated":true}]}}