{"id":185455,"date":"2025-01-30T09:44:03","date_gmt":"2025-01-30T07:44:03","guid":{"rendered":"https:\/\/ownpowr.com\/?post_type=product&#038;p=185455"},"modified":"2025-01-30T09:44:03","modified_gmt":"2025-01-30T07:44:03","slug":"blauhoff-maxus-storage-only-385kwh-liquid-cooled-energy-storage-cabinet-10y-warantee-8000-cycles","status":"publish","type":"product","link":"https:\/\/ownpowr.com\/fr\/product\/blauhoff-maxus-storage-only-385kwh-liquid-cooled-energy-storage-cabinet-10y-warantee-8000-cycles\/","title":{"rendered":"Blauhoff Maxus Storage Only 385kWh Liquid cooled Energy Storage Cabinet 10Y warantee 8000 Cycles"},"content":{"rendered":"<p>ATTENTION !<\/p>\n<p>En raison de l'int\u00e9gration et de la complexit\u00e9, ce prix est celui de l'installateur commercial, hors TVA et hors assemblage.<\/p>\n<p>Le montage est effectu\u00e9 par votre installateur local avec l'aide de notre technicien.<\/p>\n<p>Blauhoff Maxus Storage Only 385Kwh Energy Storage Cabinet Refroidissement liquide 10Y warantee 8000 Cycles<\/p>\n<p>Possibilit\u00e9 de subvention https:\/\/blauhoff.nl\/subsidies-thuisbatterij-voor-bedrijven\/<\/p>\n<p>Cellules prismatiques pour la plus haute qualit\u00e9 et la plus longue dur\u00e9e de vie, 8000 cycles et 10 ans de garantie sur les cellules sans frais suppl\u00e9mentaires et 5 ans sur l'ensemble.<\/p>\n<p>La plupart des autres fournisseurs proposent une dur\u00e9e de 3 \u00e0 5 ans pour les \u00e9l\u00e9ments et les cellules, apr\u00e8s quoi vous devez payer un suppl\u00e9ment !<\/p>\n<p>ESS enti\u00e8rement int\u00e9gr\u00e9 pour faciliter le transport et l'exploitation. Peut \u00eatre adapt\u00e9 \u00e0 de nombreuses marques d'onduleurs (somotec) et utilis\u00e9 comme stockage de batterie compact.<\/p>\n<p>La conception int\u00e9gr\u00e9e et modulaire permet une mise en place et une utilisation rapides, avec un maximum de 3 heures de travail.<\/p>\n<p>Blauhoff BLH-385kWh-Maxus, est une armoire de stockage ESS industrielle avec refroidissement par liquide, int\u00e9gr\u00e9e \u00e0 la batterie, au BMS, \u00e0 la gestion thermique, \u00e0 la distribution d'\u00e9nergie, \u00e0 la protection contre les incendies, etc.<\/p>\n<p>Sa conception s\u00e9curitaire garantit une meilleure performance de la batterie et une dur\u00e9e de vie plus longue.<br \/>\nvie. Plusieurs ensembles d'armoires peuvent \u00eatre directement mis en parall\u00e8le jusqu'\u00e0 30 unit\u00e9s pour r\u00e9aliser le stockage de l'\u00e9nergie.<br \/>\nl'expansion du syst\u00e8me. Il est tr\u00e8s facilement extensible et portable.<\/p>\n<p>Refroidissement par liquide :<br \/>\nLa d\u00e9rive de temp\u00e9rature des \u00e9l\u00e9ments de batterie<br \/>\ndans l'ensemble du syst\u00e8me est de \u00b11,5\u00b0C en raison de la pr\u00e9sence d'un syst\u00e8me de contr\u00f4le de la qualit\u00e9.<br \/>\nsyst\u00e8me de refroidissement liquide intelligent. Il peut<br \/>\nprolonger la dur\u00e9e de vie du syst\u00e8me jusqu'\u00e0<br \/>\n30%, augmenter l'efficacit\u00e9 du syst\u00e8me \u00e0 long terme<br \/>\njusqu'\u00e0 88,5%.<\/p>\n<p>S\u00fbr<br \/>\nLe syst\u00e8me comporte quatre niveaux de gestion<br \/>\nstructure qui peut fournir des informations pr\u00e9cises sur l'\u00e9tat de l'environnement.<br \/>\nprotection contre les courts-circuits, surintensit\u00e9<br \/>\nprotection, protection contre les surtensions<br \/>\nprotection contre la soustension, surchauffe<br \/>\nprotection, etc.<\/p>\n<p><strong>NEN-EN-IEC 62619:2022 - Piles et batteries secondaires contenant des \u00e9lectrolytes alcalins ou d'autres \u00e9lectrolytes non acides - Prescriptions de s\u00e9curit\u00e9 pour les piles et batteries secondaires au lithium destin\u00e9es \u00e0 des applications industrielles<\/strong><\/p>\n<p><strong>NEN-EN-IEC 61000-6-2\u3001EN IEC 61000-6-4<\/strong><\/p>\n<p><strong>UL 9540A:2019 \u00e9dition 4 - Norme relative \u00e0 la m\u00e9thode d'essai pour l'\u00e9valuation de la propagation de l'incendie par emballement thermique dans les syst\u00e8mes de stockage d'\u00e9nergie par batterie<\/strong><\/p>\n<p><strong>UN38.3<\/strong><strong>s<\/strong><\/p>","protected":false},"excerpt":{"rendered":"<p>ATTENTION ! En raison de l'int\u00e9gration et de la complexit\u00e9, ce prix est un prix d'installateur professionnel hors TVA et hors montage Le montage est effectu\u00e9 par votre installateur local avec l'aide de nos techniciens [...]<\/p>","protected":false},"featured_media":185452,"template":"","meta":{"_seopress_robots_primary_cat":"none","_seopress_titles_title":"","_seopress_titles_desc":"","_seopress_robots_index":"","_kad_blocks_custom_css":"","_kad_blocks_head_custom_js":"","_kad_blocks_body_custom_js":"","_kad_blocks_footer_custom_js":""},"product_cat":[17],"product_tag":[],"class_list":{"0":"post-185455","1":"product","2":"type-product","3":"status-publish","4":"has-post-thumbnail","6":"product_cat-home-batteries","8":"first","9":"instock","10":"sale","11":"taxable","12":"shipping-taxable","13":"purchasable","14":"product-type-simple"},"taxonomy_info":{"product_cat":[{"value":17,"label":"Home batteries"}]},"featured_image_src_large":["https:\/\/ownpowr.com\/wp-content\/uploads\/2024\/10\/maxus-.png",300,300,false],"author_info":[],"comment_info":"","_links":{"self":[{"href":"https:\/\/ownpowr.com\/fr\/wp-json\/wp\/v2\/product\/185455","targetHints":{"allow":["GET"]}}],"collection":[{"href":"https:\/\/ownpowr.com\/fr\/wp-json\/wp\/v2\/product"}],"about":[{"href":"https:\/\/ownpowr.com\/fr\/wp-json\/wp\/v2\/types\/product"}],"wp:featuredmedia":[{"embeddable":true,"href":"https:\/\/ownpowr.com\/fr\/wp-json\/wp\/v2\/media\/185452"}],"wp:attachment":[{"href":"https:\/\/ownpowr.com\/fr\/wp-json\/wp\/v2\/media?parent=185455"}],"wp:term":[{"taxonomy":"product_cat","embeddable":true,"href":"https:\/\/ownpowr.com\/fr\/wp-json\/wp\/v2\/product_cat?post=185455"},{"taxonomy":"product_tag","embeddable":true,"href":"https:\/\/ownpowr.com\/fr\/wp-json\/wp\/v2\/product_tag?post=185455"}],"curies":[{"name":"wp","href":"https:\/\/api.w.org\/{rel}","templated":true}]}}