{"id":187742,"date":"2024-10-25T09:11:12","date_gmt":"2024-10-25T07:11:12","guid":{"rendered":"https:\/\/ownpowr.com\/?post_type=product&#038;p=187742"},"modified":"2025-01-30T09:53:51","modified_gmt":"2025-01-30T07:53:51","slug":"blauhoff-25k-80kwh-hv-3-phase-system-powerpack-ip55-100ah-1c-charge-discharge","status":"publish","type":"product","link":"https:\/\/ownpowr.com\/fr\/product\/blauhoff-25k-80kwh-hv-3-phase-system-powerpack-ip55-100ah-1c-charge-discharge\/","title":{"rendered":"Blauhoff 25K\/80kWh HV 3 Phase System Powerpack IP55 100aH 1C Charge\/D\u00e9charge"},"content":{"rendered":"<h2>Blauhoff Home 25K\/80 kWh HV 3 Fase systeem Cobalt vrij Powerpack IP55 Outdoor\/Indoor\/Cobalt vrij 100aH 1C<\/h2>\n<p>Le syst\u00e8me \u00e0 3 phases Blauhoff Home BLH-25k\/80 kWh, de la marque r\u00e9put\u00e9e Blauhoff, offre une solution efficace et performante pour les \u00e9conomies d'\u00e9nergie dans les habitations \u00e0 forte consommation d'\u00e9nergie. Avec ce syst\u00e8me de pointe, vous pouvez optimiser l'efficacit\u00e9 \u00e9nerg\u00e9tique de votre maison, r\u00e9duire votre d\u00e9pendance au r\u00e9seau \u00e9lectrique et profiter d'une \u00e9conomie d'\u00e9nergie dans le cadre de l'entretien de votre maison. De plus, ce syst\u00e8me est dot\u00e9 d'un montage gratuit, ce qui permet une installation parfaite. Communiquez avec une salle de bain dynamique et b\u00e9n\u00e9ficiez d'un abonnement et d'un prix avantageux en mati\u00e8re d'\u00e9nergie !<\/p>\n<p>L'appareil a une longueur de 780 mm et un poids de 33,6 kg. Avec un c\u00e2ble suppl\u00e9mentaire de 300 mm entre l'appareil et la batterie, vous pouvez optimiser l'emplacement de votre syst\u00e8me, ce qui permet une utilisation efficace de l'\u00e9nergie et des pertes d'\u00e9nergie minimales.<\/p>\n<p>Le syst\u00e8me de batterie Blauhoff est robuste, robuste et compact, avec des dimensions de 734 mm x 400 mm par module et un poids de 906 kg. La batterie a une capacit\u00e9 de 80 kWh, ce qui vous permet d'utiliser l'\u00e9nergie exc\u00e9dentaire produite par vos panneaux solaires ou d'autres sources d'\u00e9nergie. Lorsqu'il n'y a pas de produit \u00e9nerg\u00e9tique, vous pouvez utiliser l'\u00e9nergie exc\u00e9dentaire pour r\u00e9duire votre consommation d'\u00e9nergie, ce qui vous permettra d'\u00eatre moins d\u00e9pendants du r\u00e9seau \u00e9lectrique et de vos sources d'\u00e9nergie en g\u00e9n\u00e9ral. Cela se fait automatiquement en combinaison avec un contrat d'\u00e9nergie dynamique. En hiver, vous pouvez profiter d'une bonne salle de bain dans la nuit et le jour m\u00eame, d'un chargement gratuit dans la nuit et les jours f\u00e9ri\u00e9s et d'un chargement dans la nuit ou la nuit de l'auto.<\/p>\n<p><strong>Sp\u00e9cialement con\u00e7u pour une charge\/d\u00e9charge de 1C (100aH), afin que vous puissiez charger et d\u00e9charger rapidement. 8000 cycles 10 ans de garantie &amp; UL9540A certifi\u00e9, la plus grande cat\u00e9gorie de produits de haute qualit\u00e9 et de marque !<\/strong><\/p>\n<p><strong>Gr\u00e2ce au Smartlanhub Blauhoff gratuit, qui comprend une application et du mat\u00e9riel, vous pouvez g\u00e9rer automatiquement et dynamiquement votre consommation d'\u00e9nergie, sans abonnement.  Vous pouvez \u00e0 tout moment vous renseigner sur le nouveau levier. Il est compatible avec Homeautomation et Homey Pro domotica.<\/strong><\/p>\n<p>Le syst\u00e8me Home BLH-25k\/80 kWh 3 phases est destin\u00e9 aux m\u00e9nages dont la consommation annuelle moyenne est sup\u00e9rieure \u00e0 29200 kWh. Avec une puissance de 25 kW, vous pouvez utiliser une grande partie de votre consommation d'\u00e9nergie en utilisant l'\u00e9nergie de base et l'\u00e9nergie consomm\u00e9e dans la batterie. En outre, ce syst\u00e8me ne fonctionne pas de mani\u00e8re satisfaisante, ce qui signifie que les appareils essentiels peuvent fonctionner pendant la p\u00e9riode d'arr\u00eat et que vos routines quotidiennes peuvent \u00eatre ex\u00e9cut\u00e9es sans probl\u00e8me. Le syst\u00e8me est maintenant pr\u00eat \u00e0 fonctionner jusqu'\u00e0 un maximum de 600kWh.<\/p>\n<p>Le Powerpack Blauhoff Home BLH-25k\/80 kWh 3 Fase Systeem est con\u00e7u pour offrir une grande flexibilit\u00e9. Il s'agit d'un port g\u00e9n\u00e9rateur\/\u00e9olien, qui vous donne la possibilit\u00e9 d'utiliser des accumulateurs d'\u00e9nergie suppl\u00e9mentaires et de r\u00e9duire davantage votre consommation d'\u00e9nergie. Avec une alimentation minimale de 3x25A et con\u00e7u pour des configurations \u00e0 3 phases, ce syst\u00e8me est compatible avec les r\u00e9seaux \u00e9lectriques les plus puissants.<\/p>\n<p>Gr\u00e2ce au montage gratuit, vous pouvez vous fier \u00e0 une installation professionnelle, qui permet \u00e0 votre syst\u00e8me de fonctionner de mani\u00e8re optimale \u00e0 tout moment et de vous faire profiter d'une exp\u00e9rience agr\u00e9able.<\/p>\n<p>Passez \u00e0 une alimentation \u00e9nerg\u00e9tique efficace et durable avec le syst\u00e8me Blauhoff Home BLH-25k\/80kWh 3 phases. Gr\u00e2ce aux \u00e9conomies d'\u00e9nergie, \u00e0 l'efficacit\u00e9 \u00e9nerg\u00e9tique et \u00e0 la flexibilit\u00e9 des consommateurs d'\u00e9nergie, vous pouvez b\u00e9n\u00e9ficier d'une consommation d'\u00e9nergie plus \u00e9lev\u00e9e, r\u00e9duire vos co\u00fbts et respecter l'environnement. S\u00e9lectionnez Blauhoff et faites en sorte que votre branchement soit adapt\u00e9 aux besoins en \u00e9nergie de l'appareil.<\/p>\n<p><a href=\"https:\/\/blauhoff.nl\/wp-content\/uploads\/2024\/10\/Blauhoff-Power-Pack-HV-V1.4-1.pdf\" target=\"_blank\" rel=\"noopener\">Blauhoff Power Pack HV V1.4 (1)<\/a><\/p>","protected":false},"excerpt":{"rendered":"<p>Blauhoff Home 25K\/80 kWh HV 3 Fase systeem Cobalt vrij Powerpack IP55 Outdoor\/Indoor\/Cobalt vrij 100aH 1C Le super robuste et makkelijk uitbreidbare Blauhoff Home BLH-25k\/80 kWh 3 Fase Systeem, van [...]<\/p>","protected":false},"featured_media":187745,"template":"","meta":{"_seopress_robots_primary_cat":"none","_seopress_titles_title":"","_seopress_titles_desc":"","_seopress_robots_index":"","_kad_blocks_custom_css":"","_kad_blocks_head_custom_js":"","_kad_blocks_body_custom_js":"","_kad_blocks_footer_custom_js":""},"product_cat":[17,19],"product_tag":[],"class_list":{"0":"post-187742","1":"product","2":"type-product","3":"status-publish","4":"has-post-thumbnail","6":"product_cat-home-batteries","7":"product_cat-sets-with-inverters","9":"first","10":"instock","11":"taxable","12":"shipping-taxable","13":"purchasable","14":"product-type-simple"},"taxonomy_info":{"product_cat":[{"value":17,"label":"Home batteries"},{"value":19,"label":"Sets with inverters"}]},"featured_image_src_large":["https:\/\/ownpowr.com\/wp-content\/uploads\/2024\/10\/bh3-25k-80kwh-300x300-1.png",300,300,false],"author_info":[],"comment_info":"","_links":{"self":[{"href":"https:\/\/ownpowr.com\/fr\/wp-json\/wp\/v2\/product\/187742","targetHints":{"allow":["GET"]}}],"collection":[{"href":"https:\/\/ownpowr.com\/fr\/wp-json\/wp\/v2\/product"}],"about":[{"href":"https:\/\/ownpowr.com\/fr\/wp-json\/wp\/v2\/types\/product"}],"wp:featuredmedia":[{"embeddable":true,"href":"https:\/\/ownpowr.com\/fr\/wp-json\/wp\/v2\/media\/187745"}],"wp:attachment":[{"href":"https:\/\/ownpowr.com\/fr\/wp-json\/wp\/v2\/media?parent=187742"}],"wp:term":[{"taxonomy":"product_cat","embeddable":true,"href":"https:\/\/ownpowr.com\/fr\/wp-json\/wp\/v2\/product_cat?post=187742"},{"taxonomy":"product_tag","embeddable":true,"href":"https:\/\/ownpowr.com\/fr\/wp-json\/wp\/v2\/product_tag?post=187742"}],"curies":[{"name":"wp","href":"https:\/\/api.w.org\/{rel}","templated":true}]}}