{"id":197485,"date":"2024-12-13T11:46:01","date_gmt":"2024-12-13T09:46:01","guid":{"rendered":"https:\/\/ownpowr.com\/?post_type=product&#038;p=197485"},"modified":"2025-01-30T09:45:04","modified_gmt":"2025-01-30T07:45:04","slug":"blh-electric-generator-on-trailer-with-various-connections-50k-100kwh-and-solar-panels","status":"publish","type":"product","link":"https:\/\/ownpowr.com\/fr\/product\/generateur-electrique-blh-sur-remorque-avec-divers-raccordements-50k-100kwh-et-panneaux-solaires\/","title":{"rendered":"BLH G\u00e9n\u00e9rateur \u00e9lectrique sur remorque avec diverses connexions 50K\/100kWh et panneaux solaires"},"content":{"rendered":"<p>G\u00e9n\u00e9rateur \u00e9lectrique ou hybride sur double essieu avec panneaux solaires extensibles.<br \/>\nBatterie mobile avec les batteries LFP garanties 10 ans et 6000 cycles !<\/p>\n<p>Capacit\u00e9 d'entr\u00e9e 400V\/32A\/63A<br \/>\nTemps de charge 2-5 heures<br \/>\nSortie 230V\/16A<br \/>\nSortie 400V\/32A<br \/>\nSortie 400V\/63A<\/p>\n<p>Mobile ess pour une utilisation flexible, fonctionne avec des tarifs dynamiques et peut connecter des panneaux solaires directement.<br \/>\nConvient pour la construction, les \u00e9v\u00e9nements, l'alimentation d'urgence, etc.<\/p>\n<div dir=\"ltr\"><a href=\"https:\/\/blauhoff.nl\/wp-content\/uploads\/2024\/02\/Blauhoff-Elektrische-Generator-Datasheet.pdf\">Fiche technique<\/a><\/div>","protected":false},"excerpt":{"rendered":"<p>G\u00e9n\u00e9rateur \u00e9lectrique ou hybride sur double essieu avec panneaux solaires extensibles. Batterie mobile avec batteries LFP garantie 10 ans et 6000 cycles ! Capacit\u00e9 d'entr\u00e9e 400V\/32A\/63A Temps de charge 2-5 heures [...]<\/p>","protected":false},"featured_media":197490,"template":"","meta":{"_seopress_robots_primary_cat":"none","_seopress_titles_title":"","_seopress_titles_desc":"","_seopress_robots_index":"","_kad_blocks_custom_css":"","_kad_blocks_head_custom_js":"","_kad_blocks_body_custom_js":"","_kad_blocks_footer_custom_js":""},"product_cat":[17],"product_tag":[],"class_list":{"0":"post-197485","1":"product","2":"type-product","3":"status-publish","4":"has-post-thumbnail","6":"product_cat-home-batteries","8":"first","9":"instock","10":"taxable","11":"shipping-taxable","12":"purchasable","13":"product-type-simple"},"taxonomy_info":{"product_cat":[{"value":17,"label":"Home batteries"}]},"featured_image_src_large":["https:\/\/ownpowr.com\/wp-content\/uploads\/2024\/12\/electrische-generator-300x300-1.jpg",300,300,false],"author_info":[],"comment_info":"","_links":{"self":[{"href":"https:\/\/ownpowr.com\/fr\/wp-json\/wp\/v2\/product\/197485","targetHints":{"allow":["GET"]}}],"collection":[{"href":"https:\/\/ownpowr.com\/fr\/wp-json\/wp\/v2\/product"}],"about":[{"href":"https:\/\/ownpowr.com\/fr\/wp-json\/wp\/v2\/types\/product"}],"wp:featuredmedia":[{"embeddable":true,"href":"https:\/\/ownpowr.com\/fr\/wp-json\/wp\/v2\/media\/197490"}],"wp:attachment":[{"href":"https:\/\/ownpowr.com\/fr\/wp-json\/wp\/v2\/media?parent=197485"}],"wp:term":[{"taxonomy":"product_cat","embeddable":true,"href":"https:\/\/ownpowr.com\/fr\/wp-json\/wp\/v2\/product_cat?post=197485"},{"taxonomy":"product_tag","embeddable":true,"href":"https:\/\/ownpowr.com\/fr\/wp-json\/wp\/v2\/product_tag?post=197485"}],"curies":[{"name":"wp","href":"https:\/\/api.w.org\/{rel}","templated":true}]}}