{"id":205857,"date":"2025-01-30T13:37:19","date_gmt":"2025-01-30T11:37:19","guid":{"rendered":"https:\/\/ownpowr.com\/?post_type=product&#038;p=205857"},"modified":"2025-01-31T10:08:34","modified_gmt":"2025-01-31T08:08:34","slug":"blauhoff-25k-50kwh-hv-3-phase-system-powerpack-ip55-100ah-1c-charge-discharge","status":"publish","type":"product","link":"https:\/\/ownpowr.com\/fr\/product\/blauhoff-25k-50kwh-hv-3-phase-system-powerpack-ip55-100ah-1c-charge-discharge\/","title":{"rendered":"Blauhoff 25K\/50kWh HV 3 Phase System Powerpack IP55 100aH 1C Charge\/D\u00e9charge"},"content":{"rendered":"<p>Blauhoff Home 25K\/50 kWh HV Syst\u00e8me triphas\u00e9 Powerpack sans cobalt IP55 Outdoor\/Indoor\/Cobalt-free 100aH 1C<\/p>\n<p>Le syst\u00e8me triphas\u00e9 Blauhoff Home BLH-25k\/50 kWh, super robuste et facilement extensible, de la marque renomm\u00e9e Blauhoff, offre une solution de stockage d'\u00e9nergie fiable et efficace pour les m\u00e9nages \u00e0 forte consommation. Gr\u00e2ce \u00e0 ce puissant syst\u00e8me, vous pouvez optimiser l'efficacit\u00e9 \u00e9nerg\u00e9tique de votre maison, r\u00e9duire votre d\u00e9pendance au r\u00e9seau et b\u00e9n\u00e9ficier d'une alimentation \u00e9lectrique d'urgence en cas de coupure de courant. De plus, ce syst\u00e8me est livr\u00e9 avec un assemblage gratuit, garantissant une installation sans souci. Communiquez selon vos besoins avec la puissance dynamique sans abonnement et choisissez toujours librement votre fournisseur d'\u00e9nergie !<\/p>\n<p>L'onduleur a une longueur de 780 mm et un poids de 33,6 kg. Avec un c\u00e2ble suppl\u00e9mentaire de 300 mm entre l'onduleur et la batterie, vous pouvez d\u00e9terminer l'emplacement optimal de votre syst\u00e8me, en garantissant un transfert d'\u00e9nergie efficace et une perte d'\u00e9nergie minimale.<\/p>\n<p>Le syst\u00e8me triphas\u00e9 Home BLH-25k\/50 kWh est recommand\u00e9 pour les m\u00e9nages ayant une consommation annuelle moyenne d'environ 18250 kWh. Avec une puissance de 25 kW, vous pouvez couvrir une grande partie de vos besoins \u00e9nerg\u00e9tiques en utilisant l'\u00e9nergie solaire g\u00e9n\u00e9r\u00e9e et l'\u00e9nergie stock\u00e9e dans la batterie. En outre, ce syst\u00e8me fournit une alimentation de secours, de sorte que les appareils importants continuent de fonctionner pendant les coupures de courant et que vos activit\u00e9s quotidiennes se poursuivent sans interruption. Le syst\u00e8me est \u00e9galement extensible jusqu'\u00e0 600 kWh.<\/p>\n<p>Le Powerpack Blauhoff Home BLH-25k\/50 kWh Syst\u00e8me triphas\u00e9 a \u00e9t\u00e9 con\u00e7u dans un souci de flexibilit\u00e9. Il est dot\u00e9 d'un port pour g\u00e9n\u00e9rateur\/\u00e9olienne, ce qui vous permet d'ajouter des sources d'\u00e9nergie suppl\u00e9mentaires et d'accro\u00eetre encore votre ind\u00e9pendance \u00e9nerg\u00e9tique. Avec une connexion minimale de 3x25A et adapt\u00e9 aux configurations triphas\u00e9es, ce syst\u00e8me est compatible avec la plupart des r\u00e9seaux \u00e9lectriques domestiques.<\/p>\n<p>Avec l'assemblage gratuit, vous pouvez compter sur une installation professionnelle, garantissant que votre syst\u00e8me fonctionnera de mani\u00e8re optimale d\u00e8s le premier instant et que vous pourrez profiter d'une exp\u00e9rience sans souci.<\/p>\n<p>Passez \u00e0 une alimentation en \u00e9nergie plus efficace et durable avec le syst\u00e8me triphas\u00e9 Blauhoff Home BLH-25k\/50 kWh. Avec un stockage d'\u00e9nergie puissant, une alimentation de secours et une flexibilit\u00e9 des sources d'\u00e9nergie, vous pouvez compter sur une alimentation \u00e9lectrique fiable, r\u00e9aliser des \u00e9conomies et r\u00e9duire votre empreinte carbone. Choisissez le syst\u00e8me Blauhoff et pr\u00e9parez votre maison aux besoins \u00e9nerg\u00e9tiques du futur.<\/p>\n<p>Egalement disponible en option avec chauffage pour un montage dans les chambres froides ou \u00e0 l'ext\u00e9rieur !<\/p>\n<p><a href=\"https:\/\/blauhoff.nl\/wp-content\/uploads\/2024\/10\/Blauhoff-Power-Pack-HV-V1.4-1.pdf\" target=\"_blank\" rel=\"noopener\">Blauhoff Power Pack HV V1.4 (1)<\/a><\/p>\n<div style=\"width: 640px;\" class=\"wp-video\"><video class=\"wp-video-shortcode\" id=\"video-205857-1\" width=\"640\" height=\"360\" preload=\"metadata\" controls=\"controls\"><source type=\"video\/mp4\" src=\"https:\/\/blauhoff.nl\/wp-content\/uploads\/2024\/12\/Blauhoff-PowerPack-Series.mp4?_=1\" \/><a href=\"https:\/\/blauhoff.nl\/wp-content\/uploads\/2024\/12\/Blauhoff-PowerPack-Series.mp4\">https:\/\/blauhoff.nl\/wp-content\/uploads\/2024\/12\/Blauhoff-PowerPack-Series.mp4<\/a><\/video><\/div>","protected":false},"excerpt":{"rendered":"<p>Blauhoff Home 25K\/50 kWh HV Syst\u00e8me triphas\u00e9 Powerpack sans cobalt IP55 Outdoor\/Indoor\/Cobalt-free 100aH 1C Le syst\u00e8me triphas\u00e9 super robuste et facilement extensible Blauhoff Home BLH-25k\/50 kWh, du c\u00e9l\u00e8bre [...]<\/p>","protected":false},"featured_media":205860,"template":"","meta":{"_seopress_robots_primary_cat":"none","_seopress_titles_title":"","_seopress_titles_desc":"","_seopress_robots_index":"","_kad_blocks_custom_css":"","_kad_blocks_head_custom_js":"","_kad_blocks_body_custom_js":"","_kad_blocks_footer_custom_js":""},"product_cat":[17,19],"product_tag":[],"class_list":{"0":"post-205857","1":"product","2":"type-product","3":"status-publish","4":"has-post-thumbnail","6":"product_cat-home-batteries","7":"product_cat-sets-with-inverters","9":"first","10":"instock","11":"taxable","12":"shipping-taxable","13":"purchasable","14":"product-type-simple"},"taxonomy_info":{"product_cat":[{"value":17,"label":"Home batteries"},{"value":19,"label":"Sets with inverters"}]},"featured_image_src_large":["https:\/\/ownpowr.com\/wp-content\/uploads\/2025\/01\/bh3_12k_50kwh-480x480-2.png",480,480,false],"author_info":[],"comment_info":"","_links":{"self":[{"href":"https:\/\/ownpowr.com\/fr\/wp-json\/wp\/v2\/product\/205857","targetHints":{"allow":["GET"]}}],"collection":[{"href":"https:\/\/ownpowr.com\/fr\/wp-json\/wp\/v2\/product"}],"about":[{"href":"https:\/\/ownpowr.com\/fr\/wp-json\/wp\/v2\/types\/product"}],"wp:featuredmedia":[{"embeddable":true,"href":"https:\/\/ownpowr.com\/fr\/wp-json\/wp\/v2\/media\/205860"}],"wp:attachment":[{"href":"https:\/\/ownpowr.com\/fr\/wp-json\/wp\/v2\/media?parent=205857"}],"wp:term":[{"taxonomy":"product_cat","embeddable":true,"href":"https:\/\/ownpowr.com\/fr\/wp-json\/wp\/v2\/product_cat?post=205857"},{"taxonomy":"product_tag","embeddable":true,"href":"https:\/\/ownpowr.com\/fr\/wp-json\/wp\/v2\/product_tag?post=205857"}],"curies":[{"name":"wp","href":"https:\/\/api.w.org\/{rel}","templated":true}]}}