{"id":206799,"date":"2025-02-07T15:18:17","date_gmt":"2025-02-07T13:18:17","guid":{"rendered":"https:\/\/ownpowr.com\/?post_type=product&#038;p=206799"},"modified":"2025-02-07T15:18:25","modified_gmt":"2025-02-07T13:18:25","slug":"blauhoff-3-6k-10-kwh-lv-1-phase-system-powerpack-ip55-100ah-1c-charge-discharge","status":"publish","type":"product","link":"https:\/\/ownpowr.com\/fr\/product\/blauhoff-3-6k-10-kwh-lv-1-phase-system-powerpack-ip55-100ah-1c-charge-discharge\/","title":{"rendered":"Blauhoff 3.6K\/10 kWh LV 1 Phase System Powerpack IP55 100aH 1C Charge\/D\u00e9charge"},"content":{"rendered":"<h2>Blauhoff Home 3,6K\/10 kWh LV Syst\u00e8me monophas\u00e9 Powerpack sans cobalt IP55 Outdoor\/Indoor\/Cobalt free 100aH 1C<\/h2>\n<p>Le syst\u00e8me super robuste et facilement extensible Blauhoff Home BLH-3.6k\/10 kWh 1 phase, de la marque renomm\u00e9e Blauhoff, offre une solution fiable et efficace pour le stockage de l'\u00e9nergie dans les foyers \u00e0 forte consommation. Gr\u00e2ce \u00e0 ce puissant syst\u00e8me, vous pouvez optimiser l'efficacit\u00e9 \u00e9nerg\u00e9tique de votre maison, r\u00e9duire votre d\u00e9pendance au r\u00e9seau \u00e9lectrique et b\u00e9n\u00e9ficier d'une alimentation de secours en cas de panne de courant. En outre, ce syst\u00e8me est fourni avec une installation gratuite, ce qui garantit une installation sans souci. Communiquez avec le courant dynamique selon vos besoins, sans abonnement et toujours avec le libre choix du fournisseur d'\u00e9nergie !<\/p>\n<p>L'onduleur a une longueur de 780 mm et un poids de 33,6 kg. Avec un c\u00e2ble suppl\u00e9mentaire de 300 mm entre l'onduleur et la batterie, vous pouvez d\u00e9terminer l'emplacement optimal de votre syst\u00e8me, en garantissant un transfert d'\u00e9nergie efficace et des pertes d'\u00e9nergie minimales.<\/p>\n<p>Le syst\u00e8me de batterie Blauhoff est durable, sans cobalt, compact et plat, avec des dimensions de 734 mm x 400 mm par module et un poids de 120 kg. La batterie a une capacit\u00e9 de 10 kWh, ce qui vous permet de stocker l'\u00e9nergie exc\u00e9dentaire g\u00e9n\u00e9r\u00e9e par vos panneaux solaires ou d'autres sources d'\u00e9nergie. Lorsqu'il n'y a pas de production d'\u00e9nergie, vous pouvez utiliser l'\u00e9nergie stock\u00e9e pour couvrir votre consommation d'\u00e9nergie, ce qui vous rend moins d\u00e9pendant du r\u00e9seau \u00e9lectrique et r\u00e9duit davantage vos co\u00fbts \u00e9nerg\u00e9tiques. Tout cela se fait automatiquement en combinaison avec un contrat d'\u00e9nergie dynamique, le cas \u00e9ch\u00e9ant. Vous pouvez ainsi b\u00e9n\u00e9ficier d'une \u00e9lectricit\u00e9 bon march\u00e9 la nuit en hiver et l'utiliser toute la journ\u00e9e et, en \u00e9t\u00e9, la charger gratuitement l'apr\u00e8s-midi et le soir et l'utiliser pour recharger la voiture le matin ou la nuit.<\/p>\n<p><strong>Sp\u00e9cialement con\u00e7u pour charger\/d\u00e9charger 1C (100aH), pour que vous puissiez charger et d\u00e9charger tr\u00e8s rapidement. Garantie de 10 ans pour 8000 cycles et certification UL9540A, la cat\u00e9gorie la plus \u00e9lev\u00e9e possible et la plus s\u00fbre en cas d'incendie !<\/strong><\/p>\n<p><strong>Toujours fourni avec le Smartlanhub Blauhoff gratuit, y compris l'application et le mat\u00e9riel, afin que vous puissiez agir automatiquement et sans frais d'abonnement de mani\u00e8re dynamique et que vous contr\u00f4liez vous-m\u00eame votre fournisseur d'\u00e9nergie. Vous pouvez passer quotidiennement au fournisseur le plus avantageux. \u00c9galement compatible avec la domotique Homeautomation et Homey Pro.<\/strong><\/p>\n<p>Le syst\u00e8me Home BLH-3.6k\/10 kWh 1 phase est recommand\u00e9 pour les m\u00e9nages ayant une consommation annuelle moyenne d'environ 3650 kWh. Avec une capacit\u00e9 de 3,6 kW, vous pouvez couvrir une grande partie de vos besoins \u00e9nerg\u00e9tiques en utilisant l'\u00e9nergie solaire g\u00e9n\u00e9r\u00e9e et l'\u00e9nergie stock\u00e9e dans la batterie. En outre, ce syst\u00e8me offre une alimentation de secours, de sorte que les appareils importants continuent de fonctionner pendant les coupures de courant et que vos activit\u00e9s quotidiennes se poursuivent sans interruption. Le syst\u00e8me peut \u00e9galement \u00eatre \u00e9tendu \u00e0 une capacit\u00e9 maximale de 600 kWh.<\/p>\n<p>Le Powerpack Blauhoff Home BLH-3.6k\/10 kWh 1 phase a \u00e9t\u00e9 con\u00e7u dans un souci de flexibilit\u00e9. Il est dot\u00e9 d'un port pour g\u00e9n\u00e9rateur\/\u00e9olienne, ce qui vous donne la possibilit\u00e9 d'ajouter des sources d'\u00e9nergie suppl\u00e9mentaires et d'accro\u00eetre votre ind\u00e9pendance \u00e9nerg\u00e9tique. Avec une connexion minimale de 3x25A et adapt\u00e9 aux configurations monophas\u00e9es, ce syst\u00e8me est compatible avec la plupart des r\u00e9seaux \u00e9lectriques domestiques.<\/p>\n<p>Gr\u00e2ce \u00e0 l'installation gratuite, vous pouvez compter sur une installation professionnelle, garantissant le fonctionnement optimal de votre syst\u00e8me d\u00e8s le premier instant et vous permettant de profiter d'une exp\u00e9rience sans souci.<\/p>\n<p>Passez \u00e0 une alimentation en \u00e9nergie plus efficace et durable avec le syst\u00e8me Blauhoff Home BLH-3.6k\/10 kWh 1 Phase. Gr\u00e2ce \u00e0 un puissant stockage d'\u00e9nergie, \u00e0 une alimentation de secours et \u00e0 la flexibilit\u00e9 des sources d'\u00e9nergie, vous pouvez compter sur une alimentation \u00e9lectrique fiable, r\u00e9aliser des \u00e9conomies et r\u00e9duire votre empreinte carbone. Choisissez le syst\u00e8me Blauhoff et pr\u00e9parez votre maison aux besoins \u00e9nerg\u00e9tiques du futur.<\/p>\n<p><strong>\u00c9galement disponible avec chauffage pour les installations dans les r\u00e9gions froides ou \u00e0 l'ext\u00e9rieur, en option suppl\u00e9mentaire !<\/strong><\/p>\n<p><a href=\"https:\/\/blauhoff.nl\/wp-content\/uploads\/2024\/07\/Blauhoff-Power-Pack-LV-V1.3.pdf\" target=\"_blank\" rel=\"noopener\">Blauhoff Power Pack LV V1.3<\/a><\/p>\n<div style=\"width: 640px;\" class=\"wp-video\"><video class=\"wp-video-shortcode\" id=\"video-206799-1\" width=\"640\" height=\"360\" preload=\"metadata\" controls=\"controls\"><source type=\"video\/mp4\" src=\"https:\/\/blauhoff.nl\/wp-content\/uploads\/2024\/12\/Blauhoff-PowerPack-Series.mp4?_=1\" \/><a href=\"https:\/\/blauhoff.nl\/wp-content\/uploads\/2024\/12\/Blauhoff-PowerPack-Series.mp4\">https:\/\/blauhoff.nl\/wp-content\/uploads\/2024\/12\/Blauhoff-PowerPack-Series.mp4<\/a><\/video><\/div>","protected":false},"excerpt":{"rendered":"<p>Blauhoff Home 3.6K\/10 kWh LV Syst\u00e8me monophas\u00e9 Cobalt free Powerpack IP55 Outdoor\/Indoor\/Cobalt free 100aH 1C Le syst\u00e8me super robuste et facilement extensible Blauhoff Home BLH-3.6k\/10 kWh monophas\u00e9, de [...]<\/p>","protected":false},"featured_media":206802,"template":"","meta":{"_seopress_robots_primary_cat":"none","_seopress_titles_title":"","_seopress_titles_desc":"","_seopress_robots_index":"","_kad_blocks_custom_css":"","_kad_blocks_head_custom_js":"","_kad_blocks_body_custom_js":"","_kad_blocks_footer_custom_js":""},"product_cat":[17,19],"product_tag":[],"class_list":{"0":"post-206799","1":"product","2":"type-product","3":"status-publish","4":"has-post-thumbnail","6":"product_cat-home-batteries","7":"product_cat-sets-with-inverters","9":"first","10":"instock","11":"taxable","12":"shipping-taxable","13":"purchasable","14":"product-type-simple"},"taxonomy_info":{"product_cat":[{"value":17,"label":"Home batteries"},{"value":19,"label":"Sets with inverters"}]},"featured_image_src_large":["https:\/\/ownpowr.com\/wp-content\/uploads\/2025\/02\/bh3_3.6k_15kwh-1.png",480,480,false],"author_info":[],"comment_info":"","_links":{"self":[{"href":"https:\/\/ownpowr.com\/fr\/wp-json\/wp\/v2\/product\/206799","targetHints":{"allow":["GET"]}}],"collection":[{"href":"https:\/\/ownpowr.com\/fr\/wp-json\/wp\/v2\/product"}],"about":[{"href":"https:\/\/ownpowr.com\/fr\/wp-json\/wp\/v2\/types\/product"}],"wp:featuredmedia":[{"embeddable":true,"href":"https:\/\/ownpowr.com\/fr\/wp-json\/wp\/v2\/media\/206802"}],"wp:attachment":[{"href":"https:\/\/ownpowr.com\/fr\/wp-json\/wp\/v2\/media?parent=206799"}],"wp:term":[{"taxonomy":"product_cat","embeddable":true,"href":"https:\/\/ownpowr.com\/fr\/wp-json\/wp\/v2\/product_cat?post=206799"},{"taxonomy":"product_tag","embeddable":true,"href":"https:\/\/ownpowr.com\/fr\/wp-json\/wp\/v2\/product_tag?post=206799"}],"curies":[{"name":"wp","href":"https:\/\/api.w.org\/{rel}","templated":true}]}}