{"id":206803,"date":"2025-02-07T15:58:34","date_gmt":"2025-02-07T13:58:34","guid":{"rendered":"https:\/\/ownpowr.com\/?post_type=product&#038;p=206803"},"modified":"2025-02-14T16:28:57","modified_gmt":"2025-02-14T14:28:57","slug":"blauhoff-home-8k-20kwh-3-phase-system","status":"publish","type":"product","link":"https:\/\/ownpowr.com\/fr\/product\/blauhoff-home-8k-20kwh-systeme-triphase\/","title":{"rendered":"Blauhoff Home 8K\/20kWh Syst\u00e8me 1 ou 3 phases"},"content":{"rendered":"<p>Blauhoff Home 8K\/20kWh Syst\u00e8me de phase<\/p>\n<p>Le syst\u00e8me \u00e0 phase Blauhoff Home 8K\/20kWh, de la marque de confiance Blauhoff, offre une solution avanc\u00e9e pour le stockage de l'\u00e9nergie \u00e0 domicile. Ce syst\u00e8me est sp\u00e9cialement con\u00e7u pour r\u00e9pondre aux besoins \u00e9nerg\u00e9tiques des m\u00e9nages ayant une consommation importante. Gr\u00e2ce \u00e0 ce puissant syst\u00e8me, vous pouvez optimiser l'efficacit\u00e9 de votre consommation d'\u00e9nergie, r\u00e9duire votre d\u00e9pendance au r\u00e9seau et m\u00eame b\u00e9n\u00e9ficier d'une alimentation de secours en cas de panne de courant. De plus, ce syst\u00e8me est livr\u00e9 avec une installation gratuite, ce qui rend l'installation simple et sans souci.<\/p>\n<p>L'onduleur a une longueur de 580 mm et p\u00e8se 33,6 kg. Avec un c\u00e2ble suppl\u00e9mentaire de 300 mm entre l'onduleur et la batterie, vous pouvez d\u00e9terminer l'emplacement optimal de votre syst\u00e8me, en garantissant un transfert d'\u00e9nergie efficace et des pertes d'\u00e9nergie minimales.<\/p>\n<p>Le syst\u00e8me de batterie Blauhoff est robuste et durable, il mesure 580 mm x 387 mm x 1300 mm et p\u00e8se 180 kg. La batterie a une capacit\u00e9 impressionnante de 20 kWh, ce qui vous permet de stocker l'\u00e9nergie exc\u00e9dentaire g\u00e9n\u00e9r\u00e9e par vos panneaux solaires. Lorsque la lumi\u00e8re du soleil n'est pas disponible, vous pouvez utiliser cette \u00e9nergie stock\u00e9e pour couvrir votre consommation d'\u00e9nergie, r\u00e9duisant ainsi votre d\u00e9pendance au r\u00e9seau et vos co\u00fbts \u00e9nerg\u00e9tiques.<\/p>\n<p>Le syst\u00e8me Blauhoff Home 8K\/20kWh Phase est recommand\u00e9 pour les m\u00e9nages ayant une consommation annuelle moyenne d'environ 7000 kWh. Avec une capacit\u00e9 de 8 kW, vous pouvez couvrir une grande partie de vos besoins \u00e9nerg\u00e9tiques gr\u00e2ce \u00e0 l'\u00e9nergie solaire produite et \u00e0 l'\u00e9nergie stock\u00e9e dans la batterie. En outre, ce syst\u00e8me offre une alimentation de secours qui vous permet de continuer \u00e0 utiliser des appareils importants pendant les coupures de courant, assurant ainsi votre confort et votre tranquillit\u00e9 d'esprit.<\/p>\n<p>Le syst\u00e8me \u00e0 phase Blauhoff Home 8K\/20kWh a \u00e9t\u00e9 con\u00e7u dans un souci de flexibilit\u00e9. Il est dot\u00e9 d'un port pour g\u00e9n\u00e9rateur\/\u00e9olienne, ce qui vous donne la possibilit\u00e9 d'ajouter des sources d'\u00e9nergie suppl\u00e9mentaires et d'accro\u00eetre encore votre ind\u00e9pendance \u00e9nerg\u00e9tique. Avec une connexion minimale de 1x40A et adapt\u00e9 aux configurations monophas\u00e9es, ce syst\u00e8me est compatible avec la plupart des r\u00e9seaux \u00e9lectriques domestiques.<\/p>\n<p>Gr\u00e2ce \u00e0 l'installation gratuite, vous pouvez compter sur une installation professionnelle, ce qui vous permet d'\u00e9conomiser du temps et des efforts et de garantir que votre syst\u00e8me fonctionne de mani\u00e8re optimale d\u00e8s le premier instant.<\/p>\n<p>Passez \u00e0 un approvisionnement \u00e9nerg\u00e9tique plus efficace et durable avec le syst\u00e8me de phase Blauhoff Home 8K\/20kWh. Avec un stockage d'\u00e9nergie puissant, une alimentation de secours et une flexibilit\u00e9 des sources d'\u00e9nergie, vous pouvez profiter d'une gestion fiable et rentable de l'\u00e9nergie dans votre maison. Choisissez Blauhoff et pr\u00e9parez votre maison aux besoins \u00e9nerg\u00e9tiques du futur.<\/p>\n<p><strong>Le syst\u00e8me Blauhoff Home 8K\/20 kWh 1 phase est \u00e9galement disponible sur demande !<\/strong><\/p>","protected":false},"excerpt":{"rendered":"<p>Blauhoff Home 8K\/20kWh Phase System Le Blauhoff Home 8K\/20kWh Phase System, de la marque de confiance Blauhoff, offre une solution avanc\u00e9e pour le stockage de l'\u00e9nergie \u00e0 domicile. Ce syst\u00e8me est sp\u00e9cialement con\u00e7u pour r\u00e9pondre [...]<\/p>","protected":false},"featured_media":206806,"template":"","meta":{"_seopress_robots_primary_cat":"none","_seopress_titles_title":"","_seopress_titles_desc":"","_seopress_robots_index":"","_kad_blocks_custom_css":"","_kad_blocks_head_custom_js":"","_kad_blocks_body_custom_js":"","_kad_blocks_footer_custom_js":""},"product_cat":[17,19],"product_tag":[],"class_list":{"0":"post-206803","1":"product","2":"type-product","3":"status-publish","4":"has-post-thumbnail","6":"product_cat-home-batteries","7":"product_cat-sets-with-inverters","9":"first","10":"instock","11":"taxable","12":"shipping-taxable","13":"purchasable","14":"product-type-simple"},"taxonomy_info":{"product_cat":[{"value":17,"label":"Home batteries"},{"value":19,"label":"Sets with inverters"}]},"featured_image_src_large":["https:\/\/ownpowr.com\/wp-content\/uploads\/2025\/02\/blh_8k_20kwh.jpg",480,480,false],"author_info":[],"comment_info":"","_links":{"self":[{"href":"https:\/\/ownpowr.com\/fr\/wp-json\/wp\/v2\/product\/206803","targetHints":{"allow":["GET"]}}],"collection":[{"href":"https:\/\/ownpowr.com\/fr\/wp-json\/wp\/v2\/product"}],"about":[{"href":"https:\/\/ownpowr.com\/fr\/wp-json\/wp\/v2\/types\/product"}],"wp:featuredmedia":[{"embeddable":true,"href":"https:\/\/ownpowr.com\/fr\/wp-json\/wp\/v2\/media\/206806"}],"wp:attachment":[{"href":"https:\/\/ownpowr.com\/fr\/wp-json\/wp\/v2\/media?parent=206803"}],"wp:term":[{"taxonomy":"product_cat","embeddable":true,"href":"https:\/\/ownpowr.com\/fr\/wp-json\/wp\/v2\/product_cat?post=206803"},{"taxonomy":"product_tag","embeddable":true,"href":"https:\/\/ownpowr.com\/fr\/wp-json\/wp\/v2\/product_tag?post=206803"}],"curies":[{"name":"wp","href":"https:\/\/api.w.org\/{rel}","templated":true}]}}