{"id":207770,"date":"2025-02-14T12:09:30","date_gmt":"2025-02-14T10:09:30","guid":{"rendered":"https:\/\/ownpowr.com\/?post_type=product&#038;p=207770"},"modified":"2025-02-14T12:10:25","modified_gmt":"2025-02-14T10:10:25","slug":"blauhoff-home-3-6k-10kwh-1-phase-system","status":"publish","type":"product","link":"https:\/\/ownpowr.com\/fr\/product\/blauhoff-home-3-6k-10kwh-1-phase-system\/","title":{"rendered":"Blauhoff Home 3.6K\/10kWh Syst\u00e8me monophas\u00e9"},"content":{"rendered":"<p>Blauhoff Home 3.6K\/10kWh Syst\u00e8me monophas\u00e9<\/p>\n<p>Le syst\u00e8me Blauhoff Home 3.6K\/10kWh 1 Phase est un syst\u00e8me de stockage d'\u00e9nergie r\u00e9volutionnaire con\u00e7u pour r\u00e9pondre aux besoins des m\u00e9nages modernes. Dot\u00e9 de technologies avanc\u00e9es et d'une capacit\u00e9 impressionnante, ce syst\u00e8me offre une solution fiable et efficace pour g\u00e9rer votre consommation d'\u00e9nergie.<\/p>\n<p>Ce syst\u00e8me est sp\u00e9cifiquement recommand\u00e9 pour une consommation annuelle moyenne de 3650 kWh, ce qui le rend parfait pour la plupart des m\u00e9nages. Que vous souhaitiez alimenter vos appareils \u00e9lectriques, votre maison en \u00e9nergie solaire ou optimiser votre consommation d'\u00e9nergie, le syst\u00e8me Blauhoff Home est con\u00e7u pour r\u00e9pondre \u00e0 vos besoins.<\/p>\n<p>Avec une capacit\u00e9 g\u00e9n\u00e9reuse de 10 kWh, ce syst\u00e8me permet de stocker largement l'\u00e9nergie exc\u00e9dentaire g\u00e9n\u00e9r\u00e9e par les panneaux solaires ou d'autres sources renouvelables. Cela signifie que vous pouvez stocker et utiliser l'\u00e9nergie quand vous en avez besoin, m\u00eame pendant les heures de pointe ou lorsqu'aucune alimentation \u00e9lectrique externe n'est disponible. En outre, le syst\u00e8me est dot\u00e9 d'une fonction d'alimentation de secours, ce qui vous permet de toujours disposer d'\u00e9lectricit\u00e9, m\u00eame en cas de coupure de courant.<\/p>\n<p>L'une des caract\u00e9ristiques remarquables du syst\u00e8me Blauhoff Home est sa compatibilit\u00e9 avec les g\u00e9n\u00e9rateurs et les ports d'\u00e9oliennes. Cela vous permet d'int\u00e9grer diff\u00e9rentes sources d'\u00e9nergie renouvelable et de r\u00e9duire davantage votre empreinte carbone. Vous pouvez b\u00e9n\u00e9ficier de la production d'\u00e9nergie verte et rendre votre consommation d'\u00e9lectricit\u00e9 plus durable.<\/p>\n<p>Avec une puissance de 3,6 kW, le syst\u00e8me Blauhoff Home fournit suffisamment d'\u00e9nergie pour r\u00e9pondre \u00e0 vos besoins quotidiens. Que vous souhaitiez brancher vos lumi\u00e8res, votre r\u00e9frig\u00e9rateur, votre climatisation ou d'autres appareils \u00e9lectriques, ce syst\u00e8me offre des performances fiables et vous garantit de ne jamais \u00eatre priv\u00e9 d'\u00e9lectricit\u00e9.<\/p>\n<p>L'installation du syst\u00e8me monophas\u00e9 Blauhoff Home 3.6K\/10 kWh est facile et ne n\u00e9cessite qu'une connexion minimale de 1x25A. En outre, le syst\u00e8me est livr\u00e9 avec une installation gratuite, de sorte que vous pouvez commencer \u00e0 profiter des avantages de votre nouvelle solution \u00e9nerg\u00e9tique imm\u00e9diatement.<\/p>\n<p>Choisissez le syst\u00e8me monophas\u00e9 Blauhoff Home 3.6K\/10 kWh et d\u00e9couvrez un moyen avanc\u00e9 et fiable de g\u00e9rer votre consommation d'\u00e9nergie. Profitez de la libert\u00e9 de produire, de stocker et d'utiliser votre propre \u00e9nergie, tout en \u00e9conomisant sur vos co\u00fbts \u00e9nerg\u00e9tiques et en contribuant \u00e0 un avenir plus durable. Avec Blauhoff Home, vous ma\u00eetrisez votre \u00e9nergie.<\/p>","protected":false},"excerpt":{"rendered":"<p>Blauhoff Home 3.6K\/10kWh 1 Phase Le syst\u00e8me Blauhoff Home 3.6K\/10kWh 1 Phase est un syst\u00e8me de stockage d'\u00e9nergie r\u00e9volutionnaire con\u00e7u pour r\u00e9pondre aux besoins des m\u00e9nages modernes. Gr\u00e2ce \u00e0 des technologies avanc\u00e9es [...]<\/p>","protected":false},"featured_media":207773,"template":"","meta":{"_seopress_robots_primary_cat":"none","_seopress_titles_title":"","_seopress_titles_desc":"","_seopress_robots_index":"","_kad_blocks_custom_css":"","_kad_blocks_head_custom_js":"","_kad_blocks_body_custom_js":"","_kad_blocks_footer_custom_js":""},"product_cat":[17,19],"product_tag":[],"class_list":{"0":"post-207770","1":"product","2":"type-product","3":"status-publish","4":"has-post-thumbnail","6":"product_cat-home-batteries","7":"product_cat-sets-with-inverters","9":"first","10":"instock","11":"taxable","12":"shipping-taxable","13":"purchasable","14":"product-type-simple"},"taxonomy_info":{"product_cat":[{"value":17,"label":"Home batteries"},{"value":19,"label":"Sets with inverters"}]},"featured_image_src_large":["https:\/\/ownpowr.com\/wp-content\/uploads\/2025\/02\/blh_1_phase_36_10.jpg",600,600,false],"author_info":[],"comment_info":"","_links":{"self":[{"href":"https:\/\/ownpowr.com\/fr\/wp-json\/wp\/v2\/product\/207770","targetHints":{"allow":["GET"]}}],"collection":[{"href":"https:\/\/ownpowr.com\/fr\/wp-json\/wp\/v2\/product"}],"about":[{"href":"https:\/\/ownpowr.com\/fr\/wp-json\/wp\/v2\/types\/product"}],"wp:featuredmedia":[{"embeddable":true,"href":"https:\/\/ownpowr.com\/fr\/wp-json\/wp\/v2\/media\/207773"}],"wp:attachment":[{"href":"https:\/\/ownpowr.com\/fr\/wp-json\/wp\/v2\/media?parent=207770"}],"wp:term":[{"taxonomy":"product_cat","embeddable":true,"href":"https:\/\/ownpowr.com\/fr\/wp-json\/wp\/v2\/product_cat?post=207770"},{"taxonomy":"product_tag","embeddable":true,"href":"https:\/\/ownpowr.com\/fr\/wp-json\/wp\/v2\/product_tag?post=207770"}],"curies":[{"name":"wp","href":"https:\/\/api.w.org\/{rel}","templated":true}]}}