{"id":207863,"date":"2025-02-14T16:12:44","date_gmt":"2025-02-14T14:12:44","guid":{"rendered":"https:\/\/ownpowr.com\/?post_type=product&#038;p=207863"},"modified":"2025-02-14T16:12:45","modified_gmt":"2025-02-14T14:12:45","slug":"blauhoff-home-10k-20kwh-3-phase-system-hv-lv","status":"publish","type":"product","link":"https:\/\/ownpowr.com\/fr\/product\/blauhoff-home-10k-20kwh-3-phase-system-hv-lv\/","title":{"rendered":"Blauhoff Home 10K\/20kWh Syst\u00e8me triphas\u00e9 HV\/LV"},"content":{"rendered":"<p>Blauhoff Home 10K\/20kWh Syst\u00e8me de phase<\/p>\n<p>Le syst\u00e8me \u00e0 phase Blauhoff Home 10K\/20kWh, de la marque renomm\u00e9e Blauhoff, offre une solution puissante et fiable pour le stockage de l'\u00e9nergie dans les foyers ayant une consommation importante. Avec ce syst\u00e8me avanc\u00e9, vous pouvez optimiser votre gestion de l'\u00e9nergie, r\u00e9duire votre d\u00e9pendance au r\u00e9seau et b\u00e9n\u00e9ficier d'une alimentation de secours en cas de panne de courant. De plus, ce syst\u00e8me est livr\u00e9 avec une installation gratuite, ce qui rend l'installation facile et sans tracas.<\/p>\n<p>L'onduleur a une longueur de 699,3 mm et p\u00e8se 33,6 kg. Avec un c\u00e2ble suppl\u00e9mentaire de 300 mm entre l'onduleur et la batterie, vous pouvez d\u00e9terminer l'emplacement optimal de votre syst\u00e8me, en garantissant un transfert d'\u00e9nergie efficace et des pertes d'\u00e9nergie minimales.<\/p>\n<p>Le syst\u00e8me de batterie Blauhoff est durable et robuste, avec des dimensions de 586 mm x 387 mm x 1300 mm et un poids de 180 kg. La batterie a une capacit\u00e9 impressionnante de 20 kWh, ce qui vous permet de stocker l'\u00e9nergie exc\u00e9dentaire g\u00e9n\u00e9r\u00e9e par vos panneaux solaires ou d'autres sources d'\u00e9nergie. Lorsqu'il n'y a pas de production d'\u00e9nergie, vous pouvez utiliser l'\u00e9nergie stock\u00e9e pour couvrir votre consommation d'\u00e9nergie, ce qui vous rend moins d\u00e9pendant du r\u00e9seau \u00e9lectrique et r\u00e9duit davantage vos co\u00fbts \u00e9nerg\u00e9tiques.<\/p>\n<p>Le syst\u00e8me Blauhoff Home 10K\/20kWh Phase est recommand\u00e9 pour les m\u00e9nages ayant une consommation annuelle moyenne d'environ 7300 kWh. Avec une capacit\u00e9 de 10 kW, vous pouvez couvrir une grande partie de vos besoins \u00e9nerg\u00e9tiques gr\u00e2ce \u00e0 l'\u00e9nergie solaire produite et \u00e0 l'\u00e9nergie stock\u00e9e dans la batterie. En outre, ce syst\u00e8me fournit une alimentation de secours, de sorte que les appareils importants continuent de fonctionner pendant les coupures de courant et que vos activit\u00e9s quotidiennes se poursuivent sans interruption.<\/p>\n<p>Le syst\u00e8me \u00e0 phase Blauhoff Home 10K\/20kWh a \u00e9t\u00e9 con\u00e7u dans un souci de flexibilit\u00e9. Il est dot\u00e9 d'un port pour g\u00e9n\u00e9rateur\/\u00e9olienne, ce qui vous donne la possibilit\u00e9 d'ajouter des sources d'\u00e9nergie suppl\u00e9mentaires et d'accro\u00eetre votre ind\u00e9pendance \u00e9nerg\u00e9tique. Avec une connexion minimale de 3x25A et adapt\u00e9 aux configurations de phase, ce syst\u00e8me est compatible avec la plupart des r\u00e9seaux \u00e9lectriques domestiques.<\/p>\n<p>Gr\u00e2ce \u00e0 l'installation gratuite, vous pouvez compter sur une installation professionnelle, garantissant le fonctionnement optimal de votre syst\u00e8me d\u00e8s le premier instant et vous permettant de profiter d'une exp\u00e9rience sans souci.<\/p>\n<p>Passez \u00e0 une alimentation en \u00e9nergie plus efficace et durable avec le syst\u00e8me de phase Blauhoff Home 10K\/20kWh. Avec un stockage d'\u00e9nergie puissant, une alimentation de secours et une flexibilit\u00e9 des sources d'\u00e9nergie, vous pouvez compter sur une alimentation \u00e9lectrique fiable, r\u00e9aliser des \u00e9conomies et r\u00e9duire votre empreinte carbone. Choisissez le syst\u00e8me Blauhoff et pr\u00e9parez votre maison aux besoins \u00e9nerg\u00e9tiques du futur.<\/p>\n<p><strong>Le prix diff\u00e8re entre HV et LV !<\/strong><\/p>","protected":false},"excerpt":{"rendered":"<p>Blauhoff Home 10K\/20kWh Phase System Le syst\u00e8me Blauhoff Home 10K\/20kWh Phase System, de la marque renomm\u00e9e Blauhoff, offre une solution puissante et fiable pour le stockage de l'\u00e9nergie dans les foyers ayant une consommation importante. [...]<\/p>","protected":false},"featured_media":207866,"template":"","meta":{"_seopress_robots_primary_cat":"","_seopress_titles_title":"","_seopress_titles_desc":"","_seopress_robots_index":"","_kad_blocks_custom_css":"","_kad_blocks_head_custom_js":"","_kad_blocks_body_custom_js":"","_kad_blocks_footer_custom_js":""},"product_cat":[17,19],"product_tag":[],"class_list":{"0":"post-207863","1":"product","2":"type-product","3":"status-publish","4":"has-post-thumbnail","6":"product_cat-home-batteries","7":"product_cat-sets-with-inverters","9":"first","10":"instock","11":"taxable","12":"shipping-taxable","13":"purchasable","14":"product-type-simple"},"taxonomy_info":{"product_cat":[{"value":17,"label":"Home batteries"},{"value":19,"label":"Sets with inverters"}]},"featured_image_src_large":["https:\/\/ownpowr.com\/wp-content\/uploads\/2025\/02\/blh_5100_10k_20kwh-600x600-1.jpg",600,600,false],"author_info":[],"comment_info":"","_links":{"self":[{"href":"https:\/\/ownpowr.com\/fr\/wp-json\/wp\/v2\/product\/207863","targetHints":{"allow":["GET"]}}],"collection":[{"href":"https:\/\/ownpowr.com\/fr\/wp-json\/wp\/v2\/product"}],"about":[{"href":"https:\/\/ownpowr.com\/fr\/wp-json\/wp\/v2\/types\/product"}],"wp:featuredmedia":[{"embeddable":true,"href":"https:\/\/ownpowr.com\/fr\/wp-json\/wp\/v2\/media\/207866"}],"wp:attachment":[{"href":"https:\/\/ownpowr.com\/fr\/wp-json\/wp\/v2\/media?parent=207863"}],"wp:term":[{"taxonomy":"product_cat","embeddable":true,"href":"https:\/\/ownpowr.com\/fr\/wp-json\/wp\/v2\/product_cat?post=207863"},{"taxonomy":"product_tag","embeddable":true,"href":"https:\/\/ownpowr.com\/fr\/wp-json\/wp\/v2\/product_tag?post=207863"}],"curies":[{"name":"wp","href":"https:\/\/api.w.org\/{rel}","templated":true}]}}