{"id":207867,"date":"2025-02-14T16:18:18","date_gmt":"2025-02-14T14:18:18","guid":{"rendered":"https:\/\/ownpowr.com\/?post_type=product&#038;p=207867"},"modified":"2025-02-14T16:18:19","modified_gmt":"2025-02-14T14:18:19","slug":"blauhoff-home-5k-20-kwh-1-phase-system-lv","status":"publish","type":"product","link":"https:\/\/ownpowr.com\/fr\/product\/blauhoff-home-5k-20-kwh-1-phase-system-lv\/","title":{"rendered":"Blauhoff Home 5K\/20 kWh Syst\u00e8me monophas\u00e9 BT"},"content":{"rendered":"<p>Blauhoff Home 5K\/20 kWh Syst\u00e8me monophas\u00e9<\/p>\n<p>Le syst\u00e8me Blauhoff Home 5K\/20 kWh 1 phase est un syst\u00e8me de stockage d'\u00e9nergie compact et efficace con\u00e7u pour r\u00e9pondre aux besoins \u00e9nerg\u00e9tiques des m\u00e9nages et des petites entreprises. Avec une consommation annuelle moyenne recommand\u00e9e de 7300 kWh, ce syst\u00e8me offre une solution durable et fiable pour produire, stocker et utiliser votre propre \u00e9nergie.<\/p>\n<p>Avec une capacit\u00e9 de 20 kWh, ce syst\u00e8me offre un espace de stockage suffisant pour stocker l'\u00e9nergie solaire produite pendant la journ\u00e9e et l'utiliser le soir et la nuit. Cela vous permet de r\u00e9duire votre d\u00e9pendance vis-\u00e0-vis du r\u00e9seau \u00e9lectrique et de diminuer vos co\u00fbts \u00e9nerg\u00e9tiques. En outre, le syst\u00e8me est \u00e9quip\u00e9 d'une alimentation de secours, ce qui vous permet de continuer \u00e0 b\u00e9n\u00e9ficier de l'\u00e9lectricit\u00e9 pendant les pannes de courant.<\/p>\n<p>Le Blauhoff Home a \u00e9t\u00e9 con\u00e7u dans un souci de compatibilit\u00e9. Le syst\u00e8me est \u00e9quip\u00e9 d'un g\u00e9n\u00e9rateur et d'un port pour \u00e9olienne, ce qui vous donne la possibilit\u00e9 d'int\u00e9grer des sources d'\u00e9nergie alternatives et de produire encore plus d'\u00e9nergie verte. Vous avez ainsi la possibilit\u00e9 de diversifier davantage votre production d'\u00e9nergie et de r\u00e9duire votre empreinte carbone.<\/p>\n<p>Avec une capacit\u00e9 de 5 kW, le Blauhoff Home convient \u00e0 un large \u00e9ventail d'applications. Que vous souhaitiez alimenter les appareils \u00e9lectriques de votre maison ou que vous ayez besoin d'\u00e9nergie pour les activit\u00e9s de votre petite entreprise, ce syst\u00e8me peut r\u00e9pondre \u00e0 vos besoins. Le syst\u00e8me fonctionne sur une connexion monophas\u00e9e avec une exigence minimale de 1x40A, ce qui le rend adapt\u00e9 aux applications domestiques.<\/p>\n<p>Le syst\u00e8me Blauhoff Home 5K\/20 kWh 1 phase a \u00e9t\u00e9 con\u00e7u dans un souci de facilit\u00e9 d'utilisation et de fiabilit\u00e9. La taille compacte et la conception l\u00e9g\u00e8re de l'onduleur permettent une installation facile, tandis que le syst\u00e8me de batterie robuste garantit une durabilit\u00e9 et des performances \u00e0 long terme.<\/p>\n<p>Choisissez le syst\u00e8me Blauhoff Home 5K\/20 kWh 1 phase et b\u00e9n\u00e9ficiez d'une solution fiable et efficace pour vos besoins \u00e9nerg\u00e9tiques. Ce syst\u00e8me vous permet de b\u00e9n\u00e9ficier d'une \u00e9nergie verte, de r\u00e9duire vos factures d'\u00e9nergie et de contribuer \u00e0 un avenir durable. Faites confiance \u00e0 Blauhoff pour des solutions de stockage d'\u00e9nergie de haute qualit\u00e9 qui r\u00e9pondent \u00e0 vos besoins et vous apportent la tranquillit\u00e9 d'esprit.<\/p>","protected":false},"excerpt":{"rendered":"<p>Blauhoff Home 5K\/20 kWh 1 Phase Le syst\u00e8me Blauhoff Home 5K\/20 kWh 1 Phase est un syst\u00e8me de stockage d'\u00e9nergie compact et efficace con\u00e7u pour r\u00e9pondre aux besoins \u00e9nerg\u00e9tiques des [...]<\/p>","protected":false},"featured_media":207870,"template":"","meta":{"_seopress_robots_primary_cat":"","_seopress_titles_title":"","_seopress_titles_desc":"","_seopress_robots_index":"","_kad_blocks_custom_css":"","_kad_blocks_head_custom_js":"","_kad_blocks_body_custom_js":"","_kad_blocks_footer_custom_js":""},"product_cat":[17,19],"product_tag":[],"class_list":{"0":"post-207867","1":"product","2":"type-product","3":"status-publish","4":"has-post-thumbnail","6":"product_cat-home-batteries","7":"product_cat-sets-with-inverters","9":"first","10":"instock","11":"taxable","12":"shipping-taxable","13":"purchasable","14":"product-type-simple"},"taxonomy_info":{"product_cat":[{"value":17,"label":"Home batteries"},{"value":19,"label":"Sets with inverters"}]},"featured_image_src_large":["https:\/\/ownpowr.com\/wp-content\/uploads\/2025\/02\/blh_5k_20kwh.jpg",480,480,false],"author_info":[],"comment_info":"","_links":{"self":[{"href":"https:\/\/ownpowr.com\/fr\/wp-json\/wp\/v2\/product\/207867","targetHints":{"allow":["GET"]}}],"collection":[{"href":"https:\/\/ownpowr.com\/fr\/wp-json\/wp\/v2\/product"}],"about":[{"href":"https:\/\/ownpowr.com\/fr\/wp-json\/wp\/v2\/types\/product"}],"wp:featuredmedia":[{"embeddable":true,"href":"https:\/\/ownpowr.com\/fr\/wp-json\/wp\/v2\/media\/207870"}],"wp:attachment":[{"href":"https:\/\/ownpowr.com\/fr\/wp-json\/wp\/v2\/media?parent=207867"}],"wp:term":[{"taxonomy":"product_cat","embeddable":true,"href":"https:\/\/ownpowr.com\/fr\/wp-json\/wp\/v2\/product_cat?post=207867"},{"taxonomy":"product_tag","embeddable":true,"href":"https:\/\/ownpowr.com\/fr\/wp-json\/wp\/v2\/product_tag?post=207867"}],"curies":[{"name":"wp","href":"https:\/\/api.w.org\/{rel}","templated":true}]}}