{"id":208743,"date":"2025-02-20T09:41:35","date_gmt":"2025-02-20T07:41:35","guid":{"rendered":"https:\/\/ownpowr.com\/?post_type=product&#038;p=208743"},"modified":"2025-08-25T14:41:27","modified_gmt":"2025-08-25T12:41:27","slug":"new-blauhoff-maxus-all-in-one-125k-289-kwh-energy-storage-cabinet-liquid-cooled","status":"publish","type":"product","link":"https:\/\/ownpowr.com\/fr\/product\/nouveau-blauhoff-maxus-all-in-one-125k-289-kwh-energy-storage-cabinet-liquid-cooled\/","title":{"rendered":"Nouveau ! Blauhoff Maxus Armoire de stockage d'\u00e9nergie tout-en-un 125K\/289 kWh Refroidissement par liquide"},"content":{"rendered":"<p>Nouveau Blauhoff Maxus 125K\/289kWh Armoire de stockage d'\u00e9nergie tout-en-un Garantie 10 ans 8000 cycles<\/p>\n<p>Tous les syst\u00e8mes de batteries Blauhoff sont garantis 10 ans sur les cellules et 5 ans sur l'onduleur sans aucun paiement suppl\u00e9mentaire !<\/p>\n<p>Ce n'est pas le cas de la plupart des autres marques et la garantie est limit\u00e9e \u00e0 3-5 ans seulement !<\/p>\n<p>Cellules prismatiques pour la plus haute qualit\u00e9 et la plus longue dur\u00e9e de vie, 8000 cycles et 10 ans de garantie sur les cellules sans frais suppl\u00e9mentaires et 5 ans sur l'ensemble.<\/p>\n<p>La s\u00e9rie BLH-125K\/258KwH-Maxus, un ESS commercial et industriel tout-en-un refroidi par liquide, est<br \/>\nint\u00e9gr\u00e9 avec un onduleur de stockage d'\u00e9nergie, une batterie, un BMS, un EMS, une gestion thermique,<br \/>\ndistribution d'\u00e9nergie, protection contre les incendies, etc. La conception tout-en-un est facile \u00e0 installer et \u00e0 mettre en \u0153uvre.<br \/>\nO&amp;M. Par ailleurs, la conception s\u00e9curitaire du syst\u00e8me permet d'am\u00e9liorer les performances de la batterie.<br \/>\net une dur\u00e9e de vie plus longue. Plusieurs ensembles d'armoires peuvent \u00eatre directement connect\u00e9s en parall\u00e8le, jusqu'\u00e0 30 pi\u00e8ces, pour r\u00e9aliser des \u00e9conomies d'\u00e9nergie.<br \/>\nl'expansion du syst\u00e8me de stockage de l'\u00e9nergie.<\/p>\n<p>\u00c9conomique :<\/p>\n<p>ESS hautement int\u00e9gr\u00e9 pour une<br \/>\nle transport et le fonctionnement et l'entretien. Les<br \/>\nLa conception int\u00e9gr\u00e9e garantit que le site peut \u00eatre<br \/>\nLa mise en place et l'utilisation sont rapides.<\/p>\n<p>Fonction de sauvegarde<\/p>\n<p>Fonction de rasoir<\/p>\n<p>Fonction PV<\/p>\n<p>Refroidissement liquide :<\/p>\n<p>L'\u00e9cart de temp\u00e9rature de<br \/>\ndes \u00e9l\u00e9ments de batterie dans l'ensemble<br \/>\nest de l'ordre de 3\u00b0C, gr\u00e2ce \u00e0 la mise en place d'un syst\u00e8me d'alerte pr\u00e9coce.<br \/>\nle syst\u00e8me de refroidissement liquide intelligent.<br \/>\nIl peut \u00e9tendre la<br \/>\nla dur\u00e9e de vie des cellules de batterie jusqu'\u00e0 20%.<\/p>\n<p>S\u00fbr :<\/p>\n<p>Le syst\u00e8me comporte quatre niveaux<br \/>\nla structure de gestion, qui peut<br \/>\ncontr\u00f4le avec pr\u00e9cision protection contre les courts-circuits, protection contre les surintensit\u00e9s, protection contre les surtensions, protection contre les sous-tensions, protection contre les surchauffes<br \/>\nprotection, etc.<\/p>\n<p>VDE4100<\/p>\n<p>IEC62619<\/p>\n<p>IEC61000<\/p>\n<p>UL9540A<\/p>\n<p>EN50549<\/p>\n<p><a href=\"https:\/\/blauhoff.nl\/wp-content\/uploads\/2025\/02\/NL-BLH-Maxus-125kW289kWh-Flyer-18-1-2025.pdf.pdf\" target=\"_blank\" rel=\"noopener\">NL BLH Maxus 125kW289kWh Flyer 18-1-2025.pdf<\/a><\/p>\n<p><iframe title=\"Blauhoff ESS Tout en un\" width=\"1140\" height=\"641\" src=\"https:\/\/www.youtube.com\/embed\/4ygzOwu-j7I?feature=oembed\" frameborder=\"0\" allow=\"accelerometer; autoplay; clipboard-write; encrypted-media; gyroscope; picture-in-picture; web-share\" referrerpolicy=\"strict-origin-when-cross-origin\" allowfullscreen><\/iframe><\/p>\n<p>&nbsp;<\/p>\n<p>&nbsp;<\/p>","protected":false},"excerpt":{"rendered":"<p>Nouveau Blauhoff Maxus 125K\/289kWh Armoire de stockage d'\u00e9nergie All In One 10 ans de garantie 8000 cycles Tous les syst\u00e8mes de batteries Blauhoff sont garantis 10 ans sur les cellules et 5 ans [...]<\/p>","protected":false},"featured_media":185452,"template":"","meta":{"_seopress_robots_primary_cat":"none","_seopress_titles_title":"","_seopress_titles_desc":"","_seopress_robots_index":"","_kad_blocks_custom_css":"","_kad_blocks_head_custom_js":"","_kad_blocks_body_custom_js":"","_kad_blocks_footer_custom_js":""},"product_cat":[17,19],"product_tag":[],"class_list":{"0":"post-208743","1":"product","2":"type-product","3":"status-publish","4":"has-post-thumbnail","6":"product_cat-home-batteries","7":"product_cat-sets-with-inverters","9":"first","10":"instock","11":"taxable","12":"shipping-taxable","13":"purchasable","14":"product-type-simple"},"taxonomy_info":{"product_cat":[{"value":17,"label":"Home batteries"},{"value":19,"label":"Sets with inverters"}]},"featured_image_src_large":["https:\/\/ownpowr.com\/wp-content\/uploads\/2024\/10\/maxus-.png",300,300,false],"author_info":[],"comment_info":"","_links":{"self":[{"href":"https:\/\/ownpowr.com\/fr\/wp-json\/wp\/v2\/product\/208743","targetHints":{"allow":["GET"]}}],"collection":[{"href":"https:\/\/ownpowr.com\/fr\/wp-json\/wp\/v2\/product"}],"about":[{"href":"https:\/\/ownpowr.com\/fr\/wp-json\/wp\/v2\/types\/product"}],"wp:featuredmedia":[{"embeddable":true,"href":"https:\/\/ownpowr.com\/fr\/wp-json\/wp\/v2\/media\/185452"}],"wp:attachment":[{"href":"https:\/\/ownpowr.com\/fr\/wp-json\/wp\/v2\/media?parent=208743"}],"wp:term":[{"taxonomy":"product_cat","embeddable":true,"href":"https:\/\/ownpowr.com\/fr\/wp-json\/wp\/v2\/product_cat?post=208743"},{"taxonomy":"product_tag","embeddable":true,"href":"https:\/\/ownpowr.com\/fr\/wp-json\/wp\/v2\/product_tag?post=208743"}],"curies":[{"name":"wp","href":"https:\/\/api.w.org\/{rel}","templated":true}]}}