{"id":221355,"date":"2025-04-17T14:50:19","date_gmt":"2025-04-17T12:50:19","guid":{"rendered":"https:\/\/ownpowr.com\/?post_type=product&#038;p=221355"},"modified":"2025-04-17T14:52:56","modified_gmt":"2025-04-17T12:52:56","slug":"afore-15k-hybrid-three-phase-inverter","status":"publish","type":"product","link":"https:\/\/ownpowr.com\/fr\/product\/afore-15k-onduleur-hybride-triphase\/","title":{"rendered":"Afore 15K Onduleur hybride triphas\u00e9"},"content":{"rendered":"<p>Onduleur hybride AF15K-THP, 2 MPPT, triphas\u00e9, puissance nominale 15 kW<br \/>\nLe Afore AF15K-THP est un onduleur hybride triphas\u00e9 d'une puissance de 15 kW. Dot\u00e9 d'une batterie haute tension, il peut \u00eatre utilis\u00e9 comme syst\u00e8me autonome\/hors r\u00e9seau ou comme syst\u00e8me non porteur de courant. Il est \u00e9quip\u00e9 de deux trackers MPPT et offre la possibilit\u00e9 de connecter deux cha\u00eenes de modules photovolta\u00efques. Plusieurs tensions MPPT sont \u00e9galement disponibles.<\/p>\n<p>Points forts<br \/>\nDesign moderne<br \/>\nSurveillance pendant la surveillance Wi-Fi<br \/>\nRendement sup\u00e9rieur de 97,5%<br \/>\nNon disponible<br \/>\n2 MPPT avec un string<br \/>\nInstallation facile et rapide<br \/>\nTaille compacte (370 x 598,5 x 1,92 mm)<br \/>\nCompatible avec les r\u00e9parations de batteries<br \/>\nConvient aux types de batteries : Lithium-ion<\/p>\n<p>Sp\u00e9cifications<br \/>\nDescription de l'article : AF15K-THP onduleur hybride, 2 MPPT, triphas\u00e9, puissance nominale 15 kW<\/p>\n<p>Donn\u00e9es de sortie AC<br \/>\nPuissance nominale : 15 kW<br \/>\nPuissance de sortie apparente maximale : 16,5 kVA<br \/>\nTension AC : 3P\/N\/PE 400 V<br \/>\nFr\u00e9quence CA : 50 Hz \/ 60 Hz<br \/>\nCourant alternatif : 21,8 A<br \/>\nCourant max. Courant alternatif : 27 A<\/p>\n<p>Donn\u00e9es d'entr\u00e9e de la cha\u00eene PV<br \/>\nPuissance max. Puissance d'entr\u00e9e DC : 22,5 kW<br \/>\nTension d'entr\u00e9e DC max. Tension d'entr\u00e9e DC : 1000 V<br \/>\nCourant d'entr\u00e9e CC max. Courant d'entr\u00e9e DC : 2 x 18,5 A<br \/>\nTension de d\u00e9marrage : 160 V<br \/>\nPlage de tension MPPT : 500-850 V<br \/>\nPuissance maximale \u00e0 court terme : 2 x 25 A<br \/>\nNombre de trackers MPPT\/nombre de branches : 2\/2<\/p>\n<p>Donn\u00e9es d'entr\u00e9e de la batterie<br \/>\nType de batterie : Lithium-ion \/ Plomb-acide \/ Chlorure de sodium<br \/>\nTension nominale : 500 V<br \/>\nPlage de tension : 80-600 V<br \/>\nCourant de charge maximal : 30 A<br \/>\nCourant de d\u00e9charge maximal : 30 A<\/p>\n<p>G\u00e9n\u00e9ral<br \/>\nEfficacit\u00e9 maximale : 98,3%<br \/>\nTaux d'efficacit\u00e9 de l'UE : 97,5%<br \/>\nCommunication : Affichage, LED, RS485, CAN, Wi-Fi, GPRS, 4G<br \/>\nClasse de protection : IP66<br \/>\nRefroidissement : Ventilateur intelligent<br \/>\nTopologie : Sans transformateur<br \/>\nDimensions (L x H x P) : 370 x 598,5 x 192 mm<br \/>\nPoids : 22 kg<\/p>\n<p>Comprend :<br \/>\n1 x Afore onduleur hybride AF15K-THP<br \/>\n1 x Kit d'accessoires<\/p>","protected":false},"excerpt":{"rendered":"<p>Onduleur hybride AF15K-THP, 2 MPPT, triphas\u00e9, puissance de sortie nominale 15 kW Le Afore AF15K-THP est un onduleur hybride triphas\u00e9 d'une puissance de sortie de 15 kW. Avec une batterie haute tension, [...]<\/p>","protected":false},"featured_media":221359,"template":"","meta":{"_seopress_robots_primary_cat":"none","_seopress_titles_title":"","_seopress_titles_desc":"","_seopress_robots_index":"","_kad_blocks_custom_css":"","_kad_blocks_head_custom_js":"","_kad_blocks_body_custom_js":"","_kad_blocks_footer_custom_js":""},"product_cat":[18],"product_tag":[],"class_list":{"0":"post-221355","1":"product","2":"type-product","3":"status-publish","4":"has-post-thumbnail","6":"product_cat-hybrid-inverters","8":"first","9":"instock","10":"taxable","11":"shipping-taxable","12":"purchasable","13":"product-type-simple"},"taxonomy_info":{"product_cat":[{"value":18,"label":"Hybrid inverters"}]},"featured_image_src_large":["https:\/\/ownpowr.com\/wp-content\/uploads\/2025\/04\/afore-hybrid-three-phase-inverter.png",640,640,false],"author_info":[],"comment_info":"","_links":{"self":[{"href":"https:\/\/ownpowr.com\/fr\/wp-json\/wp\/v2\/product\/221355","targetHints":{"allow":["GET"]}}],"collection":[{"href":"https:\/\/ownpowr.com\/fr\/wp-json\/wp\/v2\/product"}],"about":[{"href":"https:\/\/ownpowr.com\/fr\/wp-json\/wp\/v2\/types\/product"}],"wp:featuredmedia":[{"embeddable":true,"href":"https:\/\/ownpowr.com\/fr\/wp-json\/wp\/v2\/media\/221359"}],"wp:attachment":[{"href":"https:\/\/ownpowr.com\/fr\/wp-json\/wp\/v2\/media?parent=221355"}],"wp:term":[{"taxonomy":"product_cat","embeddable":true,"href":"https:\/\/ownpowr.com\/fr\/wp-json\/wp\/v2\/product_cat?post=221355"},{"taxonomy":"product_tag","embeddable":true,"href":"https:\/\/ownpowr.com\/fr\/wp-json\/wp\/v2\/product_tag?post=221355"}],"curies":[{"name":"wp","href":"https:\/\/api.w.org\/{rel}","templated":true}]}}