{"id":221364,"date":"2025-04-17T15:19:16","date_gmt":"2025-04-17T13:19:16","guid":{"rendered":"https:\/\/ownpowr.com\/?post_type=product&#038;p=221364"},"modified":"2025-04-17T15:19:17","modified_gmt":"2025-04-17T13:19:17","slug":"afore-30kw-hybrid-three-phase-inverter","status":"publish","type":"product","link":"https:\/\/ownpowr.com\/fr\/product\/afore-30kw-hybrid-three-phase-inverter\/","title":{"rendered":"Afore Onduleur hybride triphas\u00e9 30kw"},"content":{"rendered":"<p>Onduleur hybride AF30K-TH, 2 MPPT, triphas\u00e9, puissance de sortie nominale 30 000W<br \/>\nLe Afore AF30K-TH est un onduleur hybride triphas\u00e9 d'une puissance de 30 kW. Avec une batterie haute tension, l'onduleur peut \u00eatre utilis\u00e9 comme syst\u00e8me autonome\/hors r\u00e9seau et comme alimentation de secours. Il est \u00e9quip\u00e9 de deux trackers MPPT et permet de connecter plusieurs cha\u00eenes de modules photovolta\u00efques. Il dispose d'une large plage de tension MPPT.<\/p>\n<p>Points forts<br \/>\nDesign moderne<br \/>\nSurveillance par WiFi<br \/>\nRendement \u00e9lev\u00e9 de 97,8%<br \/>\nCapacit\u00e9 d'alimentation de secours<br \/>\n2 MPPT avec 2 branches chacun<br \/>\nInstallation simple et rapide<br \/>\nDimensions compactes (558 x 535 x 260 mm)<br \/>\nCompatible avec de nombreux fabricants de piles<br \/>\nConvient aux types de batteries : Lithium-ion<br \/>\nSp\u00e9cifications<br \/>\nNom du produit : Onduleur hybride AF30K-TH, 2 MPPT, triphas\u00e9, puissance de sortie nominale 30 000 W<br \/>\nDonn\u00e9es de sortie AC<br \/>\nPuissance de sortie nominale : 30 000 W<br \/>\nPuissance de sortie apparente maximale : 33 000 VA<br \/>\nTension AC : 3\/N\/PE 400 V<br \/>\nFr\u00e9quence CA : 50 Hz \/ 60 Hz<br \/>\nCourant alternatif nominal : 43,5 A<br \/>\nCourant max. Courant alternatif : 48,0 A<br \/>\nDonn\u00e9es d'entr\u00e9e de la cha\u00eene PV<br \/>\nPuissance max. Puissance d'entr\u00e9e DC : 45 kW<br \/>\nTension d'entr\u00e9e max. Tension d'entr\u00e9e DC : 1000V<br \/>\nCourant d'entr\u00e9e CC max. Courant d'entr\u00e9e DC : 2 x 40A<br \/>\nTension de d\u00e9marrage : 160V<br \/>\nPlage de tension MPPT : 150-850V<br \/>\nCourant de court-circuit max. : 2 x 60A<br \/>\nNombre de trackers MPP\/nombre de cordes : 2\/4<br \/>\nDonn\u00e9es d'entr\u00e9e de la batterie<br \/>\nType de batterie : Lithium-ion<br \/>\nTension nominale : 500V<br \/>\nTension de charge maximale : 150-800V<br \/>\nCourant de charge maximal : 60A<br \/>\nCourant de d\u00e9charge maximal : 60A<br \/>\nG\u00e9n\u00e9ral<br \/>\nRendement maximal : 98,5%<br \/>\nEfficacit\u00e9 dans l'UE : 98.1%<br \/>\nCommunication : Affichage, LED, RS485, CAN, Wi-Fi, GRPS, 4G<br \/>\nClasse de protection : IP65<br \/>\nTopologie : Sans transformateur<br \/>\nDimensions (L x H x P) : 558x535x260mm<br \/>\nPoids : 36 kg<br \/>\nContenu de la livraison<br \/>\n1 x Afore Onduleur hybride AF30K-TH<br \/>\n1 x Kit d'accessoires<\/p>","protected":false},"excerpt":{"rendered":"<p>Onduleur hybride AF30K-TH, 2 MPPT, triphas\u00e9, puissance de sortie nominale 30 000W Le Afore AF30K-TH est un onduleur hybride triphas\u00e9 d'une puissance de sortie de 30kW. Avec une batterie haute tension, l'onduleur [...]<\/p>","protected":false},"featured_media":221359,"template":"","meta":{"_seopress_robots_primary_cat":"none","_seopress_titles_title":"","_seopress_titles_desc":"","_seopress_robots_index":"","_kad_blocks_custom_css":"","_kad_blocks_head_custom_js":"","_kad_blocks_body_custom_js":"","_kad_blocks_footer_custom_js":""},"product_cat":[18],"product_tag":[],"class_list":{"0":"post-221364","1":"product","2":"type-product","3":"status-publish","4":"has-post-thumbnail","6":"product_cat-hybrid-inverters","8":"first","9":"instock","10":"taxable","11":"shipping-taxable","12":"purchasable","13":"product-type-simple"},"taxonomy_info":{"product_cat":[{"value":18,"label":"Hybrid inverters"}]},"featured_image_src_large":["https:\/\/ownpowr.com\/wp-content\/uploads\/2025\/04\/afore-hybrid-three-phase-inverter.png",640,640,false],"author_info":[],"comment_info":"","_links":{"self":[{"href":"https:\/\/ownpowr.com\/fr\/wp-json\/wp\/v2\/product\/221364","targetHints":{"allow":["GET"]}}],"collection":[{"href":"https:\/\/ownpowr.com\/fr\/wp-json\/wp\/v2\/product"}],"about":[{"href":"https:\/\/ownpowr.com\/fr\/wp-json\/wp\/v2\/types\/product"}],"wp:featuredmedia":[{"embeddable":true,"href":"https:\/\/ownpowr.com\/fr\/wp-json\/wp\/v2\/media\/221359"}],"wp:attachment":[{"href":"https:\/\/ownpowr.com\/fr\/wp-json\/wp\/v2\/media?parent=221364"}],"wp:term":[{"taxonomy":"product_cat","embeddable":true,"href":"https:\/\/ownpowr.com\/fr\/wp-json\/wp\/v2\/product_cat?post=221364"},{"taxonomy":"product_tag","embeddable":true,"href":"https:\/\/ownpowr.com\/fr\/wp-json\/wp\/v2\/product_tag?post=221364"}],"curies":[{"name":"wp","href":"https:\/\/api.w.org\/{rel}","templated":true}]}}