{"id":265,"date":"2023-10-04T16:43:01","date_gmt":"2023-10-04T14:43:01","guid":{"rendered":"https:\/\/ownpowr.com\/product\/pylontech-force-l1-14-21\/"},"modified":"2025-12-30T14:50:46","modified_gmt":"2025-12-30T12:50:46","slug":"pylontech-force-l1-14-21","status":"publish","type":"product","link":"https:\/\/ownpowr.com\/fr\/product\/pylontech-force-l1-14-21\/","title":{"rendered":"Pylontech force L1 14.21"},"content":{"rendered":"<p>Pylontech Force L1 14.21 se compose d'une unit\u00e9 de gestion de batterie Pylontech BMU et de 4 modules de batterie Force L1 3,55 kWh.<\/p>\n<p>Possibilit\u00e9 d'\u00e9voluer en ajoutant ult\u00e9rieurement jusqu'\u00e0 3 modules Force L1 suppl\u00e9mentaires<\/p>\n<div class=\"row\">\n<div class=\"col-lg-6\">\n<h3><strong>Pylontech Force L1 14.21 - Basse tension<\/strong><\/h3>\n<p>Le <b>Force L1<\/b> est le dernier syst\u00e8me de batterie HESS fourni par <strong>Pylontech<\/strong>. La \"longue dur\u00e9e de vie\", la densit\u00e9 d'\u00e9nergie et de puissance la plus \u00e9lev\u00e9e de l'industrie, le design \u00e0 la mode, la facilit\u00e9 d'installation et d'expansion, tout cela refl\u00e8te les exigences r\u00e9elles des utilisateurs finaux et la capacit\u00e9 technique la plus forte de l'entreprise. <strong>Pylontech<\/strong>.<\/p>\n<p><strong>PylontechForceL1<\/strong>14.21 consiste en un <strong>Pylontech<\/strong> Unit\u00e9 de gestion de la batterie BMU et 4 modules de batterie Force L1 de 3,55 kWh. Possibilit\u00e9 d'extension en ajoutant ult\u00e9rieurement jusqu'\u00e0 3 modules Force L1 suppl\u00e9mentaires en parall\u00e8le \u00e0 cette pile pour obtenir une puissance utilisable allant jusqu'\u00e0 24,86 kWh.<\/p>\n<p><strong>L'int\u00e9gration verticale de l'industrie garantit plus de 6 000 cycles avec le 90% DoD<\/strong><\/p>\n<p><strong>La conception modulaire permet aux clients finaux de choisir la capacit\u00e9<\/strong><\/p>\n<p><strong>Compatible avec la plupart des onduleurs hybrides disponibles<\/strong><\/p>\n<p><strong>Le connecteur rapide minimise le temps et le co\u00fbt d'installation<\/strong><\/p>\n<p><strong>Un beau design - au-del\u00e0 de l'installation \u00e0 l'int\u00e9rieur et \u00e0 l'ext\u00e9rieur<\/strong><\/p>\n<\/div>\n<\/div>","protected":false},"excerpt":{"rendered":"<p>Pylontech Force L1 14.21 se compose d'une unit\u00e9 de gestion de batterie Pylontech BMU et de 4 modules de batterie Force L1 3,55 kWh. Possibilit\u00e9 d'\u00e9voluer en ajoutant ult\u00e9rieurement jusqu'\u00e0 3 modules Force [...]<\/p>","protected":false},"featured_media":266,"template":"","meta":{"_seopress_robots_primary_cat":"none","_seopress_titles_title":"","_seopress_titles_desc":"","_seopress_robots_index":"","_kad_blocks_custom_css":"","_kad_blocks_head_custom_js":"","_kad_blocks_body_custom_js":"","_kad_blocks_footer_custom_js":""},"product_cat":[17],"product_tag":[],"class_list":{"0":"post-265","1":"product","2":"type-product","3":"status-publish","4":"has-post-thumbnail","6":"product_cat-home-batteries","8":"first","9":"outofstock","10":"sale","11":"taxable","12":"shipping-taxable","13":"purchasable","14":"product-type-simple"},"taxonomy_info":{"product_cat":[{"value":17,"label":"Home batteries"}]},"featured_image_src_large":["https:\/\/ownpowr.com\/wp-content\/uploads\/2022\/11\/SAM7623-0.jpeg",600,661,false],"author_info":[],"comment_info":"","_links":{"self":[{"href":"https:\/\/ownpowr.com\/fr\/wp-json\/wp\/v2\/product\/265","targetHints":{"allow":["GET"]}}],"collection":[{"href":"https:\/\/ownpowr.com\/fr\/wp-json\/wp\/v2\/product"}],"about":[{"href":"https:\/\/ownpowr.com\/fr\/wp-json\/wp\/v2\/types\/product"}],"wp:featuredmedia":[{"embeddable":true,"href":"https:\/\/ownpowr.com\/fr\/wp-json\/wp\/v2\/media\/266"}],"wp:attachment":[{"href":"https:\/\/ownpowr.com\/fr\/wp-json\/wp\/v2\/media?parent=265"}],"wp:term":[{"taxonomy":"product_cat","embeddable":true,"href":"https:\/\/ownpowr.com\/fr\/wp-json\/wp\/v2\/product_cat?post=265"},{"taxonomy":"product_tag","embeddable":true,"href":"https:\/\/ownpowr.com\/fr\/wp-json\/wp\/v2\/product_tag?post=265"}],"curies":[{"name":"wp","href":"https:\/\/api.w.org\/{rel}","templated":true}]}}