{"id":278,"date":"2023-10-04T16:43:01","date_gmt":"2023-10-04T14:43:01","guid":{"rendered":"https:\/\/ownpowr.com\/product\/pylontech-force-l1-10-65\/"},"modified":"2025-07-07T19:54:49","modified_gmt":"2025-07-07T17:54:49","slug":"pylontech-force-l1-10-65","status":"publish","type":"product","link":"https:\/\/ownpowr.com\/fr\/product\/pylontech-force-l1-10-65\/","title":{"rendered":"Pylontech Force L1 10.65"},"content":{"rendered":"<p>Pr\u00e9sentation du syst\u00e8me de batterie basse tension Pylontech Force L1 10,26 kWh :<\/p>\n<p><strong>Caract\u00e9ristiques principales :<\/strong><\/p>\n<ul>\n<li><strong>Configuration de la batterie :<\/strong> 3 x Force L1 3,55 kWh Modules de batterie + 1 x Pylontech BMU Unit\u00e9 de gestion de la batterie<\/li>\n<li><strong>Capacit\u00e9 totale utilisable :<\/strong> 10,26 kWh<\/li>\n<li><strong>\u00c9volutivit\u00e9 :<\/strong> Possibilit\u00e9 d'augmenter la capacit\u00e9 en ajoutant ult\u00e9rieurement jusqu'\u00e0 2 modules Force L1 suppl\u00e9mentaires, ce qui permet d'augmenter la capacit\u00e9 utilisable jusqu'\u00e0 24,86 kWh.<\/li>\n<li><strong>Int\u00e9gration industrielle verticale :<\/strong> Fournit plus de 6 000 cycles avec la profondeur de d\u00e9charge 90%, garantissant une performance durable.<\/li>\n<li><strong>Conception modulaire :<\/strong> Permet aux clients finaux de choisir la capacit\u00e9 qu'ils souhaitent, offrant ainsi une grande flexibilit\u00e9.<\/li>\n<li><strong>Compatibilit\u00e9 :<\/strong> Compatible avec la plupart des onduleurs hybrides disponibles, ce qui garantit une int\u00e9gration parfaite avec les syst\u00e8mes existants.<\/li>\n<li><strong>D\u00e9connexion rapide :<\/strong> Minimise le temps et les co\u00fbts d'installation, en simplifiant la mise en place.<\/li>\n<li><strong>Conception polyvalente :<\/strong> Convient aux installations int\u00e9rieures et ext\u00e9rieures, offrant une grande souplesse d'installation.<\/li>\n<\/ul>\n<p><strong>Description du produit :<\/strong><\/p>\n<p>Le Pylontech Force L1 est un syst\u00e8me de batterie HESS (High Energy Storage System) de pointe, con\u00e7u pour r\u00e9pondre aux besoins \u00e9volutifs des utilisateurs. Il int\u00e8gre plusieurs caract\u00e9ristiques cl\u00e9s qui le distinguent des autres :<\/p>\n<ul>\n<li><strong>Longue dur\u00e9e de vie :<\/strong> La Force L1 est con\u00e7ue pour durer, ce qui lui permet de r\u00e9pondre aux besoins de stockage d'\u00e9nergie \u00e0 long terme.<\/li>\n<li><strong>Haute densit\u00e9 d'\u00e9nergie et de puissance :<\/strong> Ce syst\u00e8me de batterie pr\u00e9sente la densit\u00e9 d'\u00e9nergie et de puissance la plus \u00e9lev\u00e9e de l'industrie, maximisant le stockage d'\u00e9nergie dans un design compact.<\/li>\n<li><strong>Facilit\u00e9 d'installation :<\/strong> Le syst\u00e8me est con\u00e7u pour une installation et une extension faciles, ce qui simplifie le processus de configuration pour les utilisateurs finaux.<\/li>\n<li><strong>\u00c9volutivit\u00e9 :<\/strong> Les utilisateurs peuvent commencer avec un seul module Force L1 et l'\u00e9tendre en ajoutant jusqu'\u00e0 deux modules suppl\u00e9mentaires par la suite, ce qui offre une \u00e9volutivit\u00e9 permettant de r\u00e9pondre \u00e0 des besoins \u00e9nerg\u00e9tiques changeants.<\/li>\n<li><strong>Garantie du fabricant :<\/strong> Le produit est assorti d'une garantie du fabricant, ce qui vous permet d'avoir l'esprit tranquille et de b\u00e9n\u00e9ficier de la fiabilit\u00e9 du produit. Les d\u00e9tails sp\u00e9cifiques de la garantie doivent \u00eatre v\u00e9rifi\u00e9s aupr\u00e8s de Pylontech.<\/li>\n<\/ul>\n<p>Le Pylontech Force L1 est un excellent choix pour les solutions de stockage d'\u00e9nergie r\u00e9sidentielles et commerciales. Sa conception polyvalente, ses performances \u00e9lev\u00e9es et son \u00e9volutivit\u00e9 en font un compl\u00e9ment pr\u00e9cieux \u00e0 tout syst\u00e8me de gestion de l'\u00e9nergie. Que ce soit pour l'alimentation de secours en cas de panne ou pour l'optimisation de la consommation d'\u00e9nergie, le Force L1 constitue une solution de stockage d'\u00e9nergie fiable et efficace.<\/p>","protected":false},"excerpt":{"rendered":"<p>Voici le syst\u00e8me de batterie basse tension Pylontech Force L1 10,26 kWh : Caract\u00e9ristiques principales : Configuration de la batterie : 3 x modules de batterie Force L1 3,55 kWh + 1 x Pylontech BMU Gestion de la batterie [...]<\/p>","protected":false},"featured_media":279,"template":"","meta":{"_seopress_robots_primary_cat":"none","_seopress_titles_title":"Pylontech Force L1 10.65 - Low Voltage: The Latest and Most Powerful HESS Battery System","_seopress_titles_desc":"Discover the Pylontech Force L1 10.65, featuring high energy and power density, easy installation, and expandability. Suitable for indoor and outdoor use.","_seopress_robots_index":"","_kad_blocks_custom_css":"","_kad_blocks_head_custom_js":"","_kad_blocks_body_custom_js":"","_kad_blocks_footer_custom_js":""},"product_cat":[17],"product_tag":[],"class_list":{"0":"post-278","1":"product","2":"type-product","3":"status-publish","4":"has-post-thumbnail","6":"product_cat-home-batteries","8":"first","9":"outofstock","10":"sale","11":"taxable","12":"shipping-taxable","13":"purchasable","14":"product-type-simple"},"taxonomy_info":{"product_cat":[{"value":17,"label":"Home batteries"}]},"featured_image_src_large":["https:\/\/ownpowr.com\/wp-content\/uploads\/2022\/11\/SAM7622-0.jpeg",600,661,false],"author_info":[],"comment_info":"","_links":{"self":[{"href":"https:\/\/ownpowr.com\/fr\/wp-json\/wp\/v2\/product\/278","targetHints":{"allow":["GET"]}}],"collection":[{"href":"https:\/\/ownpowr.com\/fr\/wp-json\/wp\/v2\/product"}],"about":[{"href":"https:\/\/ownpowr.com\/fr\/wp-json\/wp\/v2\/types\/product"}],"wp:featuredmedia":[{"embeddable":true,"href":"https:\/\/ownpowr.com\/fr\/wp-json\/wp\/v2\/media\/279"}],"wp:attachment":[{"href":"https:\/\/ownpowr.com\/fr\/wp-json\/wp\/v2\/media?parent=278"}],"wp:term":[{"taxonomy":"product_cat","embeddable":true,"href":"https:\/\/ownpowr.com\/fr\/wp-json\/wp\/v2\/product_cat?post=278"},{"taxonomy":"product_tag","embeddable":true,"href":"https:\/\/ownpowr.com\/fr\/wp-json\/wp\/v2\/product_tag?post=278"}],"curies":[{"name":"wp","href":"https:\/\/api.w.org\/{rel}","templated":true}]}}