{"id":286,"date":"2023-10-05T01:24:51","date_gmt":"2023-10-04T23:24:51","guid":{"rendered":"https:\/\/ownpowr.com\/product\/pylontech-force-l1-3-55\/"},"modified":"2025-10-15T13:54:02","modified_gmt":"2025-10-15T11:54:02","slug":"pylontech-force-l1-3-55","status":"publish","type":"product","link":"https:\/\/ownpowr.com\/fr\/product\/pylontech-force-l1-3-55\/","title":{"rendered":"Pylontech force L1 3.55"},"content":{"rendered":"<h2><strong>Le module de batterie au lithium Pylontech Force L1 3,55 kWh forme un syst\u00e8me de batterie empilable entre 2 et 7 modules avec un BMS externe.<\/strong><\/h2>\n<p>Pylontech Force L1 3.55 se compose d'une unit\u00e9 de gestion de batterie BMU Pylontech et d'un module de batterie Force L1 3,55 kWh. Possibilit\u00e9 d'augmenter la capacit\u00e9 en ajoutant ult\u00e9rieurement jusqu'\u00e0 6 modules Force L1 suppl\u00e9mentaires.<\/p>\n<p>&nbsp;<\/p>\n<div class=\"row\">\n<div class=\"col-lg-6\">\n<h3><strong>Pylontech Force L1 3,55 <\/strong><strong>- Basse tension<\/strong><\/h3>\n<p>Le Force L1 est le dernier syst\u00e8me de batterie HESS fourni par Pylontech. Le caract\u00e8re \"longue dur\u00e9e\", la densit\u00e9 d'\u00e9nergie et de puissance la plus \u00e9lev\u00e9e de l'industrie, le design \u00e0 la mode, la facilit\u00e9 d'installation et d'expansion, tout cela refl\u00e8te les exigences r\u00e9elles des utilisateurs finaux et les capacit\u00e9s techniques les plus fortes de Pylontech.<\/p>\n<p><strong>PylontechForceL1<\/strong>3.55 consiste en un <strong>Pylontech<\/strong> Unit\u00e9 de gestion de la batterie BMU et 1 module de batterie Force L1 de 3,55 kWh. Possibilit\u00e9 d'augmenter la puissance en ajoutant ult\u00e9rieurement jusqu'\u00e0 6 modules Force L1 suppl\u00e9mentaires en parall\u00e8le \u00e0 cette pile pour obtenir une puissance utilisable allant jusqu'\u00e0 24,86 kWh.<\/p>\n<p><strong>L'int\u00e9gration industrielle verticale garantit plus de 6 000 cycles avec le 90% DoD<\/strong><\/p>\n<p><strong>La conception modulaire permet aux clients finaux de choisir la capacit\u00e9.<\/strong><\/p>\n<p><strong>Compatible avec la plupart des onduleurs hybrides disponibles<\/strong><\/p>\n<p><strong>La d\u00e9connexion rapide minimise le temps et les co\u00fbts d'installation<\/strong><\/p>\n<p><strong>Beau design - convient aussi bien \u00e0 l'int\u00e9rieur qu'\u00e0 l'ext\u00e9rieur<\/strong><\/p>\n<div id=\"ProductInfoTabs\" class=\"ui-tabs ui-widget ui-widget-content ui-corner-all epProductInfoTabs ep-js\" data-js=\"\">\n<div id=\"tab-product-description\" class=\"ui-tabs-panel ui-widget-content ui-corner-bottom\" role=\"tabpanel\" aria-labelledby=\"ui-id-1\" aria-hidden=\"false\">\n<div class=\"description\">\n<p>&nbsp;<\/p>\n<p>Le module de batterie au lithium Pylontech Force L1 est utilis\u00e9 pour avoir un syst\u00e8me de batterie empilable Pylontech entre 2 et 7 modules avec un BMS externe, de sorte qu'il peut \u00eatre adapt\u00e9 \u00e0 diff\u00e9rents syst\u00e8mes de configuration. D'une capacit\u00e9 nominale de 3,55 kWh, il est fabriqu\u00e9 \u00e0 partir de ferrophosphate de lithium sans cobalt.<\/p>\n<p>Cette derni\u00e8re version du syst\u00e8me de stockage d'\u00e9nergie domestique (HESS), h\u00e9rite du concept de conception modulaire, combin\u00e9 \u00e0 une installation facile, des connecteurs simples et une compatibilit\u00e9 avec l'ext\u00e9rieur.<\/p>\n<p>Il s'agit de la derni\u00e8re version du syst\u00e8me de stockage d'\u00e9nergie domestique (HESS), qui h\u00e9rite du concept de conception modulaire, associ\u00e9 \u00e0 une installation facile, \u00e0 des connecteurs simples et \u00e0 une compatibilit\u00e9 avec l'ext\u00e9rieur.<\/p>\n<p>Ce syst\u00e8me de stockage peut \u00eatre install\u00e9 sans qu'il soit n\u00e9cessaire de connecter des c\u00e2bles entre les batteries et il est empilable, ce qui rend l'installation plus facile et plus rapide. Il s'agit de la nouvelle solution Pylontech pour le secteur r\u00e9sidentiel basse tension de la s\u00e9rie L, qui comprend les mod\u00e8les Force L1 et L2.<\/p>\n<p>Ces produits se composent de plusieurs batteries empilables entre 2 et 7 avec un BMS externe, de sorte qu'ils s'adaptent \u00e0 diff\u00e9rents syst\u00e8mes de configuration.<\/p>\n<p>Il est particuli\u00e8rement adapt\u00e9 aux petits endroits o\u00f9 l'espace est limit\u00e9, ainsi qu'aux installations n\u00e9cessitant beaucoup de puissance et une longue dur\u00e9e de vie. Ce module est install\u00e9 avec un BMS FC0048M-100 d'une tension nominale de 48V et d'une capacit\u00e9 de 47Ah. Ces syst\u00e8mes ont \u00e9galement un courant de charge et de d\u00e9charge pouvant atteindre un total de 60A et une protection IP55.<\/p>\n<p>La simplicit\u00e9 et l'empilabilit\u00e9 du syst\u00e8me le rendent extr\u00eamement flexible, avec la possibilit\u00e9 de l'\u00e9tendre tr\u00e8s facilement au fil du temps. Un autre aspect important est sans aucun doute la profondeur de d\u00e9charge, avec 90%. De plus, les appareils peuvent \u00eatre combin\u00e9s avec diff\u00e9rents types d'onduleurs, m\u00eame avec la fonction EPS int\u00e9gr\u00e9e.<\/p>\n<p>Ses principales caract\u00e9ristiques sont la conception modulaire qui offre une flexibilit\u00e9 maximale, la cellule LFP interne qui permet une dur\u00e9e de vie plus longue et une plus grande s\u00e9curit\u00e9, des connexions rapides pour \u00e9conomiser le temps d'installation et un BMS \u00e9prouv\u00e9 avec la plus grande compatibilit\u00e9 avec les onduleurs.<\/p>\n<p>La batterie b\u00e9n\u00e9ficie d'une garantie l\u00e9gale de 3 ans et d'une garantie constructeur de 10 ans.<\/p>\n<p>&nbsp;<\/p>\n<h3><strong>Caract\u00e9ristiques techniques du module de batterie au lithium Pylontech Force L1<\/strong><\/h3>\n<p>- Capacit\u00e9 de la batterie : 3,55 kWh<br \/>\n- Plage de tension : 44.5 -54h<br \/>\n- Capacit\u00e9 utile : 4600W<br \/>\n- Degr\u00e9 de protection : IP55<br \/>\n- Port de communication : RS485<br \/>\n- Garantie : 10 ans (conform\u00e9ment aux exigences du fabricant).<\/p>\n<\/div>\n<\/div>\n<\/div>\n<\/div>\n<\/div>","protected":false},"excerpt":{"rendered":"<p>Le module de batterie au lithium Pylontech Force L1 3,55 kWh forme un syst\u00e8me de batterie empilable entre 2 et 7 modules avec un BMS externe. Le module Pylontech Force L1 3.55 se compose d'un BMU Pylontech [...]<\/p>","protected":false},"featured_media":287,"template":"","meta":{"_seopress_robots_primary_cat":"none","_seopress_titles_title":"","_seopress_titles_desc":"","_seopress_robots_index":"","_kad_blocks_custom_css":"","_kad_blocks_head_custom_js":"","_kad_blocks_body_custom_js":"","_kad_blocks_footer_custom_js":""},"product_cat":[17],"product_tag":[],"class_list":{"0":"post-286","1":"product","2":"type-product","3":"status-publish","4":"has-post-thumbnail","6":"product_cat-home-batteries","8":"first","9":"outofstock","10":"sale","11":"taxable","12":"shipping-taxable","13":"purchasable","14":"product-type-simple"},"taxonomy_info":{"product_cat":[{"value":17,"label":"Home batteries"}]},"featured_image_src_large":["https:\/\/ownpowr.com\/wp-content\/uploads\/2022\/11\/Schermafbeelding-2022-10-15-om-12.07.40.png",822,504,false],"author_info":[],"comment_info":"","_links":{"self":[{"href":"https:\/\/ownpowr.com\/fr\/wp-json\/wp\/v2\/product\/286","targetHints":{"allow":["GET"]}}],"collection":[{"href":"https:\/\/ownpowr.com\/fr\/wp-json\/wp\/v2\/product"}],"about":[{"href":"https:\/\/ownpowr.com\/fr\/wp-json\/wp\/v2\/types\/product"}],"wp:featuredmedia":[{"embeddable":true,"href":"https:\/\/ownpowr.com\/fr\/wp-json\/wp\/v2\/media\/287"}],"wp:attachment":[{"href":"https:\/\/ownpowr.com\/fr\/wp-json\/wp\/v2\/media?parent=286"}],"wp:term":[{"taxonomy":"product_cat","embeddable":true,"href":"https:\/\/ownpowr.com\/fr\/wp-json\/wp\/v2\/product_cat?post=286"},{"taxonomy":"product_tag","embeddable":true,"href":"https:\/\/ownpowr.com\/fr\/wp-json\/wp\/v2\/product_tag?post=286"}],"curies":[{"name":"wp","href":"https:\/\/api.w.org\/{rel}","templated":true}]}}