{"id":369,"date":"2023-10-04T16:37:59","date_gmt":"2023-10-04T14:37:59","guid":{"rendered":"https:\/\/ownpowr.com\/product\/growatt-ark-bms-bdc-95045-a1-xh\/"},"modified":"2025-02-27T13:45:29","modified_gmt":"2025-02-27T11:45:29","slug":"growatt-ark-bms-bdc-95045-a1-xh","status":"publish","type":"product","link":"https:\/\/ownpowr.com\/fr\/product\/growatt-ark-bms-bdc-95045-a1-xh\/","title":{"rendered":"Growatt BMS DC 95045-A1"},"content":{"rendered":"<p>Syst\u00e8me de gestion de batterie pour les batteries haute tension Growatt ARK 2.5 s\u00e9rie XH<\/p>\n<ul>\n<li>Syst\u00e8me compatible avec les onduleurs XH.<\/li>\n<li>Options de capacit\u00e9 flexible, de 5,12kWh \u00e0 17,92kWh<\/li>\n<li>Excellente s\u00e9curit\u00e9 de la batterie LiFePO4 sans cobalt<\/li>\n<li>Installation facile gr\u00e2ce \u00e0 la conception modulaire et empil\u00e9e<\/li>\n<li>Longue dur\u00e9e de vie, garantie de 10 ans<\/li>\n<li>Mise \u00e0 jour \u00e0 distance du micrologiciel<\/li>\n<\/ul>\n<p><a href=\"https:\/\/storeyourownpower.com\/wp-content\/uploads\/2022\/11\/Datasheet_Growatt-ARK-2.5-HV-High-Voltage-battery-BMS_2021_ENG.pdf\" target=\"_blank\" rel=\"noopener\">Fiche technique Anglais<\/a><\/p>","protected":false},"excerpt":{"rendered":"<p>Syst\u00e8me de gestion de batterie pour Growatt ARK 2.5 Batteries haute tension s\u00e9rie XH Syst\u00e8me compatible avec les onduleurs XH. Options de capacit\u00e9 flexibles, de 5,12kWh \u00e0 17,92kWh Excellente s\u00e9curit\u00e9 de la batterie LiFePO4 sans cobalt Facile [...]<\/p>","protected":false},"featured_media":370,"template":"","meta":{"_seopress_robots_primary_cat":"none","_seopress_titles_title":"Battery Management System for Growatt ARK 2.5 High Voltage Batteries XH Series | Compatible with XH Inverters","_seopress_titles_desc":"Flexible capacity options, cobalt-free LiFePO4 battery for excellent safety. Easy installation, long service life, and remote firmware upgrade. Get the datasheet now!","_seopress_robots_index":"","_kad_blocks_custom_css":"","_kad_blocks_head_custom_js":"","_kad_blocks_body_custom_js":"","_kad_blocks_footer_custom_js":""},"product_cat":[17],"product_tag":[],"class_list":{"0":"post-369","1":"product","2":"type-product","3":"status-publish","4":"has-post-thumbnail","6":"product_cat-home-batteries","8":"first","9":"instock","10":"sale","11":"taxable","12":"shipping-taxable","13":"purchasable","14":"product-type-simple"},"taxonomy_info":{"product_cat":[{"value":17,"label":"Home batteries"}]},"featured_image_src_large":["https:\/\/ownpowr.com\/wp-content\/uploads\/2022\/11\/growatt_ark_2.5h_a_bms_bdc_95045_a1_high_voltage_6777-1024x1024.png",1024,1024,true],"author_info":[],"comment_info":"","_links":{"self":[{"href":"https:\/\/ownpowr.com\/fr\/wp-json\/wp\/v2\/product\/369","targetHints":{"allow":["GET"]}}],"collection":[{"href":"https:\/\/ownpowr.com\/fr\/wp-json\/wp\/v2\/product"}],"about":[{"href":"https:\/\/ownpowr.com\/fr\/wp-json\/wp\/v2\/types\/product"}],"wp:featuredmedia":[{"embeddable":true,"href":"https:\/\/ownpowr.com\/fr\/wp-json\/wp\/v2\/media\/370"}],"wp:attachment":[{"href":"https:\/\/ownpowr.com\/fr\/wp-json\/wp\/v2\/media?parent=369"}],"wp:term":[{"taxonomy":"product_cat","embeddable":true,"href":"https:\/\/ownpowr.com\/fr\/wp-json\/wp\/v2\/product_cat?post=369"},{"taxonomy":"product_tag","embeddable":true,"href":"https:\/\/ownpowr.com\/fr\/wp-json\/wp\/v2\/product_tag?post=369"}],"curies":[{"name":"wp","href":"https:\/\/api.w.org\/{rel}","templated":true}]}}