{"id":3729,"date":"2025-01-30T09:44:02","date_gmt":"2025-01-30T07:44:02","guid":{"rendered":"https:\/\/ownpowr.com\/?post_type=product&#038;p=3729"},"modified":"2025-08-25T14:54:33","modified_gmt":"2025-08-25T12:54:33","slug":"blauhoff-maxus-200k-516kwh-all-in-one-8000-cycles-10-year-warantee","status":"publish","type":"product","link":"https:\/\/ownpowr.com\/fr\/product\/blauhoff-maxus-200k-516kwh-tout-en-un-8000-cycles-10-ans-de-garantie\/","title":{"rendered":"Blauhoff Maxus 250K\/578kWh Armoire de stockage d'\u00e9nergie tout-en-un"},"content":{"rendered":"<h3>Blauhoff Maxus 250K\/578kWh Armoire de stockage d'\u00e9nergie tout-en-un Garantie 10 ans 8000 cycles<\/h3>\n<p><strong>Tous les syst\u00e8mes de batteries Blauhoff b\u00e9n\u00e9ficient d'une garantie de 10 ans sur les cellules et de 5 ans sur l'onduleur, sans aucune forme de paiement suppl\u00e9mentaire !<\/strong><\/p>\n<p><strong>Ce n'est pas le cas de la plupart des autres marques et la garantie est limit\u00e9e \u00e0 3-5 ans seulement !<\/strong><\/p>\n<p><strong>Cellules prismatiques pour la plus haute qualit\u00e9 et la plus longue dur\u00e9e de vie, 8000 cycles et 10 ans de garantie sur les cellules sans frais suppl\u00e9mentaires et 5 ans sur l'ensemble.<\/strong><\/p>\n<p>&nbsp;<\/p>\n<p>La s\u00e9rie BLH-250K\/578KwH-Maxus, un ESS commercial et industriel tout-en-un \u00e0 refroidissement liquide, est<br \/>\nint\u00e9gr\u00e9 avec convertisseur de stockage d'\u00e9nergie, batterie, BMS, EMS, gestion thermique,<br \/>\ndistribution d'\u00e9nergie, protection contre les incendies, etc. La conception tout-en-un est facile \u00e0 installer et \u00e0 mettre en \u0153uvre.<br \/>\nO&amp;M. Par ailleurs, la conception s\u00e9curitaire du syst\u00e8me garantit une meilleure performance de la batterie.<br \/>\net une dur\u00e9e de vie plus longue. Plusieurs ensembles d'armoires peuvent \u00eatre directement connect\u00e9s en parall\u00e8le, jusqu'\u00e0 30 pi\u00e8ces.<br \/>\nr\u00e9aliser l'expansion du syst\u00e8me de stockage d'\u00e9nergie.<\/p>\n<h4>\u00c9conomique :<\/h4>\n<p>ESS hautement int\u00e9gr\u00e9 pour une<br \/>\nle transport et le fonctionnement et l'entretien. Les<br \/>\nLa conception int\u00e9gr\u00e9e permet au site de<br \/>\n\u00eatre rapidement mis en place et utilis\u00e9.<\/p>\n<p>Fonction de sauvegarde<\/p>\n<p>Fonction Peakshave<\/p>\n<p>Fonction PV<\/p>\n<h4>Refroidissement liquide :<\/h4>\n<p>L'\u00e9cart de temp\u00e9rature de<br \/>\ndes \u00e9l\u00e9ments de batterie dans l'ensemble<br \/>\nest de l'ordre de 3\u00b0C, en raison de<br \/>\nsyst\u00e8me de refroidissement liquide intelligent.<br \/>\nIl peut prolonger la dur\u00e9e de vie de la<br \/>\njusqu'\u00e0 20%.<\/p>\n<h4>S\u00fbr :<\/h4>\n<p>Le syst\u00e8me comporte quatre niveaux<br \/>\nune structure de gestion qui<br \/>\npeut fournir avec pr\u00e9cision des<br \/>\nprotection du circuit, surintensit\u00e9<br \/>\nprotection, surtension<br \/>\nprotection, sous tension<br \/>\nprotection, surchauffe<br \/>\nprotection, etc.<\/p>\n<p>&nbsp;<\/p>\n<p>VDE4100<\/p>\n<p>IEC62619<\/p>\n<p>IEC61000<\/p>\n<p>UL9540A<\/p>\n<p>EN50549<\/p>\n<h4>Fiche technique :<\/h4>\n<p><a href=\"https:\/\/ownpowr.com\/wp-content\/uploads\/2023\/10\/blauhoff_sd-125-258_energy_storage_cabinet.pdf\">Blauhoff_SD-125-258_Energy_Storage_Cabinet<\/a><\/p>\n<p><iframe title=\"Blauhoff ESS Tout en un\" width=\"1140\" height=\"641\" src=\"https:\/\/www.youtube.com\/embed\/4ygzOwu-j7I?feature=oembed\" frameborder=\"0\" allow=\"accelerometer; autoplay; clipboard-write; encrypted-media; gyroscope; picture-in-picture; web-share\" referrerpolicy=\"strict-origin-when-cross-origin\" allowfullscreen><\/iframe><\/p>","protected":false},"excerpt":{"rendered":"<p><a href=\"https:\/\/ownpowr.com\/wp-content\/uploads\/2023\/10\/blauhoff_sd-125-258_energy_storage_cabinet.pdf\">Blauhoff_SD-125-258_Energy_Storage_Cabinet<\/a><\/p>\n<p>Attention, le prix est hors TVA et sans installation<\/p>","protected":false},"featured_media":3721,"template":"","meta":{"_seopress_robots_primary_cat":"none","_seopress_titles_title":"Blauhoff Maxus 250K\/578kWh All In One Energy Storage","_seopress_titles_desc":"Blauhoff Maxus Series is an easy-to-install all-in-one ESS with liquid cooling, integrated converter, battery, BMS, EMS, and more.","_seopress_robots_index":"","_kad_blocks_custom_css":"","_kad_blocks_head_custom_js":"","_kad_blocks_body_custom_js":"","_kad_blocks_footer_custom_js":""},"product_cat":[17,19],"product_tag":[],"class_list":{"0":"post-3729","1":"product","2":"type-product","3":"status-publish","4":"has-post-thumbnail","6":"product_cat-home-batteries","7":"product_cat-sets-with-inverters","9":"first","10":"instock","11":"taxable","12":"shipping-taxable","13":"purchasable","14":"product-type-simple"},"taxonomy_info":{"product_cat":[{"value":17,"label":"Home batteries"},{"value":19,"label":"Sets with inverters"}]},"featured_image_src_large":["https:\/\/ownpowr.com\/wp-content\/uploads\/2023\/10\/blh-maxus-2pcs-1024x846.jpg",1024,846,true],"author_info":[],"comment_info":"","_links":{"self":[{"href":"https:\/\/ownpowr.com\/fr\/wp-json\/wp\/v2\/product\/3729","targetHints":{"allow":["GET"]}}],"collection":[{"href":"https:\/\/ownpowr.com\/fr\/wp-json\/wp\/v2\/product"}],"about":[{"href":"https:\/\/ownpowr.com\/fr\/wp-json\/wp\/v2\/types\/product"}],"wp:featuredmedia":[{"embeddable":true,"href":"https:\/\/ownpowr.com\/fr\/wp-json\/wp\/v2\/media\/3721"}],"wp:attachment":[{"href":"https:\/\/ownpowr.com\/fr\/wp-json\/wp\/v2\/media?parent=3729"}],"wp:term":[{"taxonomy":"product_cat","embeddable":true,"href":"https:\/\/ownpowr.com\/fr\/wp-json\/wp\/v2\/product_cat?post=3729"},{"taxonomy":"product_tag","embeddable":true,"href":"https:\/\/ownpowr.com\/fr\/wp-json\/wp\/v2\/product_tag?post=3729"}],"curies":[{"name":"wp","href":"https:\/\/api.w.org\/{rel}","templated":true}]}}