{"id":4030,"date":"2025-01-30T09:44:01","date_gmt":"2025-01-30T07:44:01","guid":{"rendered":"https:\/\/ownpowr.com\/?post_type=product&#038;p=4030"},"modified":"2025-08-25T15:06:43","modified_gmt":"2025-08-25T13:06:43","slug":"blauhoff-maxus-all-in-one-500k-1156kwh-energy-storage-cabinet-liquid-cooled","status":"publish","type":"product","link":"https:\/\/ownpowr.com\/fr\/product\/blauhoff-maxus-all-in-one-500k-1032kwh-energy-storage-cabinet-liquid-cooled\/","title":{"rendered":"Blauhoff Maxus All in One 500K\/1156kWh Armoire de stockage d'\u00e9nergie Refroidissement liquide 1 Megawatt"},"content":{"rendered":"<p><strong>Tous les syst\u00e8mes de batteries Blauhoff b\u00e9n\u00e9ficient d'une garantie de 10 ans sur les cellules et de 5 ans sur l'onduleur, sans aucune forme de paiement suppl\u00e9mentaire !<\/strong><\/p>\n<p><strong>Ce n'est pas le cas de la plupart des autres marques et la garantie est limit\u00e9e \u00e0 3-5 ans seulement !<\/strong><\/p>\n<p><strong>Cellules prismatiques pour la plus haute qualit\u00e9 et la plus longue dur\u00e9e de vie, 8000 cycles et 10 ans de garantie sur les cellules sans frais suppl\u00e9mentaires et 5 ans sur l'ensemble.<\/strong><\/p>\n<p>&nbsp;<\/p>\n<p>Blauhoff Maxus Tout en un 500K-1156kWh = 2 mWh Refroidissement liquide Garantie 10 ans 8000 cycles<\/p>\n<p>Cellules prismatiques pour la plus haute qualit\u00e9 et la plus longue dur\u00e9e de vie et 8000 cycles<\/p>\n<p>ESS enti\u00e8rement int\u00e9gr\u00e9 pour faciliter le transport et l'exploitation.<\/p>\n<p>La conception int\u00e9gr\u00e9e et modulaire permet une mise en place et une utilisation rapides, 2 \u00e0 3 heures de travail par unit\u00e9.<\/p>\n<p>Blauhoff BLH-100K-2064kWh-Maxus, un ESS commercial et industriel tout-en-un avec refroidissement liquide, est int\u00e9gr\u00e9 avec un convertisseur de stockage d'\u00e9nergie, une batterie, un BMS, un EMS, une gestion thermique, une distribution d'\u00e9nergie, une protection contre les incendies, etc.<\/p>\n<p>Dans ce cas, 8 pcs.<\/p>\n<p>La conception tout-en-un est facile \u00e0 installer et \u00e0 exploiter, et elle est \u00e9quip\u00e9e d'une fonction de sauvegarde et d'une fonction photovolta\u00efque.<\/p>\n<p>La conception s\u00e9curitaire du syst\u00e8me garantit une meilleure performance de la batterie et une dur\u00e9e de vie plus longue.<br \/>\nvie. Plusieurs ensembles d'armoires peuvent \u00eatre directement connect\u00e9s en parall\u00e8le, jusqu'\u00e0 30 unit\u00e9s, pour r\u00e9aliser le stockage de l'\u00e9nergie.<br \/>\nl'expansion du syst\u00e8me. Il est tr\u00e8s facilement extensible et portable.<\/p>\n<p>Refroidissement par liquide :<br \/>\nLa d\u00e9rive de temp\u00e9rature des \u00e9l\u00e9ments de batterie<br \/>\ndans l'ensemble du syst\u00e8me se situe \u00e0 \u00b11,5\u00b0C en raison de l'utilisation de l'\u00e9nergie solaire.<br \/>\nsyst\u00e8me de refroidissement liquide intelligent. Il peut<br \/>\nprolonger la dur\u00e9e de vie du syst\u00e8me jusqu'\u00e0<br \/>\n30%, augmenter l'efficacit\u00e9 du syst\u00e8me \u00e0 long terme<br \/>\njusqu'\u00e0 88,5%.<\/p>\n<p>S\u00fbr<br \/>\nLe syst\u00e8me comporte quatre niveaux de gestion<br \/>\nqui peut fournir des informations pr\u00e9cises sur les<br \/>\nprotection contre les courts-circuits, surintensit\u00e9<br \/>\nprotection contre les surtensions,<br \/>\nprotection contre la soustension, surchauffe<br \/>\nprotection, etc.<\/p>\n<p>VDE4100<\/p>\n<p>IEC62619<\/p>\n<p>IEC61000<\/p>\n<p>UL9540A<\/p>\n<p>EN50549<\/p>\n<h3><span style=\"font-size: 16px\">Fiche technique :<\/span><\/h3>\n<p><a href=\"https:\/\/blauhoff.nl\/wp-content\/uploads\/2023\/10\/Blauhoff_SD-125-258_Energy_Storage_Cabinet.pdf\" target=\"_blank\" rel=\"noopener\">Blauhoff_SD-125-258_Energy_Storage_Cabinet<\/a><\/p>\n<p>ATTENTION !<\/p>\n<p>En raison de l'int\u00e9gration et de la complexit\u00e9, ce prix est hors TVA et hors assemblage.<\/p>\n<p>L'assemblage est effectu\u00e9 par votre installateur local avec l'aide de notre personnel technique.<\/p>\n<p><iframe title=\"Blauhoff ESS Tout en un\" width=\"1140\" height=\"641\" src=\"https:\/\/www.youtube.com\/embed\/4ygzOwu-j7I?feature=oembed\" frameborder=\"0\" allow=\"accelerometer; autoplay; clipboard-write; encrypted-media; gyroscope; picture-in-picture; web-share\" referrerpolicy=\"strict-origin-when-cross-origin\" allowfullscreen><\/iframe><\/p>","protected":false},"excerpt":{"rendered":"<p>Tous les syst\u00e8mes de batteries Blauhoff b\u00e9n\u00e9ficient d'une garantie de 10 ans sur les cellules et de 5 ans sur l'onduleur sans aucune forme de paiement suppl\u00e9mentaire ! Ce n'est pas le cas [...]<\/p>","protected":false},"featured_media":4028,"template":"","meta":{"_seopress_robots_primary_cat":"none","_seopress_titles_title":"Blauhoff Maxus All in One 500K\/1032kWh Energy Storage Cabinet Liquid cooled","_seopress_titles_desc":"Discover the game-changing products offered by OwnPowr to enhance your online presence and capture your target audience. Start growing your business today!","_seopress_robots_index":"","_kad_blocks_custom_css":"","_kad_blocks_head_custom_js":"","_kad_blocks_body_custom_js":"","_kad_blocks_footer_custom_js":""},"product_cat":[17,19],"product_tag":[],"class_list":{"0":"post-4030","1":"product","2":"type-product","3":"status-publish","4":"has-post-thumbnail","6":"product_cat-home-batteries","7":"product_cat-sets-with-inverters","9":"first","10":"instock","11":"taxable","12":"shipping-taxable","13":"purchasable","14":"product-type-simple"},"taxonomy_info":{"product_cat":[{"value":17,"label":"Home batteries"},{"value":19,"label":"Sets with inverters"}]},"featured_image_src_large":["https:\/\/ownpowr.com\/wp-content\/uploads\/2023\/10\/blauhoff-maxus.png",300,300,false],"author_info":[],"comment_info":"","_links":{"self":[{"href":"https:\/\/ownpowr.com\/fr\/wp-json\/wp\/v2\/product\/4030","targetHints":{"allow":["GET"]}}],"collection":[{"href":"https:\/\/ownpowr.com\/fr\/wp-json\/wp\/v2\/product"}],"about":[{"href":"https:\/\/ownpowr.com\/fr\/wp-json\/wp\/v2\/types\/product"}],"wp:featuredmedia":[{"embeddable":true,"href":"https:\/\/ownpowr.com\/fr\/wp-json\/wp\/v2\/media\/4028"}],"wp:attachment":[{"href":"https:\/\/ownpowr.com\/fr\/wp-json\/wp\/v2\/media?parent=4030"}],"wp:term":[{"taxonomy":"product_cat","embeddable":true,"href":"https:\/\/ownpowr.com\/fr\/wp-json\/wp\/v2\/product_cat?post=4030"},{"taxonomy":"product_tag","embeddable":true,"href":"https:\/\/ownpowr.com\/fr\/wp-json\/wp\/v2\/product_tag?post=4030"}],"curies":[{"name":"wp","href":"https:\/\/api.w.org\/{rel}","templated":true}]}}