{"id":405,"date":"2023-10-05T01:24:56","date_gmt":"2023-10-04T23:24:56","guid":{"rendered":"https:\/\/ownpowr.com\/product\/pytes-e-box-48100r\/"},"modified":"2024-10-16T15:58:23","modified_gmt":"2024-10-16T13:58:23","slug":"pytes-e-box-48100r","status":"publish","type":"product","link":"https:\/\/ownpowr.com\/fr\/product\/pytes-e-box-48100r\/","title":{"rendered":"PYTES E-BOX 48100R"},"content":{"rendered":"<p>La batterie domestique Pytes pour vos panneaux solaires est la nouvelle g\u00e9n\u00e9ration de batterie au lithium LFP pour le stockage de l'\u00e9nergie domestique.<\/p>\n<p>Cette batterie domestique est une batterie LFP standard s\u00fbre, bien con\u00e7ue et puissante pour votre maison ou votre entreprise.<br \/>\nLa batterie est compacte et modulaire et convient \u00e0 vos panneaux solaires. Elle est compacte, facile \u00e0 installer, sans entretien et peut \u00eatre d\u00e9ploy\u00e9e comme \u00e9l\u00e9ment constitutif d'un syst\u00e8me de stockage d'\u00e9nergie lorsqu'elle est mont\u00e9e en parall\u00e8le. Elle est largement utilis\u00e9e dans les m\u00e9nages pour le stockage de l'\u00e9nergie, ou dans des syst\u00e8mes de stockage de l'\u00e9nergie.<br \/>\nles petits syst\u00e8mes de stockage d'\u00e9nergie commerciaux et industriels, tels que les stations de t\u00e9l\u00e9communication.<\/p>\n<p>Le maximum montable en parall\u00e8le est de 8 * 5,12 kwh = 40,96 kwh, et avec un HUB ajout\u00e9 56 * 5,12 kwh = 280 KwH.<\/p>\n<p>Caract\u00e9ristiques de la batterie domestique PYTES E-BOX 48100R :<\/p>\n<ol>\n<li><strong>Impressionnante garantie de 10 ans :<\/strong> Vous pouvez compter sur cette batterie domestique \u00e0 long terme, soutenue par une solide garantie de 10 ans.<\/li>\n<li><strong>Gestion intelligente de l'\u00e9nergie :<\/strong> La PYTES E-BOX 48100R vous permet de g\u00e9rer vous-m\u00eame vos besoins en \u00e9nergie. Il stocke efficacement l'\u00e9nergie exc\u00e9dentaire g\u00e9n\u00e9r\u00e9e par vos panneaux solaires en mesurant, surveillant et g\u00e9rant \u00e9troitement le processus. L'\u00e9nergie est disponible au moment o\u00f9 vous en avez le plus besoin, gr\u00e2ce \u00e0 des algorithmes intelligents qui optimisent la dur\u00e9e de vie du syst\u00e8me.<\/li>\n<li><strong>Alimentation de secours et d'urgence :<\/strong> Vous pouvez \u00eatre tranquille en sachant que cette batterie domestique fournit une alimentation de secours fiable en cas de d\u00e9faillance du r\u00e9seau ou qu'elle subit plus de 6 000 cycles, ce qui garantit \u00e0 la fois sa long\u00e9vit\u00e9 et sa s\u00e9curit\u00e9.<\/li>\n<li><strong>Large compatibilit\u00e9 :<\/strong> La batterie domestique PYTES E-BOX 48100R a \u00e9t\u00e9 con\u00e7ue dans un esprit de compatibilit\u00e9 \u00e9tendue, s'int\u00e9grant parfaitement \u00e0 diverses installations.<\/li>\n<li><strong>\u00c9conomies sur la facture d'\u00e9nergie :<\/strong> Pendant les heures creuses, la batterie de la maison se charge intelligemment \u00e0 l'aide d'un onduleur et se d\u00e9charge pendant les heures de pointe. Cette strat\u00e9gie permet de r\u00e9duire consid\u00e9rablement votre facture d'\u00e9nergie au fil du temps.<\/li>\n<\/ol>\n<p>Sp\u00e9cifications techniques :<\/p>\n<ul>\n<li><strong>Mod\u00e8le :<\/strong> 48100R<\/li>\n<li><strong>Chimie de la batterie :<\/strong> Phosphate de fer lithi\u00e9 (LFP)<\/li>\n<li><strong>Tension nominale :<\/strong> 51.2V<\/li>\n<li><strong>Plage de tension :<\/strong> 47,5V-57,6V<\/li>\n<li><strong>Capacit\u00e9 nominale :<\/strong> 100Ah<\/li>\n<li><strong>\u00c9nergie nominale :<\/strong> 5,12 kWh<\/li>\n<li><strong>Dimensions de l'unit\u00e9 :<\/strong> L440mm x B620mm x H117mm (2.6U)<\/li>\n<li><strong>Poids unitaire :<\/strong> 51 kg<\/li>\n<li><strong>Courant de charge standard :<\/strong> 50A<\/li>\n<li><strong>Courant de charge maximal :<\/strong> 50A<\/li>\n<li><strong>Courant de d\u00e9charge standard :<\/strong> 50A<\/li>\n<li><strong>Taux de d\u00e9charge maximal :<\/strong> 50A<\/li>\n<li><strong>Efficacit\u00e9 aller-retour :<\/strong> \u226595%<\/li>\n<li><strong>Protocoles de communication :<\/strong> RS232, RS485, CAN<\/li>\n<li><strong>Dur\u00e9e du cycle :<\/strong> \u22656000 cycles<\/li>\n<li><strong>La vie du calendrier :<\/strong> \u226510 ans<\/li>\n<li><strong>Temp\u00e9rature de fonctionnement :<\/strong> De -10\u00b0C \u00e0 50\u00b0C<\/li>\n<li><strong>Style de connexion :<\/strong> Parall\u00e8le<\/li>\n<li><strong>Temp\u00e9rature de stockage :<\/strong> Dans un d\u00e9lai d'un mois : -20\u00b0C \u00e0 55\u00b0C, 1-3 mois : 0\u00b0C \u00e0 35\u00b0C, 3-12 mois : 20\u00b0C \u00e0 25\u00b0C<\/li>\n<li><strong>Panneau de contr\u00f4le :<\/strong> Les options d'installation faciles comprennent le montage mural individuel \u00e0 l'aide des supports fournis ou l'association \u00e9l\u00e9gante avec la homebox chic.<\/li>\n<\/ul>","protected":false},"excerpt":{"rendered":"<p>La batterie domestique Pytes pour vos panneaux solaires est la nouvelle g\u00e9n\u00e9ration de batterie au lithium LFP pour le stockage de l'\u00e9nergie domestique. Cette batterie domestique est une batterie standard s\u00fbre, bien con\u00e7ue et puissante [...]<\/p>","protected":false},"featured_media":406,"template":"","meta":{"_seopress_robots_primary_cat":"none","_seopress_titles_title":"The Pytes Home Battery: A Safe, Powerful LFP Lithium Battery for Solar Panels","_seopress_titles_desc":"Experience complete energy self-management with this compact, easy-to-install home battery. Store excess energy, reduce bills, and enjoy a 10-year warranty!","_seopress_robots_index":"","_kad_blocks_custom_css":"","_kad_blocks_head_custom_js":"","_kad_blocks_body_custom_js":"","_kad_blocks_footer_custom_js":""},"product_cat":[17],"product_tag":[],"class_list":{"0":"post-405","1":"product","2":"type-product","3":"status-publish","4":"has-post-thumbnail","6":"product_cat-home-batteries","8":"first","9":"instock","10":"sale","11":"taxable","12":"shipping-taxable","13":"purchasable","14":"product-type-simple"},"taxonomy_info":{"product_cat":[{"value":17,"label":"Home batteries"}]},"featured_image_src_large":["https:\/\/ownpowr.com\/wp-content\/uploads\/2022\/11\/48100R\u8be6\u60c5-920x640_08-420x420-1.jpeg",420,420,false],"author_info":[],"comment_info":"","_links":{"self":[{"href":"https:\/\/ownpowr.com\/fr\/wp-json\/wp\/v2\/product\/405","targetHints":{"allow":["GET"]}}],"collection":[{"href":"https:\/\/ownpowr.com\/fr\/wp-json\/wp\/v2\/product"}],"about":[{"href":"https:\/\/ownpowr.com\/fr\/wp-json\/wp\/v2\/types\/product"}],"wp:featuredmedia":[{"embeddable":true,"href":"https:\/\/ownpowr.com\/fr\/wp-json\/wp\/v2\/media\/406"}],"wp:attachment":[{"href":"https:\/\/ownpowr.com\/fr\/wp-json\/wp\/v2\/media?parent=405"}],"wp:term":[{"taxonomy":"product_cat","embeddable":true,"href":"https:\/\/ownpowr.com\/fr\/wp-json\/wp\/v2\/product_cat?post=405"},{"taxonomy":"product_tag","embeddable":true,"href":"https:\/\/ownpowr.com\/fr\/wp-json\/wp\/v2\/product_tag?post=405"}],"curies":[{"name":"wp","href":"https:\/\/api.w.org\/{rel}","templated":true}]}}