{"id":4066,"date":"2023-10-27T15:05:46","date_gmt":"2023-10-27T13:05:46","guid":{"rendered":"https:\/\/ownpowr.com\/?post_type=product&#038;p=4066"},"modified":"2025-02-27T12:52:29","modified_gmt":"2025-02-27T10:52:29","slug":"deye-micro-inverter-sun600","status":"publish","type":"product","link":"https:\/\/ownpowr.com\/fr\/product\/deye-micro-inverter-sun600-only-by-box-4-pieces\/","title":{"rendered":"Micro-onduleur Deye-SUN600"},"content":{"rendered":"<div class=\"left column\">\n<h1>DEYE SUN600\/800\/1000G3-US-220\/EU-230 |600-1000W| Monophas\u00e9 | 2 MPPT | Micro-onduleur | Arr\u00eat rapide<\/h1>\n<p>Rendements plus \u00e9lev\u00e9s \/ S\u00fbrs \/ Intelligents \/ Conviviaux<\/p>\n<div class=\"text\">\n<p>Le SUN 600\/800\/1000G3 est un micro-onduleur de nouvelle g\u00e9n\u00e9ration connect\u00e9 au r\u00e9seau et dot\u00e9 de syst\u00e8mes intelligents de mise en r\u00e9seau et de surveillance pour garantir une efficacit\u00e9 maximale. Le SUN 600\/800\/1000G3 est optimis\u00e9 pour s'adapter aux modules photovolta\u00efques actuels \u00e0 haut rendement, avec une puissance pouvant atteindre 500 W et un double MPPT. Il prend \u00e9galement en charge les applications d'arr\u00eat rapide, garantissant ainsi la s\u00e9curit\u00e9 de votre investissement.<\/p>\n<\/div>\n<\/div>\n<div class=\"prodet-2\">\n<div class=\"ui container\">\n<div class=\"box grid-box\">\n<div class=\"right column\">\n<h2 class=\"titleBig\">Fonction d'arr\u00eat \u00e0 distance<\/h2>\n<h4>Plate-forme de surveillance intelligente<\/h4>\n<p>Gr\u00e2ce \u00e0 la plate-forme de surveillance intelligente, les onduleurs de la s\u00e9rie compl\u00e8te Deye peuvent \u00eatre arr\u00eat\u00e9s \u00e0 distance imm\u00e9diatement en cas d'accident, les param\u00e8tres de r\u00e9glage et la mise \u00e0 jour des param\u00e8tres de fonctionnement sont mis \u00e0 jour \u00e0 distance, ce qui facilite l'exploitation et la maintenance de l'installation photovolta\u00efque.<\/p>\n<\/div>\n<\/div>\n<\/div>\n<\/div>\n<div class=\"prodet-3\">\n<div class=\"ui container\">\n<div class=\"box grid-box\">\n<div class=\"left column\">\n<div class=\"slick-list draggable\">\n<div class=\"slick-track\">\n<div class=\"slick-slide slick-cloned\" data-slick-index=\"-2\" aria-hidden=\"true\">\n<ul>\n<li>Surveillance du niveau des modules, plus s\u00fbre et plus intelligente<\/li>\n<li>Courant d'entr\u00e9e max. Courant d'entr\u00e9e DC 13A, adapt\u00e9 \u00e0 un module PV de 500W<\/li>\n<li>Fonction d'arr\u00eat rapide<\/li>\n<li>Degr\u00e9 de protection IP67\uff0c10 ans de garantie<\/li>\n<li>Communication PLC, Zigbee ou WIFI<\/li>\n<li>2 trackers MPP, surveillance au niveau du module<\/li>\n<\/ul>\n<\/div>\n<div class=\"slick-slide slick-cloned\" data-slick-index=\"-1\" aria-hidden=\"true\">\n<div id=\"av_articleherstbezeichnung\">\n<h1 class=\"av_fontnormal\">DEYE SUN600<\/h1>\n<\/div>\n<div id=\"av_articletext\" class=\"clearfix\"><span class=\"artbesch\">Petit onduleur \u00e0 haute performance<br \/>\nMicro-onduleur intelligent pour alimenter votre r\u00e9seau domestique. Cet onduleur est facile \u00e0 installer et \u00e0 configurer. Des panneaux solaires de presque tous les fabricants peuvent \u00eatre mont\u00e9s. Id\u00e9al pour les petites installations solaires, par exemple sur les balcons, les maisons de jardin, les garages ou les zones ombrag\u00e9es.<\/span><b>Livraison actuellement sans Betteri coupling et capuchon ! Veuillez commander directement<\/b><\/p>\n<ul type=\"disc\">\n<li>Interfaces : WiFi<\/li>\n<li>conception compacte<\/li>\n<li>Montage \u00e0 l'ext\u00e9rieur, directement sur le module solaire<\/li>\n<li>Refroidissement par convection<\/li>\n<li>Suivi du point de puissance maximale (MPPT)<\/li>\n<li>fonction de d\u00e9marrage rapide jusqu'\u00e0 12 secondes<\/li>\n<li>s\u00fbr gr\u00e2ce \u00e0 la fonction d'arr\u00eat rapide<\/li>\n<li>Surveillance des d\u00e9fauts de terrain<\/li>\n<li>Surveillance du r\u00e9seau<\/li>\n<li>surveillance du courant r\u00e9siduel<\/li>\n<li>Classe de protection IP 67<\/li>\n<\/ul>\n<p>&nbsp;<\/p>\n<p><b>Surveillance intelligente :<\/b><br \/>\nSuivez vos succ\u00e8s \u00e0 tout moment ! L'interface WLAN int\u00e9gr\u00e9e vous permet d'int\u00e9grer cet onduleur dans votre r\u00e9seau.<br \/>\nL'acc\u00e8s via l'application SOLARMAN est possible avec votre smartphone ou votre tablette. En outre, l'acc\u00e8s par navigateur est possible avec votre appareil final.<\/p>\n<p><b>Suivi MPPT :<\/b><br \/>\nRendement maximal quelles que soient les conditions m\u00e9t\u00e9orologiques. Que ce soit par mauvais temps ou par temps partiellement ombrag\u00e9, la technologie moderne et la derni\u00e8re technologie de cha\u00eene de l'onduleur garantissent des rendements optimaux.<\/p>\n<p><b>Facilement extensible :<\/b><br \/>\nUn syst\u00e8me \u00e9quip\u00e9 de ce micro-onduleur peut \u00eatre compl\u00e9t\u00e9 \u00e0 tout moment par des micro-onduleurs suppl\u00e9mentaires. L'onduleur suppl\u00e9mentaire est simplement connect\u00e9 au micro-onduleur existant \u00e0 l'aide de la fiche Betteri.<\/p>\n<p><b>Certifi\u00e9 selon VDE :<\/b><br \/>\nLe micro-onduleur est certifi\u00e9 selon VDE-AR-N-4105:2018 et peut \u00eatre utilis\u00e9 en Allemagne. Il comprend une protection NA et s'\u00e9teint imm\u00e9diatement lorsqu'il est d\u00e9connect\u00e9 du r\u00e9seau.<\/p>\n<p><b>WLAN :<\/b><br \/>\nUn module WLAN est int\u00e9gr\u00e9 dans le micro-onduleur. Cela signifie qu'aucun mat\u00e9riel suppl\u00e9mentaire n'est n\u00e9cessaire pour \u00e9tablir une connexion. L'application SOLARMAN vous permet de suivre vos rendements en direct, de les visualiser et de les analyser sous forme de graphiques. Le mot de passe WLAN de l'onduleur Deye est \"12345678\" et doit \u00eatre saisi une fois lors de l'int\u00e9gration dans l'application Solarman. Aucun autre appareil n'est n\u00e9cessaire pour mesurer l'\u00e9nergie !<\/p>\n<p><b>Montage :<\/b><br \/>\nL'onduleur a un indice de protection IP 67 et est extr\u00eamement robuste et durable. L'onduleur est simplement mont\u00e9 \u00e0 l'ext\u00e9rieur avec votre module solaire.<\/p>\n<p><b>Connexion AC :<\/b><br \/>\nPour la connexion au r\u00e9seau domestique, une fiche Betteri est incluse sur le c\u00f4t\u00e9 de l'appareil pour un montage libre.<\/p>\n<p><b>Entr\u00e9e DC - c\u00f4t\u00e9 solaire :<\/b><br \/>\nPuissance d'entr\u00e9e : 210 Watt - 400 Watt<br \/>\nMax. Tension d'entr\u00e9e : 60 V DC<br \/>\nCourant d'entr\u00e9e max. Courant d'entr\u00e9e : 16 A<br \/>\nContr\u00f4le MPP : Oui<br \/>\nConnexions DC : Oui<br \/>\nConnexion : MC4<\/p>\n<p><b>Sortie AC - Sortie secteur :<\/b><br \/>\nPuissance nominale : 600 watts (230 V\/50 Hz)<br \/>\nTension de sortie nominale : 230 V<br \/>\nCourant de sortie : max. 2.9 A<br \/>\nConnexion : Betteri<\/p>\n<p><b>Dispositif :<\/b><br \/>\nDimensions (HxLxP) : 229 x 212 x 40 mm<br \/>\nPoids : 3,5 kg<br \/>\nConsommation nocturne : &lt; 50 mW<\/p>\n<p><b>Contenu de la livraison :<\/b><br \/>\n1x SUN600<br \/>\n1x antenne WLAN<br \/>\n1x manuel (anglais)<\/p>\n<p><b>Important :<\/b><br \/>\nPour la configuration, l'adaptation des lignes \u00e9lectriques \/ lignes de raccordement \u00e0 la maison, nous vous recommandons de toujours consulter un personnel qualifi\u00e9. La soci\u00e9t\u00e9 reichelt elektronik GmbH &amp; Co. KG n'assume aucune responsabilit\u00e9. Veuillez vous informer avant l'achat et le raccordement.<\/p>\n<div id=\"clipvideo\"><strong>Plus d'informations :<\/strong><\/div>\n<div><a href=\"https:\/\/storeyourownpower.com\/wp-content\/uploads\/2022\/12\/Datasheet-English-microinverter.pdf\" target=\"_blank\" rel=\"noopener\">Fiche technique micro-onduleur anglais<\/a><\/div>\n<div><a href=\"https:\/\/storeyourownpower.com\/wp-content\/uploads\/2022\/12\/User-Manual-Deye-microinverter.pdf\" target=\"_blank\" rel=\"noopener\">Manuel d'utilisation du micro-onduleur Deye<\/a><\/div>\n<\/div>\n<\/div>\n<\/div>\n<\/div>\n<\/div>\n<\/div>\n<\/div>\n<\/div>","protected":false},"excerpt":{"rendered":"<p>DEYE SUN600\/800\/1000G3-US-220\/EU-230 |600-1000W| Monophas\u00e9 | 2 MPPT | Micro-onduleur | Arr\u00eat rapide Rendements plus \u00e9lev\u00e9s \/ S\u00fbr \/ Intelligent \/ Convivial Le SUN 600\/800\/1000G3 est un micro-onduleur connect\u00e9 au r\u00e9seau de nouvelle g\u00e9n\u00e9ration avec [...]<\/p>","protected":false},"featured_media":4069,"template":"","meta":{"_seopress_robots_primary_cat":"none","_seopress_titles_title":"DEYE SUN600\/800\/1000G3-US-220\/EU-230 |600-1000W| Single Phase | 2 MPPT | Micro-Inverter | Rapid Shutdown","_seopress_titles_desc":"Get the DEYE SUN600\/800\/1000G3 microinverter for maximum efficiency and safe solar energy production. Supports rapid shutdown and smart monitoring.","_seopress_robots_index":"","_kad_blocks_custom_css":"","_kad_blocks_head_custom_js":"","_kad_blocks_body_custom_js":"","_kad_blocks_footer_custom_js":""},"product_cat":[18],"product_tag":[],"class_list":{"0":"post-4066","1":"product","2":"type-product","3":"status-publish","4":"has-post-thumbnail","6":"product_cat-hybrid-inverters","8":"first","9":"instock","10":"sale","11":"taxable","12":"shipping-taxable","13":"purchasable","14":"product-type-simple"},"taxonomy_info":{"product_cat":[{"value":18,"label":"Hybrid inverters"}]},"featured_image_src_large":["https:\/\/ownpowr.com\/wp-content\/uploads\/2023\/10\/deye-microinveretr.webp",420,420,false],"author_info":[],"comment_info":"","_links":{"self":[{"href":"https:\/\/ownpowr.com\/fr\/wp-json\/wp\/v2\/product\/4066","targetHints":{"allow":["GET"]}}],"collection":[{"href":"https:\/\/ownpowr.com\/fr\/wp-json\/wp\/v2\/product"}],"about":[{"href":"https:\/\/ownpowr.com\/fr\/wp-json\/wp\/v2\/types\/product"}],"wp:featuredmedia":[{"embeddable":true,"href":"https:\/\/ownpowr.com\/fr\/wp-json\/wp\/v2\/media\/4069"}],"wp:attachment":[{"href":"https:\/\/ownpowr.com\/fr\/wp-json\/wp\/v2\/media?parent=4066"}],"wp:term":[{"taxonomy":"product_cat","embeddable":true,"href":"https:\/\/ownpowr.com\/fr\/wp-json\/wp\/v2\/product_cat?post=4066"},{"taxonomy":"product_tag","embeddable":true,"href":"https:\/\/ownpowr.com\/fr\/wp-json\/wp\/v2\/product_tag?post=4066"}],"curies":[{"name":"wp","href":"https:\/\/api.w.org\/{rel}","templated":true}]}}