{"id":418,"date":"2023-10-04T16:42:57","date_gmt":"2023-10-04T14:42:57","guid":{"rendered":"https:\/\/ownpowr.com\/product\/pylontech-force-h1-21-31\/"},"modified":"2025-06-03T11:10:17","modified_gmt":"2025-06-03T09:10:17","slug":"pylontech-force-h1-21-31","status":"publish","type":"product","link":"https:\/\/ownpowr.com\/fr\/product\/pylontech-force-h1-21-31\/","title":{"rendered":"Pylontech Force H1 21,31 V2"},"content":{"rendered":"<p>Voici le module de batterie haute tension Pylontech Force H1 21,31 kWh :<\/p>\n<p><strong>Caract\u00e9ristiques principales :<\/strong><\/p>\n<ul>\n<li><strong>Configuration de la batterie :<\/strong> 6 x Force H1 3,55 kWh Modules + 1 x BMU Force H1 Base<\/li>\n<li><strong>Capacit\u00e9 totale utilisable :<\/strong> 21,31 kWh<\/li>\n<li><strong>Int\u00e9gration industrielle verticale :<\/strong> Fournit plus de 6000 cycles avec la profondeur de d\u00e9charge 90%, garantissant une performance durable.<\/li>\n<li><strong>Conception modulaire :<\/strong> Permet aux clients finaux de choisir la capacit\u00e9 qu'ils souhaitent, ce qui rend l'\u00e9volutivit\u00e9 possible.<\/li>\n<li><strong>Compatibilit\u00e9 :<\/strong> Compatible avec la plupart des onduleurs hybrides disponibles, ce qui garantit une int\u00e9gration parfaite avec les syst\u00e8mes existants.<\/li>\n<li><strong>Raccourci d'installation :<\/strong> Minimise le temps et le co\u00fbt d'installation, en rationalisant le processus de mise en place.<\/li>\n<li><strong>Conception polyvalente :<\/strong> Convient aux installations int\u00e9rieures et ext\u00e9rieures, offrant une grande souplesse d'installation.<\/li>\n<\/ul>\n<p><strong>Description du produit :<\/strong><\/p>\n<p>Le Pylontech Force H1 est le dernier module de batterie HESS (High Energy Storage System) con\u00e7u pour r\u00e9pondre aux besoins \u00e9volutifs des utilisateurs finaux. Il int\u00e8gre plusieurs caract\u00e9ristiques cl\u00e9s qui le distinguent des autres :<\/p>\n<ul>\n<li><strong>Longue dur\u00e9e de vie :<\/strong> Le caract\u00e8re \"longue dur\u00e9e\" garantit la durabilit\u00e9 du syst\u00e8me, ce qui en fait un choix fiable pour les besoins de stockage d'\u00e9nergie \u00e0 long terme.<\/li>\n<li><strong>Haute densit\u00e9 d'\u00e9nergie et de puissance :<\/strong> La Force H1 poss\u00e8de la densit\u00e9 d'\u00e9nergie et de puissance la plus \u00e9lev\u00e9e de l'industrie, maximisant la capacit\u00e9 de stockage d'\u00e9nergie dans un design compact.<\/li>\n<li><strong>Facilit\u00e9 d'installation :<\/strong> Le syst\u00e8me est con\u00e7u pour une installation et une extension faciles, ce qui simplifie le processus de configuration pour les utilisateurs finaux.<\/li>\n<li><strong>\u00c9volutivit\u00e9 :<\/strong> Les utilisateurs peuvent commencer avec seulement 2 modules de batterie Force H1 et les \u00e9tendre en ajoutant d'autres modules par la suite, ce qui permet de r\u00e9pondre \u00e0 l'\u00e9volution des besoins en \u00e9nergie.<\/li>\n<li><strong>Garantie du fabricant :<\/strong> Le produit est assorti d'une garantie de 10 ans du fabricant, ce qui garantit la tranquillit\u00e9 d'esprit et la fiabilit\u00e9 du produit. L'enregistrement est n\u00e9cessaire pour l'activation de la garantie, et les d\u00e9tails sont disponibles sur le site web du fabricant.<\/li>\n<\/ul>\n<p>Le Pylontech Force H1 est un choix id\u00e9al pour les solutions de stockage d'\u00e9nergie r\u00e9sidentielles et commerciales. Sa conception polyvalente, ses performances \u00e9lev\u00e9es et son \u00e9volutivit\u00e9 en font un compl\u00e9ment pr\u00e9cieux \u00e0 tout syst\u00e8me de gestion de l'\u00e9nergie. Que ce soit pour l'alimentation de secours en cas de panne ou pour l'optimisation de la consommation d'\u00e9nergie, le Force H1 constitue une solution de stockage d'\u00e9nergie fiable et efficace.<\/p>\n<p><a href=\"https:\/\/storeyourownpower.com\/wp-content\/uploads\/2022\/10\/Datasheet-English-2.pdf\" target=\"_blank\" rel=\"noopener\">Fiche technique Anglais<\/a><br \/>\n<a href=\"https:\/\/storeyourownpower.com\/wp-content\/uploads\/2022\/10\/Compatibility-list-English.pdf\" target=\"_blank\" rel=\"noopener\">Liste de compatibilit\u00e9 Anglais<\/a><br \/>\n<a href=\"https:\/\/storeyourownpower.com\/wp-content\/uploads\/2022\/10\/Operation-manual-English.pdf\" target=\"_blank\" rel=\"noopener\">Manuel d'utilisation Anglais<\/a><br \/>\n<a href=\"https:\/\/storeyourownpower.com\/wp-content\/uploads\/2022\/10\/Consumer-Warranty.pdf\" target=\"_blank\" rel=\"noopener\">Garantie pour les consommateurs<\/a><\/p>","protected":false},"excerpt":{"rendered":"<p>Voici le module de batterie haute tension Pylontech Force H1 21,31 kWh : Caract\u00e9ristiques principales : Configuration de la batterie : 6 x modules Force H1 de 3,55 kWh + 1 x BMU Force H1 Base Total [...]<\/p>","protected":false},"featured_media":419,"template":"","meta":{"_seopress_robots_primary_cat":"none","_seopress_titles_title":"Pylontech Force H1 21.31kWh Battery Module - High Voltage","_seopress_titles_desc":"The latest HESS battery system with long life, highest energy density, easy installation, and compatibility with most hybrid inverters.","_seopress_robots_index":"","_kad_blocks_custom_css":"","_kad_blocks_head_custom_js":"","_kad_blocks_body_custom_js":"","_kad_blocks_footer_custom_js":""},"product_cat":[17],"product_tag":[],"class_list":{"0":"post-418","1":"product","2":"type-product","3":"status-publish","4":"has-post-thumbnail","6":"product_cat-home-batteries","8":"first","9":"instock","10":"sale","11":"taxable","12":"shipping-taxable","13":"purchasable","14":"product-type-simple"},"taxonomy_info":{"product_cat":[{"value":17,"label":"Home batteries"}]},"featured_image_src_large":["https:\/\/ownpowr.com\/wp-content\/uploads\/2022\/11\/Pylontech-Force-H1-10501-img-1.jpg",553,371,false],"author_info":[],"comment_info":"","_links":{"self":[{"href":"https:\/\/ownpowr.com\/fr\/wp-json\/wp\/v2\/product\/418","targetHints":{"allow":["GET"]}}],"collection":[{"href":"https:\/\/ownpowr.com\/fr\/wp-json\/wp\/v2\/product"}],"about":[{"href":"https:\/\/ownpowr.com\/fr\/wp-json\/wp\/v2\/types\/product"}],"wp:featuredmedia":[{"embeddable":true,"href":"https:\/\/ownpowr.com\/fr\/wp-json\/wp\/v2\/media\/419"}],"wp:attachment":[{"href":"https:\/\/ownpowr.com\/fr\/wp-json\/wp\/v2\/media?parent=418"}],"wp:term":[{"taxonomy":"product_cat","embeddable":true,"href":"https:\/\/ownpowr.com\/fr\/wp-json\/wp\/v2\/product_cat?post=418"},{"taxonomy":"product_tag","embeddable":true,"href":"https:\/\/ownpowr.com\/fr\/wp-json\/wp\/v2\/product_tag?post=418"}],"curies":[{"name":"wp","href":"https:\/\/api.w.org\/{rel}","templated":true}]}}