{"id":429,"date":"2023-10-04T16:42:58","date_gmt":"2023-10-04T14:42:58","guid":{"rendered":"https:\/\/ownpowr.com\/product\/pylontech-force-h1-3-55kwh-battery\/"},"modified":"2025-03-27T12:51:37","modified_gmt":"2025-03-27T10:51:37","slug":"pylontech-force-h1-3-55kwh-battery","status":"publish","type":"product","link":"https:\/\/ownpowr.com\/fr\/product\/pylontech-force-h1-3-55kwh-battery\/","title":{"rendered":"Pylontech force H1 3,55kWh batterie V2"},"content":{"rendered":"<h3>Pylontech Force H1 3.55kWh Module de batterie - Haute tension<\/h3>\n<p>Le Force H1 est le dernier syst\u00e8me de batterie HESS fourni par Pylontech. Le caract\u00e8re \"longue dur\u00e9e\", la densit\u00e9 d'\u00e9nergie et de puissance la plus \u00e9lev\u00e9e de l'industrie, le design \u00e0 la mode, la facilit\u00e9 d'installation et d'expansion, tout cela refl\u00e8te les exigences r\u00e9elles des utilisateurs finaux et la capacit\u00e9 technique la plus forte de Pylontech.<\/p>\n<p>Pylontech Module de batterie Force H1 3,55 kWh pour assembler 1 pile Force H1 \u00e0 partir de 2 \u00e0 7 modules de batterie Force H1 en s\u00e9rie pour obtenir une capacit\u00e9 utilisable de 7,1 \u00e0 24,86 kWh. Possibilit\u00e9 d'augmenter la capacit\u00e9 en ajoutant ult\u00e9rieurement des modules Force H1.<\/p>\n<p>\u2714 L'int\u00e9gration industrielle verticale permet d'obtenir plus de 6000 cycles avec le 90% DoD<\/p>\n<p>\u2714 La conception modulaire permet aux clients finaux de choisir la capacit\u00e9<\/p>\n<p>\u2714 Compatible avec la plupart des onduleurs hybrides disponibles<\/p>\n<p>\u2714 La d\u00e9connexion rapide minimise le temps et le co\u00fbt d'installation<\/p>\n<p>\u2714 Design agr\u00e9able - convient aussi bien \u00e0 l'int\u00e9rieur qu'\u00e0 l'ext\u00e9rieur<\/p>\n<p>*10 ans de garantie du fabricant apr\u00e8s l'enregistrement \u00e0 l'adresse suivante <a href=\"http:\/\/en.pylontech.com.cn\/service\/support\">http:\/\/en.pylontech.com.cn\/service\/support<\/a> et conform\u00e9ment aux conditions \u00e9nonc\u00e9es dans le document \"Garantie limit\u00e9e\" li\u00e9 \u00e0 cet article.<\/p>\n<p><a href=\"https:\/\/storeyourownpower.com\/wp-content\/uploads\/2022\/10\/Datasheet-English-2.pdf\" target=\"_blank\" rel=\"noopener\">Fiche technique Anglais<\/a><br \/>\n<a href=\"https:\/\/storeyourownpower.com\/wp-content\/uploads\/2022\/10\/Compatibility-list-English.pdf\" target=\"_blank\" rel=\"noopener\">Liste de compatibilit\u00e9 Anglais<\/a><br \/>\n<a href=\"https:\/\/storeyourownpower.com\/wp-content\/uploads\/2022\/10\/Operation-manual-English.pdf\" target=\"_blank\" rel=\"noopener\">Manuel d'utilisation Anglais<\/a><br \/>\n<a href=\"https:\/\/storeyourownpower.com\/wp-content\/uploads\/2022\/10\/Consumer-Warranty.pdf\" target=\"_blank\" rel=\"noopener\">Garantie pour les consommateurs<\/a><\/p>","protected":false},"excerpt":{"rendered":"<p>Pylontech Force H1 3.55kWh Battery Module - High Voltage Le Force H1 est le dernier syst\u00e8me de batterie HESS fourni par Pylontech. Le caract\u00e8re \"longue dur\u00e9e\", l'\u00e9nergie et la puissance les plus \u00e9lev\u00e9es [...]<\/p>","protected":false},"featured_media":430,"template":"","meta":{"_seopress_robots_primary_cat":"none","_seopress_titles_title":"Pylontech Force H1 3.55kWh Battery Module - High Voltage","_seopress_titles_desc":"The latest HESS battery system with industry-leading features. Easily expandable, high energy density, and compatible with most hybrid inverters. 10-year warranty.","_seopress_robots_index":"","_kad_blocks_custom_css":"","_kad_blocks_head_custom_js":"","_kad_blocks_body_custom_js":"","_kad_blocks_footer_custom_js":""},"product_cat":[17],"product_tag":[],"class_list":{"0":"post-429","1":"product","2":"type-product","3":"status-publish","4":"has-post-thumbnail","6":"product_cat-home-batteries","8":"first","9":"instock","10":"sale","11":"taxable","12":"shipping-taxable","13":"purchasable","14":"product-type-simple"},"taxonomy_info":{"product_cat":[{"value":17,"label":"Home batteries"}]},"featured_image_src_large":["https:\/\/ownpowr.com\/wp-content\/uploads\/2022\/11\/Pylontech-Force-H1-3.55kWh-Battery-Module-10484-img.png",553,347,false],"author_info":[],"comment_info":"","_links":{"self":[{"href":"https:\/\/ownpowr.com\/fr\/wp-json\/wp\/v2\/product\/429","targetHints":{"allow":["GET"]}}],"collection":[{"href":"https:\/\/ownpowr.com\/fr\/wp-json\/wp\/v2\/product"}],"about":[{"href":"https:\/\/ownpowr.com\/fr\/wp-json\/wp\/v2\/types\/product"}],"wp:featuredmedia":[{"embeddable":true,"href":"https:\/\/ownpowr.com\/fr\/wp-json\/wp\/v2\/media\/430"}],"wp:attachment":[{"href":"https:\/\/ownpowr.com\/fr\/wp-json\/wp\/v2\/media?parent=429"}],"wp:term":[{"taxonomy":"product_cat","embeddable":true,"href":"https:\/\/ownpowr.com\/fr\/wp-json\/wp\/v2\/product_cat?post=429"},{"taxonomy":"product_tag","embeddable":true,"href":"https:\/\/ownpowr.com\/fr\/wp-json\/wp\/v2\/product_tag?post=429"}],"curies":[{"name":"wp","href":"https:\/\/api.w.org\/{rel}","templated":true}]}}