{"id":4519,"date":"2023-11-01T11:34:21","date_gmt":"2023-11-01T09:34:21","guid":{"rendered":"https:\/\/ownpowr.com\/?post_type=product&#038;p=4519"},"modified":"2025-03-20T16:15:10","modified_gmt":"2025-03-20T14:15:10","slug":"deye-gb-lm4-0-battery-module","status":"publish","type":"product","link":"https:\/\/ownpowr.com\/fr\/product\/module-de-batterie-deye-gb-lm4-0\/","title":{"rendered":"Deye GB-LM4.0 module de batterie"},"content":{"rendered":"<p>Le module de batterie haute tension Deye GB-LM4.0 est empilable (voir la fiche technique) sur les s\u00e9ries GB-SL et GB-L deye.<\/p>\n<p>GB-LM4.0 Module de batterie pour batterie haute tension GB-L 4kWh (HV) LiFePO4 | 40ah batterie solaire<br \/>\n<strong>S\u00e9curit\u00e9 et s\u00fbret\u00e9<\/strong><br \/>\nDispositif int\u00e9gr\u00e9 d'\u00e9vacuation des explosions pour extraire le gaz et dispositif int\u00e9gr\u00e9 de protection contre l'incendie pour \u00e9teindre la source d'incendie pendant 3 secondes.<br \/>\n<strong>Pile haute tension<\/strong><br \/>\nLes modules sont connect\u00e9s en s\u00e9rie sans connexion par c\u00e2ble, et la plateforme haute tension am\u00e9liore l'efficacit\u00e9 du syst\u00e8me.<br \/>\n<strong>Gestion thermique<\/strong><br \/>\nD\u00e9tection de la temp\u00e9rature des pi\u00e8ces cl\u00e9s, des cellules, des connecteurs d'alimentation, etc.<br \/>\n<strong>Fonctionnement dans une large gamme de temp\u00e9ratures<\/strong><br \/>\nLa fonction de chauffage est optionnelle pour r\u00e9pondre aux sc\u00e9narios d'application \u00e0 basse temp\u00e9rature et \u00e0 la d\u00e9tection automatique.<br \/>\n<strong>Respect de l'environnement<\/strong><br \/>\nIndice de protection IP 65, degr\u00e9 de protection contre la corrosion \u2265C2, batterie de protection de l'environnement<br \/>\n<strong>Intelligent et visuel<\/strong><br \/>\nPrise en charge de la mise \u00e0 jour \u00e0 distance, des informations d'avertissement de la batterie en temps r\u00e9el et de l'affichage des donn\u00e9es sur l'\u00e9cran LCD.<\/p>\n<p>Informations g\u00e9n\u00e9rales :<\/p>\n<p>Type de batterie : LiFePO4 (LFP)<br \/>\nTension nominale : 102,4 Vdc<br \/>\nCapacit\u00e9 nominale : 40Ah<br \/>\n\u00c9nergie nominale : 4,09 kWh<br \/>\nCourant de charge\/d\u00e9charge max. Courant de charge\/d\u00e9charge : 40A<br \/>\nCourant de charge\/d\u00e9charge de pointe : 50A<br \/>\nTemp\u00e9rature de charge : 0~55\u00b0C<br \/>\nTemp\u00e9rature de d\u00e9charge : -20\u00b0C~55\u00b0C<br \/>\nTemp\u00e9rature de stockage : 0\u00b0C~35\u00b0C<br \/>\nProtection contre les infiltrations : IP65<br \/>\nDimension (L\/D\/H) : 540*385*220mm<br \/>\nPoids approximatif : 39 kg<\/p>\n<p><a href=\"https:\/\/ownpowr.com\/wp-content\/uploads\/2023\/11\/datasheet-gb-sl-eu.pdf\" target=\"_blank\" rel=\"noopener\">Fiche technique GB-SL-EU<\/a><\/p>\n<p>&nbsp;<\/p>","protected":false},"excerpt":{"rendered":"<p>Le module de batterie haute tension Deye GB-LM4.0 est empilable (voir fiche technique) sur les s\u00e9ries GB-SL et GB-L deye. GB-LM4.0 Module de batterie pour la batterie haute tension GB-L 4kWh (HV) LiFePO4 [...]<\/p>","protected":false},"featured_media":4528,"template":"","meta":{"_seopress_robots_primary_cat":"none","_seopress_titles_title":"Deye GB-LM4.0 High Voltage, Stackable LiFePO4 Battery Module","_seopress_titles_desc":"Discover the stackable high-voltage GB-LM4.0 battery module by Deye featuring LiFePO4(LFP) type, 102.4Vdc voltage, 40Ah capacity, and 4.09kWh energy.","_seopress_robots_index":"","_kad_blocks_custom_css":"","_kad_blocks_head_custom_js":"","_kad_blocks_body_custom_js":"","_kad_blocks_footer_custom_js":""},"product_cat":[17],"product_tag":[],"class_list":{"0":"post-4519","1":"product","2":"type-product","3":"status-publish","4":"has-post-thumbnail","6":"product_cat-home-batteries","8":"first","9":"instock","10":"sale","11":"taxable","12":"shipping-taxable","13":"purchasable","14":"product-type-simple"},"taxonomy_info":{"product_cat":[{"value":17,"label":"Home batteries"}]},"featured_image_src_large":["https:\/\/ownpowr.com\/wp-content\/uploads\/2023\/11\/gb-lm4.0.jpg",550,322,false],"author_info":[],"comment_info":"","_links":{"self":[{"href":"https:\/\/ownpowr.com\/fr\/wp-json\/wp\/v2\/product\/4519","targetHints":{"allow":["GET"]}}],"collection":[{"href":"https:\/\/ownpowr.com\/fr\/wp-json\/wp\/v2\/product"}],"about":[{"href":"https:\/\/ownpowr.com\/fr\/wp-json\/wp\/v2\/types\/product"}],"wp:featuredmedia":[{"embeddable":true,"href":"https:\/\/ownpowr.com\/fr\/wp-json\/wp\/v2\/media\/4528"}],"wp:attachment":[{"href":"https:\/\/ownpowr.com\/fr\/wp-json\/wp\/v2\/media?parent=4519"}],"wp:term":[{"taxonomy":"product_cat","embeddable":true,"href":"https:\/\/ownpowr.com\/fr\/wp-json\/wp\/v2\/product_cat?post=4519"},{"taxonomy":"product_tag","embeddable":true,"href":"https:\/\/ownpowr.com\/fr\/wp-json\/wp\/v2\/product_tag?post=4519"}],"curies":[{"name":"wp","href":"https:\/\/api.w.org\/{rel}","templated":true}]}}