{"id":4588,"date":"2023-11-01T15:23:32","date_gmt":"2023-11-01T13:23:32","guid":{"rendered":"https:\/\/ownpowr.com\/?post_type=product&#038;p=4588"},"modified":"2025-02-27T11:22:43","modified_gmt":"2025-02-27T09:22:43","slug":"deye-gb-l-16-36-kwh","status":"publish","type":"product","link":"https:\/\/ownpowr.com\/fr\/product\/deye-gb-l-16-36-kwh\/","title":{"rendered":"Deye GB-L-16,36 kWh"},"content":{"rendered":"<p>La Deye GB-L-16.36 kWh est une batterie avec bms de la s\u00e9rie haute tension GB-L deye.<\/p>\n<p>L'ensemble contient :<br \/>\n4x GB-LM4.0<br \/>\n1x GB-LBS<br \/>\n1x GB-LBase<\/p>\n<p>GB-LM16.36 Module de batterie pour cluster haute tension GB-L 4kWh (HV) LiFePO4 | 40ah batterie solaire<br \/>\n<strong>S\u00e9curit\u00e9 et s\u00fbret\u00e9<\/strong><br \/>\nDispositif int\u00e9gr\u00e9 d'\u00e9vacuation des explosions pour extraire le gaz et dispositif int\u00e9gr\u00e9 de protection contre l'incendie pour \u00e9teindre la source d'incendie pendant 3 secondes.<br \/>\n<strong>Pile haute tension<\/strong><br \/>\nLes modules sont connect\u00e9s en s\u00e9rie sans connexion par c\u00e2ble, et la plateforme haute tension am\u00e9liore l'efficacit\u00e9 du syst\u00e8me.<br \/>\n<strong>Gestion thermique<\/strong><br \/>\nD\u00e9tection de la temp\u00e9rature des pi\u00e8ces cl\u00e9s, des cellules, des connecteurs d'alimentation, etc.<br \/>\n<strong>Fonctionnement dans une large gamme de temp\u00e9ratures<\/strong><br \/>\nLa fonction de chauffage est optionnelle pour r\u00e9pondre aux sc\u00e9narios d'application \u00e0 basse temp\u00e9rature et \u00e0 la d\u00e9tection automatique.<br \/>\n<strong>Respect de l'environnement<\/strong><br \/>\nIndice de protection IP 65, degr\u00e9 de protection contre la corrosion \u2265C2, batterie de protection de l'environnement<br \/>\n<strong>Intelligent et visuel<\/strong><br \/>\nPrise en charge de la mise \u00e0 jour \u00e0 distance, des informations d'avertissement de la batterie en temps r\u00e9el et de l'affichage des donn\u00e9es sur l'\u00e9cran LCD.<\/p>\n<p>&nbsp;<\/p>\n<p><a href=\"https:\/\/ownpowr.com\/wp-content\/uploads\/2023\/11\/gb-l-v1.3.pdf\" target=\"_blank\" rel=\"noopener\">GB-L-V1.3<\/a><\/p>","protected":false},"excerpt":{"rendered":"<p>La Deye GB-L-16.36 kWh est une batterie avec bms de la s\u00e9rie haute tension GB-L deye. Le kit contient : 4x GB-LM4.0 1x GB-LBS 1x GB-LBase GB-LM16.36 Module de batterie pour cluster [...]<\/p>","protected":false},"featured_media":4592,"template":"","meta":{"_seopress_robots_primary_cat":"none","_seopress_titles_title":"High-Efficiency Deye GB-L-16.36 kWh Battery with BMS","_seopress_titles_desc":"Discover Deye GB-L-16.36 kWh - a high-voltage, environmentally friendly battery with BMS. Enhanced safety measures, thermal management, and remote upgrades.","_seopress_robots_index":"","_kad_blocks_custom_css":"","_kad_blocks_head_custom_js":"","_kad_blocks_body_custom_js":"","_kad_blocks_footer_custom_js":""},"product_cat":[17],"product_tag":[],"class_list":{"0":"post-4588","1":"product","2":"type-product","3":"status-publish","4":"has-post-thumbnail","6":"product_cat-home-batteries","8":"first","9":"instock","10":"sale","11":"taxable","12":"shipping-taxable","13":"purchasable","14":"product-type-simple"},"taxonomy_info":{"product_cat":[{"value":17,"label":"Home batteries"}]},"featured_image_src_large":["https:\/\/ownpowr.com\/wp-content\/uploads\/2023\/11\/image-5.png",1000,1000,false],"author_info":[],"comment_info":"","_links":{"self":[{"href":"https:\/\/ownpowr.com\/fr\/wp-json\/wp\/v2\/product\/4588","targetHints":{"allow":["GET"]}}],"collection":[{"href":"https:\/\/ownpowr.com\/fr\/wp-json\/wp\/v2\/product"}],"about":[{"href":"https:\/\/ownpowr.com\/fr\/wp-json\/wp\/v2\/types\/product"}],"wp:featuredmedia":[{"embeddable":true,"href":"https:\/\/ownpowr.com\/fr\/wp-json\/wp\/v2\/media\/4592"}],"wp:attachment":[{"href":"https:\/\/ownpowr.com\/fr\/wp-json\/wp\/v2\/media?parent=4588"}],"wp:term":[{"taxonomy":"product_cat","embeddable":true,"href":"https:\/\/ownpowr.com\/fr\/wp-json\/wp\/v2\/product_cat?post=4588"},{"taxonomy":"product_tag","embeddable":true,"href":"https:\/\/ownpowr.com\/fr\/wp-json\/wp\/v2\/product_tag?post=4588"}],"curies":[{"name":"wp","href":"https:\/\/api.w.org\/{rel}","templated":true}]}}