{"id":4743,"date":"2023-12-15T10:29:32","date_gmt":"2023-12-15T08:29:32","guid":{"rendered":"https:\/\/ownpowr.com\/?post_type=product&#038;p=4743"},"modified":"2024-10-16T15:41:35","modified_gmt":"2024-10-16T13:41:35","slug":"deye-gb-sl-12k-hybrid-inverter-and-12-24-kwh-gb-lm4-0-battery-module","status":"publish","type":"product","link":"https:\/\/ownpowr.com\/fr\/product\/onduleur-hybride-deye-gb-sl-12k-et-module-de-batterie-gb-lm4-0-de-12-24-kwh\/","title":{"rendered":"Deye GB-SL 12K onduleur hybride et module de batterie GB-LM4.0 de 12,24 kWh"},"content":{"rendered":"<p>L'onduleur hybride Deye GB-SL 12K et le module de batterie 12,24 GB-LM4.0 sont des ensembles tout-en-un.<\/p>\n<p>Le set contient :<br \/>\n1 x GB-S12K<br \/>\n3 x GB-LM4.0<br \/>\n1 x GB-LB<br \/>\n1 x GB-LBase<\/p>\n<p>GB-SL(HV)<br \/>\nTOUT EN UN<br \/>\nConception int\u00e9gr\u00e9e, belle apparence et int\u00e9gration dans la sc\u00e8ne<br \/>\nSortie maximale :100% sortie asym\u00e9trique, chaque phase ; Sortie maximale jusqu'\u00e0 50% puissance nominale<br \/>\nConnexion maximale :Max. 10pcs en parall\u00e8le pour le fonctionnement sur r\u00e9seau et hors r\u00e9seau<br \/>\nPlus de soutien : Soutien au stockage de l'\u00e9nergie du g\u00e9n\u00e9rateur diesel<br \/>\nPile haute tension : Les modules sont connect\u00e9s en s\u00e9rie sans connexion par c\u00e2ble, et la plate-forme haute tension am\u00e9liore l'efficacit\u00e9 du syst\u00e8me.<br \/>\nGestion thermique : D\u00e9tection de la temp\u00e9rature des pi\u00e8ces cl\u00e9s, de la cellule, de la prise d'alimentation, etc.<br \/>\nFonctionnement \u00e0 temp\u00e9rature \u00e9tendue : La fonction de chauffage est optionnelle pour r\u00e9pondre aux sc\u00e9narios d'application \u00e0 basse temp\u00e9rature et sans sens.<\/p>\n<p><a href=\"https:\/\/ownpowr.com\/wp-content\/uploads\/2023\/11\/datasheet-gb-sl-eu.pdf\" target=\"_blank\" rel=\"noopener\">Fiche technique GB-SL-EU<\/a><\/p>","protected":false},"excerpt":{"rendered":"<p>L'onduleur hybride Deye GB-SL 12K et le module de batterie 12,24 GB-LM4.0 sont des ensembles tout-en-un. Le kit contient : 1 x GB-S12K 3 x GB-LM4.0 1 x GB-LB 1 x [...]<\/p>","protected":false},"featured_media":4748,"template":"","meta":{"_seopress_robots_primary_cat":"none","_seopress_titles_title":"Explore Deye GB-SL 12K Hybrid Inverter and 12.24 kWh GB-LM4.0 Battery Module Set","_seopress_titles_desc":"Explore our all-in-one Deye GB-SL 12K hybrid inverter and 12.24 GB-LM4.0 battery module, boasting 100% unbalanced output and an efficient high voltage stack. Enhance your on-grid and off-grid operations today.","_seopress_robots_index":"","_kad_blocks_custom_css":"","_kad_blocks_head_custom_js":"","_kad_blocks_body_custom_js":"","_kad_blocks_footer_custom_js":""},"product_cat":[17,19],"product_tag":[],"class_list":{"0":"post-4743","1":"product","2":"type-product","3":"status-publish","4":"has-post-thumbnail","6":"product_cat-home-batteries","7":"product_cat-sets-with-inverters","9":"first","10":"instock","11":"taxable","12":"shipping-taxable","13":"purchasable","14":"product-type-simple"},"taxonomy_info":{"product_cat":[{"value":17,"label":"Home batteries"},{"value":19,"label":"Sets with inverters"}]},"featured_image_src_large":["https:\/\/ownpowr.com\/wp-content\/uploads\/2023\/11\/image-2-1.png",300,300,false],"author_info":[],"comment_info":"","_links":{"self":[{"href":"https:\/\/ownpowr.com\/fr\/wp-json\/wp\/v2\/product\/4743","targetHints":{"allow":["GET"]}}],"collection":[{"href":"https:\/\/ownpowr.com\/fr\/wp-json\/wp\/v2\/product"}],"about":[{"href":"https:\/\/ownpowr.com\/fr\/wp-json\/wp\/v2\/types\/product"}],"wp:featuredmedia":[{"embeddable":true,"href":"https:\/\/ownpowr.com\/fr\/wp-json\/wp\/v2\/media\/4748"}],"wp:attachment":[{"href":"https:\/\/ownpowr.com\/fr\/wp-json\/wp\/v2\/media?parent=4743"}],"wp:term":[{"taxonomy":"product_cat","embeddable":true,"href":"https:\/\/ownpowr.com\/fr\/wp-json\/wp\/v2\/product_cat?post=4743"},{"taxonomy":"product_tag","embeddable":true,"href":"https:\/\/ownpowr.com\/fr\/wp-json\/wp\/v2\/product_tag?post=4743"}],"curies":[{"name":"wp","href":"https:\/\/api.w.org\/{rel}","templated":true}]}}